{"id":7,"date":"2022-03-08T11:38:39","date_gmt":"2022-03-08T14:38:39","guid":{"rendered":"https:\/\/comissoes.uepb.edu.br\/heteroidentificacao\/?page_id=7"},"modified":"2022-10-19T15:40:17","modified_gmt":"2022-10-19T18:40:17","slug":"home","status":"publish","type":"page","link":"https:\/\/comissoes.uepb.edu.br\/heteroidentificacao\/","title":{"rendered":"Home"},"content":{"rendered":"<div class=\"wpb-content-wrapper\"><p>[vc_row gap=&#8221;30&#8243; equal_height=&#8221;yes&#8221;][vc_column width=&#8221;2\/3&#8243; el_class=&#8221;conf-azul&#8221; css=&#8221;.vc_custom_1646750698816{padding-bottom: 20px !important;}&#8221;][vc_text_separator title=&#8221;Quem Somos&#8221; i_icon_fontawesome=&#8221;fas fa-info-circle&#8221; i_color=&#8221;custom&#8221; title_align=&#8221;separator_align_left&#8221; add_icon=&#8221;true&#8221; i_custom_color=&#8221;#2d95bf&#8221;][vc_column_text]A Comiss\u00e3o de Heteroidentifica\u00e7\u00e3o \u00e9 mista e composta por professores\/as e t\u00e9cnicos administrativos da UEPB. Foi regulamentada atrav\u00e9s da RESOLU\u00c7\u00c3O\/UEPB\/CONSEPE\/004\/2022 e institu\u00edda pela Portaria N\u00ba 0029\/2022 com a compet\u00eancia de acompanhar a aplica\u00e7\u00e3o das pol\u00edticas afirmativas em todos os campi da UEPB, atrav\u00e9s dos mecanismos de aferi\u00e7\u00e3o da autodeclara\u00e7\u00e3o, conforme o Art. 8\u00ba da Resolu\u00e7\u00e3o.[\/vc_column_text][\/vc_column][vc_column width=&#8221;1\/3&#8243; el_class=&#8221;conf-azul&#8221; css=&#8221;.vc_custom_1646750704639{padding-bottom: 20px !important;}&#8221;][vc_text_separator title=&#8221;Contato&#8221; i_icon_fontawesome=&#8221;fas fa-address-card&#8221; i_color=&#8221;custom&#8221; title_align=&#8221;separator_align_left&#8221; add_icon=&#8221;true&#8221; i_custom_color=&#8221;#2d95bf&#8221;][vc_column_text]comissaoheteroidentificacao@setor.uepb.edu.br[\/vc_column_text][\/vc_column][\/vc_row]<\/p>\n<\/div>","protected":false},"excerpt":{"rendered":"<p>[vc_row gap=&#8221;30&#8243; equal_height=&#8221;yes&#8221;][vc_column width=&#8221;2\/3&#8243; el_class=&#8221;conf-azul&#8221; css=&#8221;.vc_custom_1646750698816{padding-bottom: 20px !important;}&#8221;][vc_text_separator title=&#8221;Quem Somos&#8221; i_icon_fontawesome=&#8221;fas fa-info-circle&#8221; i_color=&#8221;custom&#8221; title_align=&#8221;separator_align_left&#8221; add_icon=&#8221;true&#8221; i_custom_color=&#8221;#2d95bf&#8221;][vc_column_text]A Comiss\u00e3o de Heteroidentifica\u00e7\u00e3o \u00e9 mista e composta por professores\/as e t\u00e9cnicos administrativos da UEPB. Foi regulamentada atrav\u00e9s da RESOLU\u00c7\u00c3O\/UEPB\/CONSEPE\/004\/2022 e institu\u00edda pela Portaria N\u00ba 0029\/2022 com a compet\u00eancia de acompanhar a aplica\u00e7\u00e3o das pol\u00edticas afirmativas em todos os campi <a class=\"leiamais\" href=\"https:\/\/comissoes.uepb.edu.br\/heteroidentificacao\/\">Leia Mais&#8230;<\/a><\/p>\n","protected":false},"author":9,"featured_media":0,"parent":0,"menu_order":0,"comment_status":"closed","ping_status":"closed","template":"","meta":{"_acf_changed":false,"footnotes":""},"class_list":["post-7","page","type-page","status-publish","hentry"],"acf":[],"_links":{"self":[{"href":"https:\/\/comissoes.uepb.edu.br\/heteroidentificacao\/wp-json\/wp\/v2\/pages\/7","targetHints":{"allow":["GET"]}}],"collection":[{"href":"https:\/\/comissoes.uepb.edu.br\/heteroidentificacao\/wp-json\/wp\/v2\/pages"}],"about":[{"href":"https:\/\/comissoes.uepb.edu.br\/heteroidentificacao\/wp-json\/wp\/v2\/types\/page"}],"author":[{"embeddable":true,"href":"https:\/\/comissoes.uepb.edu.br\/heteroidentificacao\/wp-json\/wp\/v2\/users\/9"}],"replies":[{"embeddable":true,"href":"https:\/\/comissoes.uepb.edu.br\/heteroidentificacao\/wp-json\/wp\/v2\/comments?post=7"}],"version-history":[{"count":11,"href":"https:\/\/comissoes.uepb.edu.br\/heteroidentificacao\/wp-json\/wp\/v2\/pages\/7\/revisions"}],"predecessor-version":[{"id":61,"href":"https:\/\/comissoes.uepb.edu.br\/heteroidentificacao\/wp-json\/wp\/v2\/pages\/7\/revisions\/61"}],"wp:attachment":[{"href":"https:\/\/comissoes.uepb.edu.br\/heteroidentificacao\/wp-json\/wp\/v2\/media?parent=7"}],"curies":[{"name":"wp","href":"https:\/\/api.w.org\/{rel}","templated":true}]}}