{"id":38,"date":"2022-03-09T11:10:45","date_gmt":"2022-03-09T14:10:45","guid":{"rendered":"https:\/\/comissoes.uepb.edu.br\/heteroidentificacao\/?page_id=38"},"modified":"2022-03-10T13:40:25","modified_gmt":"2022-03-10T16:40:25","slug":"documentos","status":"publish","type":"page","link":"https:\/\/comissoes.uepb.edu.br\/heteroidentificacao\/documentos\/","title":{"rendered":"Documentos"},"content":{"rendered":"<div class=\"wpb-content-wrapper\"><p>[vc_row el_class=&#8221;conf-azul&#8221; css=&#8221;.vc_custom_1646835305303{margin-bottom: 60px !important;padding-bottom: 20px !important;}&#8221;][vc_column][vc_text_separator title=&#8221;Comiss\u00e3o de Heteroidentifica\u00e7\u00e3o&#8221; i_icon_fontawesome=&#8221;fas fa-folder-open&#8221; i_color=&#8221;custom&#8221; title_align=&#8221;separator_align_left&#8221; add_icon=&#8221;true&#8221; i_custom_color=&#8221;#2d95bf&#8221;][vc_column_text]<div class='w3eden'>\n    <div class=''>\n\n        \n        <div id=\"content_wpdm_package_1\">\n            <div class='row'><div class='col-lg-12 col-md-12 col-12'><!-- WPDM Link Template: Default Template -->\n\n<div class=\"link-template-default card mb-2\">\n    <div class=\"card-body\">\n        <div class=\"media\">\n            <div class=\"mr-3 img-48\"><img decoding=\"async\" class=\"wpdm_icon\" alt=\"\u00cdcone\" src=\"https:\/\/comissoes.uepb.edu.br\/heteroidentificacao\/wp-content\/plugins\/download-manager\/assets\/file-type-icons\/pdf.svg\" \/><\/div>\n            <div class=\"media-body\">\n                <h3 class=\"package-title\"><a href='https:\/\/comissoes.uepb.edu.br\/heteroidentificacao\/download\/resolucao-uepb-consepe-002-2023\/'>RESOLU\u00c7\u00c3O UEPB CONSEPE 002\/2023<\/a><\/h3>\n                <div class=\"text-muted text-small\"><i class=\"fas fa-copy\"><\/i> 1 file(s) <i class=\"fas fa-hdd ml-3\"><\/i> 230.40 KB<\/div>\n            <\/div>\n            <div class=\"ml-3\">\n                <a class='wpdm-download-link download-on-click btn btn-primary ' rel='nofollow' href='#' data-downloadurl=\"https:\/\/comissoes.uepb.edu.br\/heteroidentificacao\/download\/resolucao-uepb-consepe-002-2023\/?wpdmdl=60&refresh=69e34ef2307791776504562\">Download<\/a>\n            <\/div>\n        <\/div>\n    <\/div>\n<\/div>\n\n<\/div><div class='col-lg-12 col-md-12 col-12'><!-- WPDM Link Template: Default Template -->\n\n<div class=\"link-template-default card mb-2\">\n    <div class=\"card-body\">\n        <div class=\"media\">\n            <div class=\"mr-3 img-48\"><img decoding=\"async\" class=\"wpdm_icon\" alt=\"\u00cdcone\" src=\"https:\/\/comissoes.uepb.edu.br\/heteroidentificacao\/wp-content\/plugins\/download-manager\/assets\/file-type-icons\/pdf.svg\" \/><\/div>\n            <div class=\"media-body\">\n                <h3 class=\"package-title\"><a href='https:\/\/comissoes.uepb.edu.br\/heteroidentificacao\/download\/memorando-circular-no-001-2022-comissao-de-heteroidentificacao-da-universidade-estadual-da-paraiba\/'>Memorando Circular n\u00ba 001\/2022\/Comiss\u00e3o de Heteroidentifica\u00e7\u00e3o da Universidade Estadual da Para\u00edba<\/a><\/h3>\n                <div class=\"text-muted text-small\"><i class=\"fas fa-copy\"><\/i> 1 file(s) <i class=\"fas fa-hdd ml-3\"><\/i> 32.04 KB<\/div>\n            <\/div>\n            <div class=\"ml-3\">\n                <a class='wpdm-download-link download-on-click btn btn-primary ' rel='nofollow' href='#' data-downloadurl=\"https:\/\/comissoes.uepb.edu.br\/heteroidentificacao\/download\/memorando-circular-no-001-2022-comissao-de-heteroidentificacao-da-universidade-estadual-da-paraiba\/?wpdmdl=53&refresh=69e34ef231b081776504562\">Download<\/a>\n            <\/div>\n        <\/div>\n    <\/div>\n<\/div>\n\n<\/div><div class='col-lg-12 col-md-12 col-12'><!-- WPDM Link Template: Default Template -->\n\n<div class=\"link-template-default card mb-2\">\n    <div class=\"card-body\">\n        <div class=\"media\">\n            <div class=\"mr-3 img-48\"><img decoding=\"async\" class=\"wpdm_icon\" alt=\"\u00cdcone\" src=\"https:\/\/comissoes.uepb.edu.br\/heteroidentificacao\/wp-content\/plugins\/download-manager\/assets\/file-type-icons\/pdf.svg\" \/><\/div>\n            <div class=\"media-body\">\n                <h3 class=\"package-title\"><a href='https:\/\/comissoes.uepb.edu.br\/heteroidentificacao\/download\/resolucao-consepe-004-2022-revoga-a-resolucao-que-regulamenta-e-institui-a-comissao-e-os-procedimentos-de-heteroidentificacao-na-uepb-e-da-outras-providencias\/'>RESOLU\u00c7\u00c3O-CONSEPE-004-2022-Revoga a resolu\u00e7\u00e3o que regulamenta e institui a Comiss\u00e3o e os procedimentos de heteroidentifica\u00e7\u00e3o na UEPB e d\u00e1 outras provid\u00eancias<\/a><\/h3>\n                <div class=\"text-muted text-small\"><i class=\"fas fa-copy\"><\/i> 1 file(s) <i class=\"fas fa-hdd ml-3\"><\/i> 269.19 KB<\/div>\n            <\/div>\n            <div class=\"ml-3\">\n                <a class='wpdm-download-link download-on-click btn btn-primary ' rel='nofollow' href='#' data-downloadurl=\"https:\/\/comissoes.uepb.edu.br\/heteroidentificacao\/download\/resolucao-consepe-004-2022-revoga-a-resolucao-que-regulamenta-e-institui-a-comissao-e-os-procedimentos-de-heteroidentificacao-na-uepb-e-da-outras-providencias\/?wpdmdl=37&refresh=69e34ef2326aa1776504562\">Download<\/a>\n            <\/div>\n        <\/div>\n    <\/div>\n<\/div>\n\n<\/div><\/div>            <div style='clear:both'><\/div><div class='text-center'><ul class='pagination wpdm-pagination pagination-centered text-center'><\/ul><\/div><div style='clear:both'><\/div>        <\/div>\n\n        <div style='clear:both'><\/div>\n    <\/div>\n<\/div>\n[\/vc_column_text][\/vc_column][\/vc_row]<\/p>\n<\/div>","protected":false},"excerpt":{"rendered":"<p>[vc_row el_class=&#8221;conf-azul&#8221; css=&#8221;.vc_custom_1646835305303{margin-bottom: 60px !important;padding-bottom: 20px !important;}&#8221;][vc_column][vc_text_separator title=&#8221;Comiss\u00e3o de Heteroidentifica\u00e7\u00e3o&#8221; i_icon_fontawesome=&#8221;fas fa-folder-open&#8221; i_color=&#8221;custom&#8221; title_align=&#8221;separator_align_left&#8221; add_icon=&#8221;true&#8221; i_custom_color=&#8221;#2d95bf&#8221;][vc_column_text][\/vc_column_text][\/vc_column][\/vc_row]<\/p>\n","protected":false},"author":9,"featured_media":0,"parent":0,"menu_order":0,"comment_status":"closed","ping_status":"closed","template":"page-sem-espacamento.php","meta":{"_acf_changed":false,"footnotes":""},"class_list":["post-38","page","type-page","status-publish","hentry"],"acf":[],"_links":{"self":[{"href":"https:\/\/comissoes.uepb.edu.br\/heteroidentificacao\/wp-json\/wp\/v2\/pages\/38","targetHints":{"allow":["GET"]}}],"collection":[{"href":"https:\/\/comissoes.uepb.edu.br\/heteroidentificacao\/wp-json\/wp\/v2\/pages"}],"about":[{"href":"https:\/\/comissoes.uepb.edu.br\/heteroidentificacao\/wp-json\/wp\/v2\/types\/page"}],"author":[{"embeddable":true,"href":"https:\/\/comissoes.uepb.edu.br\/heteroidentificacao\/wp-json\/wp\/v2\/users\/9"}],"replies":[{"embeddable":true,"href":"https:\/\/comissoes.uepb.edu.br\/heteroidentificacao\/wp-json\/wp\/v2\/comments?post=38"}],"version-history":[{"count":4,"href":"https:\/\/comissoes.uepb.edu.br\/heteroidentificacao\/wp-json\/wp\/v2\/pages\/38\/revisions"}],"predecessor-version":[{"id":47,"href":"https:\/\/comissoes.uepb.edu.br\/heteroidentificacao\/wp-json\/wp\/v2\/pages\/38\/revisions\/47"}],"wp:attachment":[{"href":"https:\/\/comissoes.uepb.edu.br\/heteroidentificacao\/wp-json\/wp\/v2\/media?parent=38"}],"curies":[{"name":"wp","href":"https:\/\/api.w.org\/{rel}","templated":true}]}}