{"id":30,"date":"2022-03-08T19:49:21","date_gmt":"2022-03-08T22:49:21","guid":{"rendered":"https:\/\/comissoes.uepb.edu.br\/heteroidentificacao\/?page_id=30"},"modified":"2025-09-17T14:20:20","modified_gmt":"2025-09-17T17:20:20","slug":"equipe","status":"publish","type":"page","link":"https:\/\/comissoes.uepb.edu.br\/heteroidentificacao\/equipe\/","title":{"rendered":"Equipe"},"content":{"rendered":"<div class=\"wpb-content-wrapper\"><p>[vc_row el_class=&#8221;conf-azul&#8221; css=&#8221;.vc_custom_1646779984315{margin-bottom: 60px !important;}&#8221;][vc_column][vc_text_separator title=&#8221;Equipe que comp\u00f5e a comiss\u00e3o de Heteroidentifica\u00e7\u00e3o&#8221; i_icon_fontawesome=&#8221;fas fa-users&#8221; i_color=&#8221;custom&#8221; title_align=&#8221;separator_align_left&#8221; add_icon=&#8221;true&#8221; i_custom_color=&#8221;#2d95bf&#8221;][vc_row_inner][vc_column_inner width=&#8221;1\/3&#8243;][vc_text_separator title=&#8221;Presidente&#8221; title_align=&#8221;separator_align_left&#8221; el_width=&#8221;70&#8243;][vc_column_text css=&#8221;&#8221;]<strong>Prof. Me. Adeilson da Silva Tavares<\/strong><br \/>\nUEPB &#8211; Campus VI &#8211; Monteiro[\/vc_column_text][\/vc_column_inner][vc_column_inner width=&#8221;1\/3&#8243; css=&#8221;.vc_custom_1646779990254{padding-bottom: 20px !important;}&#8221;][vc_text_separator title=&#8221;Titulares&#8221; title_align=&#8221;separator_align_left&#8221; el_width=&#8221;70&#8243; css=&#8221;&#8221;][vc_column_text css=&#8221;&#8221;]<strong>Shirleyde Alves dos Santos<\/strong><br \/>\nUEPB \u2013 Campus II &#8211; Lagoa Seca<\/p>\n<p><strong>Priscilla Larissa Palmeira Tomaz Batista<\/strong><br \/>\nUEPB \u2013 Campus I &#8211; Campina Grande<\/p>\n<p><strong>Marcos Vinicius Santos de Sant\u2019Ana Feitoza<\/strong><br \/>\nUEPB \u2013 Campus III &#8211; Guarabira[\/vc_column_text][\/vc_column_inner][vc_column_inner width=&#8221;1\/3&#8243;][vc_text_separator title=&#8221;Suplentes&#8221; title_align=&#8221;separator_align_left&#8221; el_width=&#8221;70&#8243; css=&#8221;&#8221;][vc_column_text css=&#8221;&#8221;]<strong>Gabriel Lopes Dantas<\/strong><br \/>\nUEPB \u2013 Campus I &#8211; Campina Grande[\/vc_column_text][\/vc_column_inner][\/vc_row_inner][\/vc_column][\/vc_row]<\/p>\n<\/div>","protected":false},"excerpt":{"rendered":"<p>[vc_row el_class=&#8221;conf-azul&#8221; css=&#8221;.vc_custom_1646779984315{margin-bottom: 60px !important;}&#8221;][vc_column][vc_text_separator title=&#8221;Equipe que comp\u00f5e a comiss\u00e3o de Heteroidentifica\u00e7\u00e3o&#8221; i_icon_fontawesome=&#8221;fas fa-users&#8221; i_color=&#8221;custom&#8221; title_align=&#8221;separator_align_left&#8221; add_icon=&#8221;true&#8221; i_custom_color=&#8221;#2d95bf&#8221;][vc_row_inner][vc_column_inner width=&#8221;1\/3&#8243;][vc_text_separator title=&#8221;Presidente&#8221; title_align=&#8221;separator_align_left&#8221; el_width=&#8221;70&#8243;][vc_column_text css=&#8221;&#8221;]Prof. Me. Adeilson da Silva Tavares UEPB &#8211; Campus VI &#8211; Monteiro[\/vc_column_text][\/vc_column_inner][vc_column_inner width=&#8221;1\/3&#8243; css=&#8221;.vc_custom_1646779990254{padding-bottom: 20px !important;}&#8221;][vc_text_separator title=&#8221;Titulares&#8221; title_align=&#8221;separator_align_left&#8221; el_width=&#8221;70&#8243; css=&#8221;&#8221;][vc_column_text css=&#8221;&#8221;]Shirleyde Alves dos Santos UEPB \u2013 Campus II &#8211; Lagoa Seca Priscilla Larissa <a class=\"leiamais\" href=\"https:\/\/comissoes.uepb.edu.br\/heteroidentificacao\/equipe\/\">Leia Mais&#8230;<\/a><\/p>\n","protected":false},"author":9,"featured_media":0,"parent":0,"menu_order":0,"comment_status":"closed","ping_status":"closed","template":"page-sem-espacamento.php","meta":{"_acf_changed":false,"footnotes":""},"class_list":["post-30","page","type-page","status-publish","hentry"],"acf":[],"_links":{"self":[{"href":"https:\/\/comissoes.uepb.edu.br\/heteroidentificacao\/wp-json\/wp\/v2\/pages\/30","targetHints":{"allow":["GET"]}}],"collection":[{"href":"https:\/\/comissoes.uepb.edu.br\/heteroidentificacao\/wp-json\/wp\/v2\/pages"}],"about":[{"href":"https:\/\/comissoes.uepb.edu.br\/heteroidentificacao\/wp-json\/wp\/v2\/types\/page"}],"author":[{"embeddable":true,"href":"https:\/\/comissoes.uepb.edu.br\/heteroidentificacao\/wp-json\/wp\/v2\/users\/9"}],"replies":[{"embeddable":true,"href":"https:\/\/comissoes.uepb.edu.br\/heteroidentificacao\/wp-json\/wp\/v2\/comments?post=30"}],"version-history":[{"count":16,"href":"https:\/\/comissoes.uepb.edu.br\/heteroidentificacao\/wp-json\/wp\/v2\/pages\/30\/revisions"}],"predecessor-version":[{"id":78,"href":"https:\/\/comissoes.uepb.edu.br\/heteroidentificacao\/wp-json\/wp\/v2\/pages\/30\/revisions\/78"}],"wp:attachment":[{"href":"https:\/\/comissoes.uepb.edu.br\/heteroidentificacao\/wp-json\/wp\/v2\/media?parent=30"}],"curies":[{"name":"wp","href":"https:\/\/api.w.org\/{rel}","templated":true}]}}