{"id":724,"date":"2024-07-12T10:52:31","date_gmt":"2024-07-12T13:52:31","guid":{"rendered":"https:\/\/comissoes.uepb.edu.br\/cppta\/?page_id=724"},"modified":"2024-07-12T10:52:52","modified_gmt":"2024-07-12T13:52:52","slug":"documentos","status":"publish","type":"page","link":"https:\/\/comissoes.uepb.edu.br\/cppta\/documentos\/","title":{"rendered":"Documentos"},"content":{"rendered":"<div class='w3eden'>\n    <div class=''>\n\n        \n        <div id=\"content_wpdm_package_1\">\n            <div class='row'><div class='col-lg-12 col-md-6 col-12'><!-- WPDM Link Template: Default Template -->\n\n<div class=\"link-template-default card mb-2\">\n    <div class=\"card-body\">\n        <div class=\"media\">\n            <div class=\"mr-3 img-48\"><img decoding=\"async\" class=\"wpdm_icon\" alt=\"\u00cdcone\" src=\"https:\/\/comissoes.uepb.edu.br\/cppta\/wp-content\/plugins\/download-manager\/assets\/file-type-icons\/pdf.svg\" \/><\/div>\n            <div class=\"media-body\">\n                <h3 class=\"package-title\"><a href='https:\/\/comissoes.uepb.edu.br\/cppta\/download\/termo-de-compromisso-2\/'>Termo de Compromisso<\/a><\/h3>\n                <div class=\"text-muted text-small\"><i class=\"fas fa-copy\"><\/i> 1 file(s) <i class=\"fas fa-hdd ml-3\"><\/i> 150.73 KB<\/div>\n            <\/div>\n            <div class=\"ml-3\">\n                <a class='wpdm-download-link download-on-click btn btn-primary ' rel='nofollow' href='#' data-downloadurl=\"https:\/\/comissoes.uepb.edu.br\/cppta\/download\/termo-de-compromisso-2\/?wpdmdl=719&refresh=6a06f4c5936131778840773\">Download<\/a>\n            <\/div>\n        <\/div>\n    <\/div>\n<\/div>\n\n<\/div><div class='col-lg-12 col-md-6 col-12'><!-- WPDM Link Template: Default Template -->\n\n<div class=\"link-template-default card mb-2\">\n    <div class=\"card-body\">\n        <div class=\"media\">\n            <div class=\"mr-3 img-48\"><img decoding=\"async\" class=\"wpdm_icon\" alt=\"\u00cdcone\" src=\"https:\/\/comissoes.uepb.edu.br\/cppta\/wp-content\/plugins\/download-manager\/assets\/file-type-icons\/pdf.svg\" \/><\/div>\n            <div class=\"media-body\">\n                <h3 class=\"package-title\"><a href='https:\/\/comissoes.uepb.edu.br\/cppta\/download\/021-2010-regulamenta-o-processo-de-avaliacao-de-desempenho-pad-1\/'>021-2010  REGULAMENTA O PROCESSO DE AVALIA\u00c7\u00c3O DE DESEMPENHO - PAD 1<\/a><\/h3>\n                <div class=\"text-muted text-small\"><i class=\"fas fa-copy\"><\/i> 1 file(s) <i class=\"fas fa-hdd ml-3\"><\/i> 0<\/div>\n            <\/div>\n            <div class=\"ml-3\">\n                <a class='wpdm-download-link download-on-click btn btn-primary ' rel='nofollow' href='#' data-downloadurl=\"https:\/\/comissoes.uepb.edu.br\/cppta\/download\/021-2010-regulamenta-o-processo-de-avaliacao-de-desempenho-pad-1\/?wpdmdl=709&refresh=6a06f4c62867c1778840774\">Download<\/a>\n            <\/div>\n        <\/div>\n    <\/div>\n<\/div>\n\n<\/div><div class='col-lg-12 col-md-6 col-12'><!-- WPDM Link Template: Default Template -->\n\n<div class=\"link-template-default card mb-2\">\n    <div class=\"card-body\">\n        <div class=\"media\">\n            <div class=\"mr-3 img-48\"><img decoding=\"async\" class=\"wpdm_icon\" alt=\"\u00cdcone\" src=\"https:\/\/comissoes.uepb.edu.br\/cppta\/wp-content\/plugins\/download-manager\/assets\/file-type-icons\/pdf.svg\" \/><\/div>\n            <div class=\"media-body\">\n                <h3 class=\"package-title\"><a href='https:\/\/comissoes.uepb.edu.br\/cppta\/download\/lei-no-9240\/'>LEI-N\u00ba-9240<\/a><\/h3>\n                <div class=\"text-muted text-small\"><i class=\"fas fa-copy\"><\/i> 1 file(s) <i class=\"fas fa-hdd ml-3\"><\/i> 0<\/div>\n            <\/div>\n            <div class=\"ml-3\">\n                <a class='wpdm-download-link download-on-click btn btn-primary ' rel='nofollow' href='#' data-downloadurl=\"https:\/\/comissoes.uepb.edu.br\/cppta\/download\/lei-no-9240\/?wpdmdl=710&refresh=6a06f4c68b2311778840774\">Download<\/a>\n            <\/div>\n        <\/div>\n    <\/div>\n<\/div>\n\n<\/div><div class='col-lg-12 col-md-6 col-12'><!-- WPDM Link Template: Default Template -->\n\n<div class=\"link-template-default card mb-2\">\n    <div class=\"card-body\">\n        <div class=\"media\">\n            <div class=\"mr-3 img-48\"><img decoding=\"async\" class=\"wpdm_icon\" alt=\"\u00cdcone\" src=\"https:\/\/comissoes.uepb.edu.br\/cppta\/wp-content\/plugins\/download-manager\/assets\/file-type-icons\/pdf.svg\" \/><\/div>\n            <div class=\"media-body\">\n                <h3 class=\"package-title\"><a href='https:\/\/comissoes.uepb.edu.br\/cppta\/download\/022-2010-regulamenta-o-processo-de-avaliacao-do-estagio-probatorio-1\/'>022-2010 REGULAMENTA O PROCESSO DE AVALIA\u00c7\u00c3O DO EST\u00c1GIO PROBAT\u00d3RIO 1<\/a><\/h3>\n                <div class=\"text-muted text-small\"><i class=\"fas fa-copy\"><\/i> 1 file(s) <i class=\"fas fa-hdd ml-3\"><\/i> 0<\/div>\n            <\/div>\n            <div class=\"ml-3\">\n                <a class='wpdm-download-link download-on-click btn btn-primary ' rel='nofollow' href='#' data-downloadurl=\"https:\/\/comissoes.uepb.edu.br\/cppta\/download\/022-2010-regulamenta-o-processo-de-avaliacao-do-estagio-probatorio-1\/?wpdmdl=711&refresh=6a06f4c6ed7331778840774\">Download<\/a>\n            <\/div>\n        <\/div>\n    <\/div>\n<\/div>\n\n<\/div><div class='col-lg-12 col-md-6 col-12'><!-- WPDM Link Template: Default Template -->\n\n<div class=\"link-template-default card mb-2\">\n    <div class=\"card-body\">\n        <div class=\"media\">\n            <div class=\"mr-3 img-48\"><img decoding=\"async\" class=\"wpdm_icon\" alt=\"\u00cdcone\" src=\"https:\/\/comissoes.uepb.edu.br\/cppta\/wp-content\/plugins\/download-manager\/assets\/file-type-icons\/pdf.svg\" \/><\/div>\n            <div class=\"media-body\">\n                <h3 class=\"package-title\"><a href='https:\/\/comissoes.uepb.edu.br\/cppta\/download\/lei-no-8700\/'>LEI-N\u00ba-8700<\/a><\/h3>\n                <div class=\"text-muted text-small\"><i class=\"fas fa-copy\"><\/i> 1 file(s) <i class=\"fas fa-hdd ml-3\"><\/i> 0<\/div>\n            <\/div>\n            <div class=\"ml-3\">\n                <a class='wpdm-download-link download-on-click btn btn-primary ' rel='nofollow' href='#' data-downloadurl=\"https:\/\/comissoes.uepb.edu.br\/cppta\/download\/lei-no-8700\/?wpdmdl=712&refresh=6a06f4c75c94c1778840775\">Download<\/a>\n            <\/div>\n        <\/div>\n    <\/div>\n<\/div>\n\n<\/div><div class='col-lg-12 col-md-6 col-12'><!-- WPDM Link Template: Default Template -->\n\n<div class=\"link-template-default card mb-2\">\n    <div class=\"card-body\">\n        <div class=\"media\">\n            <div class=\"mr-3 img-48\"><img decoding=\"async\" class=\"wpdm_icon\" alt=\"\u00cdcone\" src=\"https:\/\/comissoes.uepb.edu.br\/cppta\/wp-content\/plugins\/download-manager\/assets\/file-type-icons\/pdf.svg\" \/><\/div>\n            <div class=\"media-body\">\n                <h3 class=\"package-title\"><a href='https:\/\/comissoes.uepb.edu.br\/cppta\/download\/035-2010-altera-os-anexos-das-resolucoes-pad-e-estagio-probatorio-dos-tecnico-administrativos\/'>035-2010 ALTERA OS ANEXOS DAS RESOLU\u00c7\u00d5ES PAD E EST\u00c1GIO PROBAT\u00d3RIO DOS T\u00c9CNICO ADMINISTRATIVOS<\/a><\/h3>\n                <div class=\"text-muted text-small\"><i class=\"fas fa-copy\"><\/i> 1 file(s) <i class=\"fas fa-hdd ml-3\"><\/i> 0<\/div>\n            <\/div>\n            <div class=\"ml-3\">\n                <a class='wpdm-download-link download-on-click btn btn-primary ' rel='nofollow' href='#' data-downloadurl=\"https:\/\/comissoes.uepb.edu.br\/cppta\/download\/035-2010-altera-os-anexos-das-resolucoes-pad-e-estagio-probatorio-dos-tecnico-administrativos\/?wpdmdl=713&refresh=6a06f4c7bf05d1778840775\">Download<\/a>\n            <\/div>\n        <\/div>\n    <\/div>\n<\/div>\n\n<\/div><div class='col-lg-12 col-md-6 col-12'><!-- WPDM Link Template: Default Template -->\n\n<div class=\"link-template-default card mb-2\">\n    <div class=\"card-body\">\n        <div class=\"media\">\n            <div class=\"mr-3 img-48\"><img decoding=\"async\" class=\"wpdm_icon\" alt=\"\u00cdcone\" src=\"https:\/\/comissoes.uepb.edu.br\/cppta\/wp-content\/plugins\/download-manager\/assets\/file-type-icons\/pdf.svg\" \/><\/div>\n            <div class=\"media-body\">\n                <h3 class=\"package-title\"><a href='https:\/\/comissoes.uepb.edu.br\/cppta\/download\/051-2010-resolucao-que-aprova-a-cpac-comissao-de-acumulacao-de-cargos-e-vencimentos\/'>051 - 2010 -  RESOLU\u00c7\u00c3O QUE APROVA A CPAC - COMISS\u00c3O DE ACUMULA\u00c7\u00c3O DE CARGOS E VENCIMENTOS<\/a><\/h3>\n                <div class=\"text-muted text-small\"><i class=\"fas fa-copy\"><\/i> 1 file(s) <i class=\"fas fa-hdd ml-3\"><\/i> 0<\/div>\n            <\/div>\n            <div class=\"ml-3\">\n                <a class='wpdm-download-link download-on-click btn btn-primary ' rel='nofollow' href='#' data-downloadurl=\"https:\/\/comissoes.uepb.edu.br\/cppta\/download\/051-2010-resolucao-que-aprova-a-cpac-comissao-de-acumulacao-de-cargos-e-vencimentos\/?wpdmdl=715&refresh=6a06f4c82e03a1778840776\">Download<\/a>\n            <\/div>\n        <\/div>\n    <\/div>\n<\/div>\n\n<\/div><div class='col-lg-12 col-md-6 col-12'><!-- WPDM Link Template: Default Template -->\n\n<div class=\"link-template-default card mb-2\">\n    <div class=\"card-body\">\n        <div class=\"media\">\n            <div class=\"mr-3 img-48\"><img decoding=\"async\" class=\"wpdm_icon\" alt=\"\u00cdcone\" src=\"https:\/\/comissoes.uepb.edu.br\/cppta\/wp-content\/plugins\/download-manager\/assets\/file-type-icons\/pdf.svg\" \/><\/div>\n            <div class=\"media-body\">\n                <h3 class=\"package-title\"><a href='https:\/\/comissoes.uepb.edu.br\/cppta\/download\/030-2010-resolucao-reformulacao-cppta-aprovada-consuni\/'>030-2010 - RESOLUCAO REFORMULACAO CPPTA APROVADA CONSUNI<\/a><\/h3>\n                <div class=\"text-muted text-small\"><i class=\"fas fa-copy\"><\/i> 1 file(s) <i class=\"fas fa-hdd ml-3\"><\/i> 0<\/div>\n            <\/div>\n            <div class=\"ml-3\">\n                <a class='wpdm-download-link download-on-click btn btn-primary ' rel='nofollow' href='#' data-downloadurl=\"https:\/\/comissoes.uepb.edu.br\/cppta\/download\/030-2010-resolucao-reformulacao-cppta-aprovada-consuni\/?wpdmdl=703&refresh=6a06f4c890a111778840776\">Download<\/a>\n            <\/div>\n        <\/div>\n    <\/div>\n<\/div>\n\n<\/div><div class='col-lg-12 col-md-6 col-12'><!-- WPDM Link Template: Default Template -->\n\n<div class=\"link-template-default card mb-2\">\n    <div class=\"card-body\">\n        <div class=\"media\">\n            <div class=\"mr-3 img-48\"><img decoding=\"async\" class=\"wpdm_icon\" alt=\"\u00cdcone\" src=\"https:\/\/comissoes.uepb.edu.br\/cppta\/wp-content\/plugins\/download-manager\/assets\/file-type-icons\/pdf.svg\" \/><\/div>\n            <div class=\"media-body\">\n                <h3 class=\"package-title\"><a href='https:\/\/comissoes.uepb.edu.br\/cppta\/download\/constituicao-estadual\/'>Constituicao Estadual<\/a><\/h3>\n                <div class=\"text-muted text-small\"><i class=\"fas fa-copy\"><\/i> 1 file(s) <i class=\"fas fa-hdd ml-3\"><\/i> 0<\/div>\n            <\/div>\n            <div class=\"ml-3\">\n                <a class='wpdm-download-link download-on-click btn btn-primary ' rel='nofollow' href='#' data-downloadurl=\"https:\/\/comissoes.uepb.edu.br\/cppta\/download\/constituicao-estadual\/?wpdmdl=706&refresh=6a06f4c901e991778840777\">Download<\/a>\n            <\/div>\n        <\/div>\n    <\/div>\n<\/div>\n\n<\/div><div class='col-lg-12 col-md-6 col-12'><!-- WPDM Link Template: Default Template -->\n\n<div class=\"link-template-default card mb-2\">\n    <div class=\"card-body\">\n        <div class=\"media\">\n            <div class=\"mr-3 img-48\"><img decoding=\"async\" class=\"wpdm_icon\" alt=\"\u00cdcone\" src=\"https:\/\/comissoes.uepb.edu.br\/cppta\/wp-content\/plugins\/download-manager\/assets\/file-type-icons\/pdf.svg\" \/><\/div>\n            <div class=\"media-body\">\n                <h3 class=\"package-title\"><a href='https:\/\/comissoes.uepb.edu.br\/cppta\/download\/estatuto-09-de-abril-de-2008-doe\/'>Estatuto 09 De Abril De 2008 - DOE<\/a><\/h3>\n                <div class=\"text-muted text-small\"><i class=\"fas fa-copy\"><\/i> 1 file(s) <i class=\"fas fa-hdd ml-3\"><\/i> 0<\/div>\n            <\/div>\n            <div class=\"ml-3\">\n                <a class='wpdm-download-link download-on-click btn btn-primary ' rel='nofollow' href='#' data-downloadurl=\"https:\/\/comissoes.uepb.edu.br\/cppta\/download\/estatuto-09-de-abril-de-2008-doe\/?wpdmdl=707&refresh=6a06f4c9645621778840777\">Download<\/a>\n            <\/div>\n        <\/div>\n    <\/div>\n<\/div>\n\n<\/div><\/div>            <div style='clear:both'><\/div><div class='text-center'><ul class='pagination wpdm-pagination pagination-centered text-center'><li><span aria-current=\"page\" class=\"page-numbers current\">1<\/span><\/li><li><a data-container='#content_wpdm_package_1' class=\"page-numbers\" href=\"https:\/\/comissoes.uepb.edu.br\/cppta\/wp-json\/wp\/v2\/pages\/724\/?cp=2\">2<\/a><\/li><li><a data-container='#content_wpdm_package_1' class=\"next page-numbers\" href=\"https:\/\/comissoes.uepb.edu.br\/cppta\/wp-json\/wp\/v2\/pages\/724\/?cp=2\"> <i style=\"display: inline-block;width: 8px;height: 8px;border-right: 2px solid;border-top: 2px solid;transform: rotate(45deg);margin-left: -2px;margin-top: -2px;\"><\/i> <\/a><\/li><\/ul><\/div><div style='clear:both'><\/div>        <\/div>\n\n        <div style='clear:both'><\/div>\n    <\/div>\n<\/div>\n\n","protected":false},"excerpt":{"rendered":"Termo de Compromisso 1 file(s) 150.73 KB Download 021-2010 REGULAMENTA O PROCESSO DE AVALIA\u00c7\u00c3O DE DESEMPENHO - PAD 1 1 file(s) 0 Download LEI-N\u00ba-9240 1 file(s) 0 Download 022-2010 REGULAMENTA O PROCESSO DE AVALIA\u00c7\u00c3O DO EST\u00c1GIO PROBAT\u00d3RIO 1 1 file(s) 0 Download LEI-N\u00ba-8700 1 file(s) 0 Download 035-2010 ALTERA OS ANEXOS DAS RESOLU\u00c7\u00d5ES PAD E <a class=\"leiamais\" href=\"https:\/\/comissoes.uepb.edu.br\/cppta\/documentos\/\">Leia Mais...<\/a>","protected":false},"author":9,"featured_media":0,"parent":0,"menu_order":0,"comment_status":"closed","ping_status":"closed","template":"","meta":{"_acf_changed":false,"footnotes":""},"class_list":["post-724","page","type-page","status-publish","hentry"],"acf":[],"jetpack_sharing_enabled":true,"jetpack_shortlink":"https:\/\/wp.me\/P7WTWV-bG","_links":{"self":[{"href":"https:\/\/comissoes.uepb.edu.br\/cppta\/wp-json\/wp\/v2\/pages\/724","targetHints":{"allow":["GET"]}}],"collection":[{"href":"https:\/\/comissoes.uepb.edu.br\/cppta\/wp-json\/wp\/v2\/pages"}],"about":[{"href":"https:\/\/comissoes.uepb.edu.br\/cppta\/wp-json\/wp\/v2\/types\/page"}],"author":[{"embeddable":true,"href":"https:\/\/comissoes.uepb.edu.br\/cppta\/wp-json\/wp\/v2\/users\/9"}],"replies":[{"embeddable":true,"href":"https:\/\/comissoes.uepb.edu.br\/cppta\/wp-json\/wp\/v2\/comments?post=724"}],"version-history":[{"count":2,"href":"https:\/\/comissoes.uepb.edu.br\/cppta\/wp-json\/wp\/v2\/pages\/724\/revisions"}],"predecessor-version":[{"id":727,"href":"https:\/\/comissoes.uepb.edu.br\/cppta\/wp-json\/wp\/v2\/pages\/724\/revisions\/727"}],"wp:attachment":[{"href":"https:\/\/comissoes.uepb.edu.br\/cppta\/wp-json\/wp\/v2\/media?parent=724"}],"curies":[{"name":"wp","href":"https:\/\/api.w.org\/{rel}","templated":true}]}}