{"id":696,"date":"2024-07-12T10:27:01","date_gmt":"2024-07-12T13:27:01","guid":{"rendered":"https:\/\/comissoes.uepb.edu.br\/cppta\/?page_id=696"},"modified":"2024-07-12T10:29:31","modified_gmt":"2024-07-12T13:29:31","slug":"pagina-inicial","status":"publish","type":"page","link":"https:\/\/comissoes.uepb.edu.br\/cppta\/","title":{"rendered":"P\u00e1gina Inicial"},"content":{"rendered":"<div class=\"wpb-content-wrapper\"><p>[vc_row gap=&#8221;30&#8243; css=&#8221;.vc_custom_1720790972141{margin-top: 30px !important;}&#8221;][vc_column width=&#8221;3\/4&#8243;][vc_text_separator title=&#8221;Not\u00edcias&#8221; i_icon_fontawesome=&#8221;fas fa-angle-double-right&#8221; i_color=&#8221;custom&#8221; title_align=&#8221;separator_align_left&#8221; css=&#8221;&#8221; add_icon=&#8221;true&#8221; i_custom_color=&#8221;#cc0000&#8243;]<div class=\"mdl-grid\"><div class=\"mdl-cell--6-col mdl-cell--6-col-tablet mdl-cell--12-col-phone bloco-noticias\"><div class=\"titulo-noticia-widget\"><a href=\"https:\/\/comissoes.uepb.edu.br\/cppta\/2026\/02\/24\/nova-gestao-da-cppta-2025-2027-inicia-atividades-e-passa-a-analisar-processos-dos-servidores-tecnico-administrativos\/\"><h3 class=\"titulo-destaque-noticia\">Nova gest\u00e3o da CPPTA (2025\u20132027) inicia atividades e passa a analisar processos dos servidores t\u00e9cnico-administrativos<\/h3><\/a><\/div><div class=\"titulo-noticia-widget\"><a href=\"https:\/\/comissoes.uepb.edu.br\/cppta\/2022\/09\/23\/progressao-por-capacitacao-quando-abrir-e-para-onde-enviar-o-processo\/\"><h3 class=\"titulo-destaque-noticia\">Progress\u00e3o por Capacita\u00e7\u00e3o: quando abrir e para onde enviar o processo?<\/h3><\/a><\/div><div class=\"titulo-noticia-widget\"><a href=\"https:\/\/comissoes.uepb.edu.br\/cppta\/2022\/09\/14\/comissao-do-pessoal-tecnico-administrativo-informa-sobre-exigencia-de-curso-para-progressao-por-capacitacao\/\"><h3 class=\"titulo-destaque-noticia\">Comiss\u00e3o do Pessoal T\u00e9cnico-administrativo informa sobre exig\u00eancia de curso para progress\u00e3o por capacita\u00e7\u00e3o<\/h3><\/a><\/div><div class=\"titulo-noticia-widget\"><a href=\"https:\/\/comissoes.uepb.edu.br\/cppta\/2022\/09\/14\/cppta-atualiza-a-lista-de-cursos-para-capacitacao\/\"><h3 class=\"titulo-destaque-noticia\">CPPTA atualiza a lista de cursos para capacita\u00e7\u00e3o<\/h3><\/a><\/div><div class=\"titulo-noticia-widget\"><a href=\"https:\/\/comissoes.uepb.edu.br\/cppta\/2022\/09\/14\/comissao-permanente-de-pessoal-tecnico-administrativo-tira-duvidas-sobre-solicitacao-de-progressao-por-capacitacao\/\"><h3 class=\"titulo-destaque-noticia\">Comiss\u00e3o Permanente de Pessoal T\u00e9cnico Administrativo tira d\u00favidas sobre solicita\u00e7\u00e3o de progress\u00e3o por capacita\u00e7\u00e3o<\/h3><\/a><\/div><\/div><div class=\"mdl-cell--6-col mdl-cell--6-col-tablet mdl-cell--12-col-phone bloco-noticias\"><div class=\"titulo-noticia-widget\"><a href=\"https:\/\/comissoes.uepb.edu.br\/cppta\/2016\/04\/12\/nova-gestao-da-cppta-toma-posse-e-inicia-analises-de-processos-dos-servidores-tecnicos-administrativos\/\"><h3 class=\"titulo-destaque-noticia\">Nova gest\u00e3o da CPPTA toma posse e inicia an\u00e1lises de processos dos servidores t\u00e9cnicos administrativos<\/h3><\/a><\/div><div class=\"titulo-noticia-widget\"><a href=\"https:\/\/comissoes.uepb.edu.br\/cppta\/2015\/12\/17\/comissao-eleitoral-divulga-resultado-da-eleicao-para-escolha-de-representantes-da-cppta\/\"><h3 class=\"titulo-destaque-noticia\">Comiss\u00e3o Eleitoral divulga resultado da elei\u00e7\u00e3o para escolha de representantes da CPPTA<\/h3><\/a><\/div><div class=\"titulo-noticia-widget\"><a href=\"https:\/\/comissoes.uepb.edu.br\/cppta\/2015\/12\/07\/comissao-eleitoral-do-processo-para-preenchimento-de-vagas-da-cppta-divulga-chapas-homologadas\/\"><h3 class=\"titulo-destaque-noticia\">Comiss\u00e3o Eleitoral do processo para preenchimento de vagas da CPPTA divulga chapas homologadas<\/h3><\/a><\/div><div class=\"titulo-noticia-widget\"><a href=\"https:\/\/comissoes.uepb.edu.br\/cppta\/2015\/12\/02\/abertas-inscricoes-de-chapas-para-eleicao-da-comissao-permanente-do-pessoal-tecnico-administrativo-da-uepb\/\"><h3 class=\"titulo-destaque-noticia\">Abertas inscri\u00e7\u00f5es de chapas para elei\u00e7\u00e3o da Comiss\u00e3o Permanente do Pessoal T\u00e9cnico-Administrativo da UEPB<\/h3><\/a><\/div><\/div><\/div>[\/vc_column][vc_column width=&#8221;1\/4&#8243;][vc_text_separator title=&#8221;Links \u00fateis&#8221; i_icon_fontawesome=&#8221;fas fa-angle-double-right&#8221; i_color=&#8221;custom&#8221; title_align=&#8221;separator_align_left&#8221; css=&#8221;&#8221; add_icon=&#8221;true&#8221; i_custom_color=&#8221;#cc0000&#8243;][vc_btn title=&#8221;SINTESPB\/UEPB&#8221; shape=&#8221;square&#8221; color=&#8221;danger&#8221; size=&#8221;lg&#8221; align=&#8221;left&#8221; css=&#8221;.vc_custom_1720790786938{margin-bottom: 5px !important;}&#8221; button_block=&#8221;true&#8221; link=&#8221;url:https%3A%2F%2Fwww.sintespbuepb.org%2F|target:_blank&#8221;][vc_btn title=&#8221;SUAP&#8221; shape=&#8221;square&#8221; color=&#8221;inverse&#8221; size=&#8221;lg&#8221; align=&#8221;left&#8221; css=&#8221;.vc_custom_1720790822686{margin-bottom: 5px !important;}&#8221; button_block=&#8221;true&#8221; link=&#8221;url:https%3A%2F%2Fsuap.uepb.edu.br%2F|target:_blank&#8221;][\/vc_column][\/vc_row]<\/p>\n<\/div>","protected":false},"excerpt":{"rendered":"<p>[vc_row gap=&#8221;30&#8243; css=&#8221;.vc_custom_1720790972141{margin-top: 30px !important;}&#8221;][vc_column width=&#8221;3\/4&#8243;][vc_text_separator title=&#8221;Not\u00edcias&#8221; i_icon_fontawesome=&#8221;fas fa-angle-double-right&#8221; i_color=&#8221;custom&#8221; title_align=&#8221;separator_align_left&#8221; css=&#8221;&#8221; add_icon=&#8221;true&#8221; i_custom_color=&#8221;#cc0000&#8243;][\/vc_column][vc_column width=&#8221;1\/4&#8243;][vc_text_separator title=&#8221;Links \u00fateis&#8221; i_icon_fontawesome=&#8221;fas fa-angle-double-right&#8221; i_color=&#8221;custom&#8221; title_align=&#8221;separator_align_left&#8221; css=&#8221;&#8221; add_icon=&#8221;true&#8221; i_custom_color=&#8221;#cc0000&#8243;][vc_btn title=&#8221;SINTESPB\/UEPB&#8221; shape=&#8221;square&#8221; color=&#8221;danger&#8221; size=&#8221;lg&#8221; align=&#8221;left&#8221; css=&#8221;.vc_custom_1720790786938{margin-bottom: 5px !important;}&#8221; button_block=&#8221;true&#8221; link=&#8221;url:https%3A%2F%2Fwww.sintespbuepb.org%2F|target:_blank&#8221;][vc_btn title=&#8221;SUAP&#8221; shape=&#8221;square&#8221; color=&#8221;inverse&#8221; size=&#8221;lg&#8221; align=&#8221;left&#8221; css=&#8221;.vc_custom_1720790822686{margin-bottom: 5px !important;}&#8221; button_block=&#8221;true&#8221; link=&#8221;url:https%3A%2F%2Fsuap.uepb.edu.br%2F|target:_blank&#8221;][\/vc_column][\/vc_row]<\/p>\n","protected":false},"author":9,"featured_media":0,"parent":0,"menu_order":0,"comment_status":"closed","ping_status":"closed","template":"","meta":{"_acf_changed":false,"jetpack_post_was_ever_published":false,"footnotes":""},"class_list":["post-696","page","type-page","status-publish","hentry"],"acf":[],"jetpack_sharing_enabled":true,"jetpack_shortlink":"https:\/\/wp.me\/P7WTWV-be","_links":{"self":[{"href":"https:\/\/comissoes.uepb.edu.br\/cppta\/wp-json\/wp\/v2\/pages\/696","targetHints":{"allow":["GET"]}}],"collection":[{"href":"https:\/\/comissoes.uepb.edu.br\/cppta\/wp-json\/wp\/v2\/pages"}],"about":[{"href":"https:\/\/comissoes.uepb.edu.br\/cppta\/wp-json\/wp\/v2\/types\/page"}],"author":[{"embeddable":true,"href":"https:\/\/comissoes.uepb.edu.br\/cppta\/wp-json\/wp\/v2\/users\/9"}],"replies":[{"embeddable":true,"href":"https:\/\/comissoes.uepb.edu.br\/cppta\/wp-json\/wp\/v2\/comments?post=696"}],"version-history":[{"count":4,"href":"https:\/\/comissoes.uepb.edu.br\/cppta\/wp-json\/wp\/v2\/pages\/696\/revisions"}],"predecessor-version":[{"id":701,"href":"https:\/\/comissoes.uepb.edu.br\/cppta\/wp-json\/wp\/v2\/pages\/696\/revisions\/701"}],"wp:attachment":[{"href":"https:\/\/comissoes.uepb.edu.br\/cppta\/wp-json\/wp\/v2\/media?parent=696"}],"curies":[{"name":"wp","href":"https:\/\/api.w.org\/{rel}","templated":true}]}}