{"id":209,"date":"2013-09-17T19:55:02","date_gmt":"2013-09-17T19:55:02","guid":{"rendered":"https:\/\/comissoes.uepb.edu.br\/cppta\/?page_id=193"},"modified":"2016-07-28T11:40:37","modified_gmt":"2016-07-28T14:40:37","slug":"duvidas","status":"publish","type":"page","link":"https:\/\/comissoes.uepb.edu.br\/cppta\/duvidas\/","title":{"rendered":"D\u00favidas"},"content":{"rendered":"<p style=\"text-align: justify;\"><strong>Modelo de procedimentos para abertura de processos<\/strong><\/p>\n<p style=\"text-align: justify;\"><strong>Processo de progress\u00e3o<\/strong>:<\/p>\n<p style=\"text-align: justify;\"><strong>Por tempo de servi\u00e7o<\/strong>: o servidor deve ficar atento a data de abertura do sistema pelo RH (nos tr\u00eas \u00faltimos anos de cada quadri\u00eanio, juntamente com a chefia o servidor deve escolher os pares que o avaliar\u00e3o e os itens que devem ser analisados, conforme resolu\u00e7\u00f5es do PAD UEPB\/CONSUNI\/021\/2010 e\u00a0 035\/2010 ambas est\u00e3o presentes no SAT, sistema de avalia\u00e7\u00e3o de desempenho dos servidores da UEPB)<\/p>\n<p style=\"text-align: justify;\"><strong>Por curso de capacita\u00e7\u00e3o<\/strong> :\u00a0 o servidor ter\u00e1 direito a cada 5 anos de efetivo exerc\u00edcio na UEPB, conforme leis 8.442\/2007 e 8.700\/2008 PCCRS, o servidor\u00a0 inicialmente deve verificar se o curso encontra-se validado e credenciado pela CPPTA, essa informa\u00e7\u00e3o pode ser consultada diretamente na CPPTA ou no setor Gest\u00e3o de Pessoas da PRRH. Ap\u00f3s essa verifica\u00e7\u00e3o realizar o curso anexando certificado que comprove a conclus\u00e3o do mesmo \u00e0 \u00e9poca oportuna, ou seja a cada 5 anos, ap\u00f3s a primeira progress\u00e3o ou ap\u00f3s a data de admiss\u00e3o na UEPB no caso da primeira progress\u00e3o por capacita\u00e7\u00e3o.<\/p>\n<p style=\"text-align: justify;\"><strong>Por escolaridade<\/strong>:<\/p>\n<ul style=\"text-align: justify;\">\n<li><strong>Ensino M\u00e9dio, Ensino T\u00e9cnico<\/strong>: preencher o requerimento geral dispon\u00edvel sistema e-RH, no site da UEPB, e anexar comprovante do certificado de escolaridade, o qual deve estar autenticado ( essa autentica\u00e7\u00e3o pode ser realizada por um servidor da UEPB).<\/li>\n<li><strong>Ensino Superior<\/strong>: preencher o requerimento geral dispon\u00edvel no sistema e-RH, no site da UEPB, e anexar comprovante do certificado de escolaridade (ou Certid\u00e3o de Conclus\u00e3o, juntamente com Hist\u00f3rico Escolar), o qual deve estar autenticado ( essa autentica\u00e7\u00e3o pode ser realizada por um servidor da UEPB). Tais processos\u00a0 s\u00e3o enviados a PROEG para an\u00e1lise documental.<\/li>\n<\/ul>\n<p style=\"text-align: justify;\"><strong>\u00a0<\/strong><\/p>\n<p style=\"text-align: justify;\"><strong>Por titula\u00e7\u00e3o<\/strong>: (<strong>Especializa\u00e7\u00e3o, Mestrado e Doutorado<\/strong>): preencher o requerimento geral dispon\u00edvel no sistema e-RH, no site da UEPB, e anexar comprovante do certificado de\u00a0 conclus\u00e3o (ou Certid\u00e3o de Conclus\u00e3o, juntamente com Hist\u00f3rico Escolar e ata de defesa de disserta\u00e7\u00e3o de mestrado ou tese de doutorado ), o qual deve estar autenticado ( essa autentica\u00e7\u00e3o pode ser realizada por um servidor da UEPB). Tais processos s\u00e3o encaminhados a PRPGP para an\u00e1lise documental.<\/p>\n<p style=\"text-align: justify;\"><strong>Processo de afastamento para capacita\u00e7\u00e3o<\/strong>:<\/p>\n<ul style=\"text-align: justify;\">\n<li><strong>Total<\/strong>: anexar documenta\u00e7\u00e3o comprovando a aprova\u00e7\u00e3o no programa de p\u00f3s-gradua\u00e7\u00e3o (mestrado ou doutorado), declara\u00e7\u00e3o de aluno regularmente matriculado ,na qual conste o tempo total de dura\u00e7\u00e3o do curso, documenta\u00e7\u00e3o da chefia imediata informando estar de acordo com a libera\u00e7\u00e3o e assinatura de um termo de compromisso em permanecer na UEPB durante um intervalo de tempo igual ao que esteve se capacitando. Esses processos s\u00e3o encaminhados para a PRPGP para emiss\u00e3o de parecer a respeito.<\/li>\n<li><strong>Parcial<\/strong>: anexar documenta\u00e7\u00e3o comprovando a aprova\u00e7\u00e3o no programa de p\u00f3s-gradua\u00e7\u00e3o (mestrado ou doutorado), declara\u00e7\u00e3o de aluno regularmente matriculado , na qual conste o tempo total de dura\u00e7\u00e3o do curso, documenta\u00e7\u00e3o da chefia imediata informando estar de acordo com a libera\u00e7\u00e3o, tabela informando os dias e hor\u00e1rios\u00a0 em que o servidor estar\u00e1 estudando e\/ou trabalhando na UEPB e assinatura de um termo de compromisso no qual afirma que permanecer\u00e1 na UEPB durante um intervalo de tempo igual ao que esteve se capacitando. Esses processos s\u00e3o encaminhados para a PRPGP para emiss\u00e3o de parecer a respeito.<\/li>\n<\/ul>\n<p style=\"text-align: justify;\"><strong>Processo para credenciamento de curso para progress\u00e3o futura<\/strong><\/p>\n<p style=\"text-align: justify;\">\u00a0O servidor deve anexar documenta\u00e7\u00e3o sobre a institui\u00e7\u00e3o proponente, grade curricular do curso, modalidade do curso e local de realiza\u00e7\u00e3o do mesmo<\/p>\n<p><!-- [if gte mso 9]&gt;--><\/p>\n<p>&nbsp;<\/p>\n","protected":false},"excerpt":{"rendered":"<p>Modelo de procedimentos para abertura de processos Processo de progress\u00e3o: Por tempo de servi\u00e7o: o servidor deve ficar atento a data de abertura do sistema pelo RH (nos tr\u00eas \u00faltimos anos de cada quadri\u00eanio, juntamente com a chefia o servidor deve escolher os pares que o avaliar\u00e3o e os itens que devem ser analisados, conforme <a class=\"leiamais\" href=\"https:\/\/comissoes.uepb.edu.br\/cppta\/duvidas\/\">Leia Mais&#8230;<\/a><\/p>\n","protected":false},"author":2,"featured_media":0,"parent":0,"menu_order":0,"comment_status":"closed","ping_status":"open","template":"","meta":{"_acf_changed":false,"jetpack_post_was_ever_published":false,"footnotes":""},"class_list":["post-209","page","type-page","status-publish","hentry"],"acf":[],"jetpack_sharing_enabled":true,"jetpack_shortlink":"https:\/\/wp.me\/P7WTWV-3n","_links":{"self":[{"href":"https:\/\/comissoes.uepb.edu.br\/cppta\/wp-json\/wp\/v2\/pages\/209","targetHints":{"allow":["GET"]}}],"collection":[{"href":"https:\/\/comissoes.uepb.edu.br\/cppta\/wp-json\/wp\/v2\/pages"}],"about":[{"href":"https:\/\/comissoes.uepb.edu.br\/cppta\/wp-json\/wp\/v2\/types\/page"}],"author":[{"embeddable":true,"href":"https:\/\/comissoes.uepb.edu.br\/cppta\/wp-json\/wp\/v2\/users\/2"}],"replies":[{"embeddable":true,"href":"https:\/\/comissoes.uepb.edu.br\/cppta\/wp-json\/wp\/v2\/comments?post=209"}],"version-history":[{"count":2,"href":"https:\/\/comissoes.uepb.edu.br\/cppta\/wp-json\/wp\/v2\/pages\/209\/revisions"}],"predecessor-version":[{"id":257,"href":"https:\/\/comissoes.uepb.edu.br\/cppta\/wp-json\/wp\/v2\/pages\/209\/revisions\/257"}],"wp:attachment":[{"href":"https:\/\/comissoes.uepb.edu.br\/cppta\/wp-json\/wp\/v2\/media?parent=209"}],"curies":[{"name":"wp","href":"https:\/\/api.w.org\/{rel}","templated":true}]}}