{"id":183,"date":"2011-08-24T18:28:21","date_gmt":"2011-08-24T18:28:21","guid":{"rendered":"https:\/\/comissoes.uepb.edu.br\/cppta\/?page_id=4"},"modified":"2011-08-24T18:28:21","modified_gmt":"2011-08-24T18:28:21","slug":"apresentacao","status":"publish","type":"page","link":"https:\/\/comissoes.uepb.edu.br\/cppta\/apresentacao\/","title":{"rendered":"Apresenta\u00e7\u00e3o"},"content":{"rendered":"<p>CPPTA, criada no \u00e2mbito das Universidades Federais pelo Decreto 94.664, de 23 de agosto de 1987. Na \u00e9poca, a UEPB estava elaborando uma nova edi\u00e7\u00e3o do Plano de Cargos, Carreira e Remunera\u00e7\u00e3o, quando instituiu a nossa CPPTA a qual atuou precariamente diante das circunst\u00e2ncias de ent\u00e3o.<\/p>\n<p>Em 2007, com a implanta\u00e7\u00e3o do novo Plano de Cargos, Carreira e Remunera\u00e7\u00e3o, do Pessoal T\u00e9cnico Administrativo da UEPB, a CPPTA foi resgatada com uma configura\u00e7\u00e3o melhor definida.<\/p>\n<p>Ap\u00f3s alguns per\u00edodos de instala\u00e7\u00e3o provis\u00f3ria, onde, n\u00e3o obstante as interrup\u00e7\u00f5es de gest\u00e3o, a CPPTA analisou, relatou e deliberou sobre todos os processos que lhe fora encaminhados.<\/p>\n<p>Finalmente, pela RESOLU\u00c7\u00c3O\/UEPB\/CONSUNI\/030\/2010, foi consolida sua regulamenta\u00e7\u00e3o, expressando de forma clara e objetiva a finalidade da Comiss\u00e3o em seu art.2\u00ba que diz: \u201dA CPPTA \u00e9 o \u00f3rg\u00e3o de assessoramento \u00e0 pol\u00edtica de recursos humanos voltada para o corpo t\u00e9cnico-administrativo, observada a legisla\u00e7\u00e3o pertinente, vinculada \u00e0 Reitoria, nos termos do art. 88, inciso II, do Estatuto da Universidade Estadual da Para\u00edba\u201d,\u00a0 suas compet\u00eancias,est\u00e3o no art. 7\u00ba, I a XI, da referida Resolu\u00e7\u00e3o.<\/p>\n<p>Tem como miss\u00e3o primordial atuar junto \u00e0 Dire\u00e7\u00e3o da UEPB, no sentido de buscar as a\u00e7\u00f5es que venham melhorar, em toda sua abrang\u00eancia, a vida funcional do servidor, proporcionando-lhe as melhores condi\u00e7\u00f5es de trabalho e a seguran\u00e7a jur\u00eddica de seus direitos.<\/p>\n","protected":false},"excerpt":{"rendered":"<p>CPPTA, criada no \u00e2mbito das Universidades Federais pelo Decreto 94.664, de 23 de agosto de 1987. Na \u00e9poca, a UEPB estava elaborando uma nova edi\u00e7\u00e3o do Plano de Cargos, Carreira e Remunera\u00e7\u00e3o, quando instituiu a nossa CPPTA a qual atuou precariamente diante das circunst\u00e2ncias de ent\u00e3o. Em 2007, com a implanta\u00e7\u00e3o do novo Plano de <a class=\"leiamais\" href=\"https:\/\/comissoes.uepb.edu.br\/cppta\/apresentacao\/\">Leia Mais&#8230;<\/a><\/p>\n","protected":false},"author":2,"featured_media":0,"parent":0,"menu_order":0,"comment_status":"closed","ping_status":"closed","template":"","meta":{"_acf_changed":false,"jetpack_post_was_ever_published":false,"footnotes":""},"class_list":["post-183","page","type-page","status-publish","hentry"],"acf":[],"jetpack_sharing_enabled":true,"jetpack_shortlink":"https:\/\/wp.me\/P7WTWV-2X","_links":{"self":[{"href":"https:\/\/comissoes.uepb.edu.br\/cppta\/wp-json\/wp\/v2\/pages\/183","targetHints":{"allow":["GET"]}}],"collection":[{"href":"https:\/\/comissoes.uepb.edu.br\/cppta\/wp-json\/wp\/v2\/pages"}],"about":[{"href":"https:\/\/comissoes.uepb.edu.br\/cppta\/wp-json\/wp\/v2\/types\/page"}],"author":[{"embeddable":true,"href":"https:\/\/comissoes.uepb.edu.br\/cppta\/wp-json\/wp\/v2\/users\/2"}],"replies":[{"embeddable":true,"href":"https:\/\/comissoes.uepb.edu.br\/cppta\/wp-json\/wp\/v2\/comments?post=183"}],"version-history":[{"count":1,"href":"https:\/\/comissoes.uepb.edu.br\/cppta\/wp-json\/wp\/v2\/pages\/183\/revisions"}],"predecessor-version":[{"id":515,"href":"https:\/\/comissoes.uepb.edu.br\/cppta\/wp-json\/wp\/v2\/pages\/183\/revisions\/515"}],"wp:attachment":[{"href":"https:\/\/comissoes.uepb.edu.br\/cppta\/wp-json\/wp\/v2\/media?parent=183"}],"curies":[{"name":"wp","href":"https:\/\/api.w.org\/{rel}","templated":true}]}}