{"id":410,"date":"2024-07-10T14:42:41","date_gmt":"2024-07-10T17:42:41","guid":{"rendered":"https:\/\/comissoes.uepb.edu.br\/cppd\/?page_id=410"},"modified":"2024-07-10T18:35:57","modified_gmt":"2024-07-10T21:35:57","slug":"pagina-inicial","status":"publish","type":"page","link":"https:\/\/comissoes.uepb.edu.br\/cppd\/","title":{"rendered":"P\u00e1gina Inicial"},"content":{"rendered":"<div class=\"wpb-content-wrapper\"><p>[vc_row][vc_column][vc_text_separator title=&#8221;Not\u00edcias&#8221; i_icon_fontawesome=&#8221;fas fa-angle-double-right&#8221; i_color=&#8221;custom&#8221; i_size=&#8221;sm&#8221; title_align=&#8221;separator_align_left&#8221; add_icon=&#8221;true&#8221; i_custom_color=&#8221;#cc0000&#8243;]<div class=\"mdl-grid\"><div class=\"mdl-cell--6-col mdl-cell--6-col-tablet mdl-cell--12-col-phone bloco-noticias\"><div class=\"titulo-noticia-widget\"><a href=\"https:\/\/comissoes.uepb.edu.br\/cppd\/prazos-para-abertura-de-processo-de-progressao-docente-2018\/\"><h3 class=\"titulo-destaque-noticia\">Prazos para abertura de processo de Progress\u00e3o Docente 2018<\/h3><\/a><\/div><div class=\"titulo-noticia-widget\"><a href=\"https:\/\/comissoes.uepb.edu.br\/cppd\/cppd-esclarece-mp-242\/\"><h3 class=\"titulo-destaque-noticia\">CPPD esclarece sobre progress\u00e3o funcional ap\u00f3s Medida Provis\u00f3ria n\u00ba 242<\/h3><\/a><\/div><\/div><div class=\"mdl-cell--6-col mdl-cell--6-col-tablet mdl-cell--12-col-phone bloco-noticias\"><div class=\"titulo-noticia-widget\"><a href=\"https:\/\/comissoes.uepb.edu.br\/cppd\/comissao-permanente-de-pessoal-docente-divulga-novas-instrucoes-para-processo-de-progressao\/\"><h3 class=\"titulo-destaque-noticia\">Comiss\u00e3o Permanente de Pessoal Docente divulga novas instru\u00e7\u00f5es para processo de progress\u00e3o<\/h3><\/a><\/div><div class=\"titulo-noticia-widget\"><a href=\"https:\/\/comissoes.uepb.edu.br\/cppd\/consuni-aprova-sistema-que-garante-maior-agilidade-na-implantacao-do-regime-de-trabalho-retide\/\"><h3 class=\"titulo-destaque-noticia\">Consuni aprova sistema que garante maior agilidade na implanta\u00e7\u00e3o do regime de trabalho retide<\/h3><\/a><\/div><\/div><\/div>[\/vc_column][\/vc_row][vc_row gap=&#8221;30&#8243; css=&#8221;.vc_custom_1720634050044{margin-top: 30px !important;}&#8221;][vc_column width=&#8221;1\/2&#8243;][vc_text_separator title=&#8221;Legisla\u00e7\u00e3o&#8221; i_icon_fontawesome=&#8221;fas fa-angle-double-right&#8221; i_color=&#8221;custom&#8221; i_size=&#8221;sm&#8221; title_align=&#8221;separator_align_left&#8221; add_icon=&#8221;true&#8221; i_custom_color=&#8221;#cc0000&#8243;][vc_column_text css=&#8221;&#8221;]<div class='w3eden'>\n    <div class=''>\n\n        \n        <div id=\"content_wpdm_package_1\">\n            <div class='row'><div class='col-lg-12 col-md-6 col-12'><!-- WPDM Link Template: Default Template -->\n\n<div class=\"link-template-default card mb-2\">\n    <div class=\"card-body\">\n        <div class=\"media\">\n            <div class=\"mr-3 img-48\"><img decoding=\"async\" class=\"wpdm_icon\" alt=\"\u00cdcone\" src=\"https:\/\/comissoes.uepb.edu.br\/cppd\/wp-content\/plugins\/download-manager\/assets\/file-type-icons\/pdf.svg\" \/><\/div>\n            <div class=\"media-body\">\n                <h3 class=\"package-title\"><a href='https:\/\/comissoes.uepb.edu.br\/cppd\/download\/resolucao-consepe-023-2022-atualizacao-da-licenca-pos-doc-na-uepb\/'>RESOLUCAO-CONSEPE-023-2022-Atualizacao-da-Licenca-Pos-Doc-na-UEPB.<\/a><\/h3>\n                <div class=\"text-muted text-small\"><i class=\"fas fa-copy\"><\/i> 1 file(s) <i class=\"fas fa-hdd ml-3\"><\/i> 0<\/div>\n            <\/div>\n            <div class=\"ml-3\">\n                <a class='wpdm-download-link download-on-click btn btn-primary ' rel='nofollow' href='#' data-downloadurl=\"https:\/\/comissoes.uepb.edu.br\/cppd\/download\/resolucao-consepe-023-2022-atualizacao-da-licenca-pos-doc-na-uepb\/?wpdmdl=444&refresh=69d0350adae6a1775252746\">Download<\/a>\n            <\/div>\n        <\/div>\n    <\/div>\n<\/div>\n\n<\/div><div class='col-lg-12 col-md-6 col-12'><!-- WPDM Link Template: Default Template -->\n\n<div class=\"link-template-default card mb-2\">\n    <div class=\"card-body\">\n        <div class=\"media\">\n            <div class=\"mr-3 img-48\"><img decoding=\"async\" class=\"wpdm_icon\" alt=\"\u00cdcone\" src=\"https:\/\/comissoes.uepb.edu.br\/cppd\/wp-content\/plugins\/download-manager\/assets\/file-type-icons\/pdf.svg\" \/><\/div>\n            <div class=\"media-body\">\n                <h3 class=\"package-title\"><a href='https:\/\/comissoes.uepb.edu.br\/cppd\/download\/resolucao-consepe-012-2022\/'>RESOLU\u00c7\u00c3O-CONSEPE-012-2022<\/a><\/h3>\n                <div class=\"text-muted text-small\"><i class=\"fas fa-copy\"><\/i> 1 file(s) <i class=\"fas fa-hdd ml-3\"><\/i> 0<\/div>\n            <\/div>\n            <div class=\"ml-3\">\n                <a class='wpdm-download-link download-on-click btn btn-primary ' rel='nofollow' href='#' data-downloadurl=\"https:\/\/comissoes.uepb.edu.br\/cppd\/download\/resolucao-consepe-012-2022\/?wpdmdl=471&refresh=69d0350b61e521775252747\">Download<\/a>\n            <\/div>\n        <\/div>\n    <\/div>\n<\/div>\n\n<\/div><div class='col-lg-12 col-md-6 col-12'><!-- WPDM Link Template: Default Template -->\n\n<div class=\"link-template-default card mb-2\">\n    <div class=\"card-body\">\n        <div class=\"media\">\n            <div class=\"mr-3 img-48\"><img decoding=\"async\" class=\"wpdm_icon\" alt=\"\u00cdcone\" src=\"https:\/\/comissoes.uepb.edu.br\/cppd\/wp-content\/plugins\/download-manager\/assets\/file-type-icons\/pdf.svg\" \/><\/div>\n            <div class=\"media-body\">\n                <h3 class=\"package-title\"><a href='https:\/\/comissoes.uepb.edu.br\/cppd\/download\/resolucao-uepb-consepe-031-2009\/'>Resolu\u00e7\u00e3o UEPB-CONSEPE-031-2009<\/a><\/h3>\n                <div class=\"text-muted text-small\"><i class=\"fas fa-copy\"><\/i> 1 file(s) <i class=\"fas fa-hdd ml-3\"><\/i> 0<\/div>\n            <\/div>\n            <div class=\"ml-3\">\n                <a class='wpdm-download-link download-on-click btn btn-primary ' rel='nofollow' href='#' data-downloadurl=\"https:\/\/comissoes.uepb.edu.br\/cppd\/download\/resolucao-uepb-consepe-031-2009\/?wpdmdl=451&refresh=69d0350bc4c641775252747\">Download<\/a>\n            <\/div>\n        <\/div>\n    <\/div>\n<\/div>\n\n<\/div><div class='col-lg-12 col-md-6 col-12'><!-- WPDM Link Template: Default Template -->\n\n<div class=\"link-template-default card mb-2\">\n    <div class=\"card-body\">\n        <div class=\"media\">\n            <div class=\"mr-3 img-48\"><img decoding=\"async\" class=\"wpdm_icon\" alt=\"\u00cdcone\" src=\"https:\/\/comissoes.uepb.edu.br\/cppd\/wp-content\/plugins\/download-manager\/assets\/file-type-icons\/pdf.svg\" \/><\/div>\n            <div class=\"media-body\">\n                <h3 class=\"package-title\"><a href='https:\/\/comissoes.uepb.edu.br\/cppd\/download\/lei-10-660-2016-dispoe-sobre-a-suspensao-dos-reajustes\/'>Lei 10.660\/2016 - Disp\u00f5e sobre a suspens\u00e3o dos reajustes<\/a><\/h3>\n                <div class=\"text-muted text-small\"><i class=\"fas fa-copy\"><\/i> 1 file(s) <i class=\"fas fa-hdd ml-3\"><\/i> 0<\/div>\n            <\/div>\n            <div class=\"ml-3\">\n                <a class='wpdm-download-link download-on-click btn btn-primary ' rel='nofollow' href='#' data-downloadurl=\"https:\/\/comissoes.uepb.edu.br\/cppd\/download\/lei-10-660-2016-dispoe-sobre-a-suspensao-dos-reajustes\/?wpdmdl=427&refresh=69d0350c327041775252748\">Download<\/a>\n            <\/div>\n        <\/div>\n    <\/div>\n<\/div>\n\n<\/div><div class='col-lg-12 col-md-6 col-12'><!-- WPDM Link Template: Default Template -->\n\n<div class=\"link-template-default card mb-2\">\n    <div class=\"card-body\">\n        <div class=\"media\">\n            <div class=\"mr-3 img-48\"><img decoding=\"async\" class=\"wpdm_icon\" alt=\"\u00cdcone\" src=\"https:\/\/comissoes.uepb.edu.br\/cppd\/wp-content\/plugins\/download-manager\/assets\/file-type-icons\/pdf.svg\" \/><\/div>\n            <div class=\"media-body\">\n                <h3 class=\"package-title\"><a href='https:\/\/comissoes.uepb.edu.br\/cppd\/download\/0153-2016-fixa-normas-para-reconhecimento-de-diplomas-do-exterior\/'>0153-2016-Fixa-Normas-para-Reconhecimento-de-Diplomas-do-Exterior<\/a><\/h3>\n                <div class=\"text-muted text-small\"><i class=\"fas fa-copy\"><\/i> 1 file(s) <i class=\"fas fa-hdd ml-3\"><\/i> 0<\/div>\n            <\/div>\n            <div class=\"ml-3\">\n                <a class='wpdm-download-link download-on-click btn btn-primary ' rel='nofollow' href='#' data-downloadurl=\"https:\/\/comissoes.uepb.edu.br\/cppd\/download\/0153-2016-fixa-normas-para-reconhecimento-de-diplomas-do-exterior\/?wpdmdl=439&refresh=69d0350c957ea1775252748\">Download<\/a>\n            <\/div>\n        <\/div>\n    <\/div>\n<\/div>\n\n<\/div><\/div>            <div style='clear:both'><\/div><div class='text-center'><ul class='pagination wpdm-pagination pagination-centered text-center'><li><span aria-current=\"page\" class=\"page-numbers current\">1<\/span><\/li><li><a data-container='#content_wpdm_package_1' class=\"page-numbers\" href=\"https:\/\/comissoes.uepb.edu.br\/cppd\/wp-json\/wp\/v2\/pages\/410\/?cp=2\">2<\/a><\/li><li><a data-container='#content_wpdm_package_1' class=\"page-numbers\" href=\"https:\/\/comissoes.uepb.edu.br\/cppd\/wp-json\/wp\/v2\/pages\/410\/?cp=3\">3<\/a><\/li><li><a data-container='#content_wpdm_package_1' class=\"next page-numbers\" href=\"https:\/\/comissoes.uepb.edu.br\/cppd\/wp-json\/wp\/v2\/pages\/410\/?cp=2\"> <i style=\"display: inline-block;width: 8px;height: 8px;border-right: 2px solid;border-top: 2px solid;transform: rotate(45deg);margin-left: -2px;margin-top: -2px;\"><\/i> <\/a><\/li><\/ul><\/div><div style='clear:both'><\/div>        <\/div>\n\n        <div style='clear:both'><\/div>\n    <\/div>\n<\/div>\n[\/vc_column_text][\/vc_column][vc_column width=&#8221;1\/2&#8243;][vc_text_separator title=&#8221;Progress\u00e3o Docente&#8221; i_icon_fontawesome=&#8221;fas fa-angle-double-right&#8221; i_color=&#8221;custom&#8221; i_size=&#8221;sm&#8221; title_align=&#8221;separator_align_left&#8221; add_icon=&#8221;true&#8221; i_custom_color=&#8221;#cc0000&#8243;][vc_column_text css=&#8221;&#8221;]<div class='w3eden'>\n    <div class=''>\n\n        \n        <div id=\"content_wpdm_package_2\">\n            <div class='row'><div class='col-lg-12 col-md-6 col-12'><!-- WPDM Link Template: Default Template -->\n\n<div class=\"link-template-default card mb-2\">\n    <div class=\"card-body\">\n        <div class=\"media\">\n            <div class=\"mr-3 img-48\"><img decoding=\"async\" class=\"wpdm_icon\" alt=\"\u00cdcone\" src=\"https:\/\/comissoes.uepb.edu.br\/cppd\/wp-content\/plugins\/download-manager\/assets\/file-type-icons\/pdf.svg\" \/><\/div>\n            <div class=\"media-body\">\n                <h3 class=\"package-title\"><a href='https:\/\/comissoes.uepb.edu.br\/cppd\/download\/cronograma-de-prazos-pccr-docentes-2026\/'>CRONOGRAMA DE PRAZOS - PCCR- Docentes 2026<\/a><\/h3>\n                <div class=\"text-muted text-small\"><i class=\"fas fa-copy\"><\/i> 1 file(s) <i class=\"fas fa-hdd ml-3\"><\/i> 144.00 KB<\/div>\n            <\/div>\n            <div class=\"ml-3\">\n                <a class='wpdm-download-link download-on-click btn btn-primary ' rel='nofollow' href='#' data-downloadurl=\"https:\/\/comissoes.uepb.edu.br\/cppd\/download\/cronograma-de-prazos-pccr-docentes-2026\/?wpdmdl=582&refresh=69d0350d03f7f1775252749\">Download<\/a>\n            <\/div>\n        <\/div>\n    <\/div>\n<\/div>\n\n<\/div><div class='col-lg-12 col-md-6 col-12'><!-- WPDM Link Template: Default Template -->\n\n<div class=\"link-template-default card mb-2\">\n    <div class=\"card-body\">\n        <div class=\"media\">\n            <div class=\"mr-3 img-48\"><img decoding=\"async\" class=\"wpdm_icon\" alt=\"\u00cdcone\" src=\"https:\/\/comissoes.uepb.edu.br\/cppd\/wp-content\/plugins\/download-manager\/assets\/file-type-icons\/pdf.svg\" \/><\/div>\n            <div class=\"media-body\">\n                <h3 class=\"package-title\"><a href='https:\/\/comissoes.uepb.edu.br\/cppd\/download\/cronograma-periodo-letivo-2025-apos-greve\/'>Cronograma Per\u00edodo Letivo 2025 - ap\u00f3s greve<\/a><\/h3>\n                <div class=\"text-muted text-small\"><i class=\"fas fa-copy\"><\/i> 1 file(s) <i class=\"fas fa-hdd ml-3\"><\/i> 105.34 KB<\/div>\n            <\/div>\n            <div class=\"ml-3\">\n                <a class='wpdm-download-link download-on-click btn btn-primary ' rel='nofollow' href='#' data-downloadurl=\"https:\/\/comissoes.uepb.edu.br\/cppd\/download\/cronograma-periodo-letivo-2025-apos-greve\/?wpdmdl=572&refresh=69d0350d674741775252749\">Download<\/a>\n            <\/div>\n        <\/div>\n    <\/div>\n<\/div>\n\n<\/div><div class='col-lg-12 col-md-6 col-12'><!-- WPDM Link Template: Default Template -->\n\n<div class=\"link-template-default card mb-2\">\n    <div class=\"card-body\">\n        <div class=\"media\">\n            <div class=\"mr-3 img-48\"><img decoding=\"async\" class=\"wpdm_icon\" alt=\"\u00cdcone\" src=\"https:\/\/comissoes.uepb.edu.br\/cppd\/wp-content\/plugins\/download-manager\/assets\/file-type-icons\/pdf.svg\" \/><\/div>\n            <div class=\"media-body\">\n                <h3 class=\"package-title\"><a href='https:\/\/comissoes.uepb.edu.br\/cppd\/download\/cronograma-pccr-2025-apos-a-greve-docente\/'>CRONOGRAMA PCCR 2025 - ap\u00f3s a greve docente<\/a><\/h3>\n                <div class=\"text-muted text-small\"><i class=\"fas fa-copy\"><\/i> 1 file(s) <i class=\"fas fa-hdd ml-3\"><\/i> 80.10 KB<\/div>\n            <\/div>\n            <div class=\"ml-3\">\n                <a class='wpdm-download-link download-on-click btn btn-primary ' rel='nofollow' href='#' data-downloadurl=\"https:\/\/comissoes.uepb.edu.br\/cppd\/download\/cronograma-pccr-2025-apos-a-greve-docente\/?wpdmdl=570&refresh=69d0350dc8afe1775252749\">Download<\/a>\n            <\/div>\n        <\/div>\n    <\/div>\n<\/div>\n\n<\/div><div class='col-lg-12 col-md-6 col-12'><!-- WPDM Link Template: Default Template -->\n\n<div class=\"link-template-default card mb-2\">\n    <div class=\"card-body\">\n        <div class=\"media\">\n            <div class=\"mr-3 img-48\"><img decoding=\"async\" class=\"wpdm_icon\" alt=\"\u00cdcone\" src=\"https:\/\/comissoes.uepb.edu.br\/cppd\/wp-content\/plugins\/download-manager\/assets\/file-type-icons\/pdf.svg\" \/><\/div>\n            <div class=\"media-body\">\n                <h3 class=\"package-title\"><a href='https:\/\/comissoes.uepb.edu.br\/cppd\/download\/cronograma-periodos-letivos-2025\/'>Cronograma per\u00edodos letivos - 2025<\/a><\/h3>\n                <div class=\"text-muted text-small\"><i class=\"fas fa-copy\"><\/i> 1 file(s) <i class=\"fas fa-hdd ml-3\"><\/i> 212.37 KB<\/div>\n            <\/div>\n            <div class=\"ml-3\">\n                <a class='wpdm-download-link download-on-click btn btn-primary ' rel='nofollow' href='#' data-downloadurl=\"https:\/\/comissoes.uepb.edu.br\/cppd\/download\/cronograma-periodos-letivos-2025\/?wpdmdl=527&refresh=69d0350e36ef21775252750\">Download<\/a>\n            <\/div>\n        <\/div>\n    <\/div>\n<\/div>\n\n<\/div><div class='col-lg-12 col-md-6 col-12'><!-- WPDM Link Template: Default Template -->\n\n<div class=\"link-template-default card mb-2\">\n    <div class=\"card-body\">\n        <div class=\"media\">\n            <div class=\"mr-3 img-48\"><img decoding=\"async\" class=\"wpdm_icon\" alt=\"\u00cdcone\" src=\"https:\/\/comissoes.uepb.edu.br\/cppd\/wp-content\/plugins\/download-manager\/assets\/file-type-icons\/pdf.svg\" \/><\/div>\n            <div class=\"media-body\">\n                <h3 class=\"package-title\"><a href='https:\/\/comissoes.uepb.edu.br\/cppd\/download\/cronogrma-pccr-docente-2025\/'>CRONOGRMA PCCR - DOCENTE 2025<\/a><\/h3>\n                <div class=\"text-muted text-small\"><i class=\"fas fa-copy\"><\/i> 1 file(s) <i class=\"fas fa-hdd ml-3\"><\/i> 120.83 KB<\/div>\n            <\/div>\n            <div class=\"ml-3\">\n                <a class='wpdm-download-link download-on-click btn btn-primary ' rel='nofollow' href='#' data-downloadurl=\"https:\/\/comissoes.uepb.edu.br\/cppd\/download\/cronogrma-pccr-docente-2025\/?wpdmdl=526&refresh=69d0350e9a2211775252750\">Download<\/a>\n            <\/div>\n        <\/div>\n    <\/div>\n<\/div>\n\n<\/div><\/div>            <div style='clear:both'><\/div><div class='text-center'><ul class='pagination wpdm-pagination pagination-centered text-center'><li><span aria-current=\"page\" class=\"page-numbers current\">1<\/span><\/li><li><a data-container='#content_wpdm_package_2' class=\"page-numbers\" href=\"https:\/\/comissoes.uepb.edu.br\/cppd\/wp-json\/wp\/v2\/pages\/410\/?cp=2\">2<\/a><\/li><li><a data-container='#content_wpdm_package_2' class=\"page-numbers\" href=\"https:\/\/comissoes.uepb.edu.br\/cppd\/wp-json\/wp\/v2\/pages\/410\/?cp=3\">3<\/a><\/li><li><a data-container='#content_wpdm_package_2' class=\"page-numbers\" href=\"https:\/\/comissoes.uepb.edu.br\/cppd\/wp-json\/wp\/v2\/pages\/410\/?cp=4\">4<\/a><\/li><li><a data-container='#content_wpdm_package_2' class=\"page-numbers\" href=\"https:\/\/comissoes.uepb.edu.br\/cppd\/wp-json\/wp\/v2\/pages\/410\/?cp=5\">5<\/a><\/li><li><a data-container='#content_wpdm_package_2' class=\"next page-numbers\" href=\"https:\/\/comissoes.uepb.edu.br\/cppd\/wp-json\/wp\/v2\/pages\/410\/?cp=2\"> <i style=\"display: inline-block;width: 8px;height: 8px;border-right: 2px solid;border-top: 2px solid;transform: rotate(45deg);margin-left: -2px;margin-top: -2px;\"><\/i> <\/a><\/li><\/ul><\/div><div style='clear:both'><\/div>        <\/div>\n\n        <div style='clear:both'><\/div>\n    <\/div>\n<\/div>\n[\/vc_column_text][\/vc_column][\/vc_row]<\/p>\n<\/div>","protected":false},"excerpt":{"rendered":"<p>[vc_row][vc_column][vc_text_separator title=&#8221;Not\u00edcias&#8221; i_icon_fontawesome=&#8221;fas fa-angle-double-right&#8221; i_color=&#8221;custom&#8221; i_size=&#8221;sm&#8221; title_align=&#8221;separator_align_left&#8221; add_icon=&#8221;true&#8221; i_custom_color=&#8221;#cc0000&#8243;][\/vc_column][\/vc_row][vc_row gap=&#8221;30&#8243; css=&#8221;.vc_custom_1720634050044{margin-top: 30px !important;}&#8221;][vc_column width=&#8221;1\/2&#8243;][vc_text_separator title=&#8221;Legisla\u00e7\u00e3o&#8221; i_icon_fontawesome=&#8221;fas fa-angle-double-right&#8221; i_color=&#8221;custom&#8221; i_size=&#8221;sm&#8221; title_align=&#8221;separator_align_left&#8221; add_icon=&#8221;true&#8221; i_custom_color=&#8221;#cc0000&#8243;][vc_column_text css=&#8221;&#8221;][\/vc_column_text][\/vc_column][vc_column width=&#8221;1\/2&#8243;][vc_text_separator title=&#8221;Progress\u00e3o Docente&#8221; i_icon_fontawesome=&#8221;fas fa-angle-double-right&#8221; i_color=&#8221;custom&#8221; i_size=&#8221;sm&#8221; title_align=&#8221;separator_align_left&#8221; add_icon=&#8221;true&#8221; i_custom_color=&#8221;#cc0000&#8243;][vc_column_text css=&#8221;&#8221;][\/vc_column_text][\/vc_column][\/vc_row]<\/p>\n","protected":false},"author":9,"featured_media":0,"parent":0,"menu_order":0,"comment_status":"closed","ping_status":"closed","template":"","meta":{"_acf_changed":false,"jetpack_post_was_ever_published":false,"footnotes":""},"class_list":["post-410","page","type-page","status-publish","hentry"],"acf":[],"jetpack_sharing_enabled":true,"jetpack_shortlink":"https:\/\/wp.me\/P7WTXz-6C","_links":{"self":[{"href":"https:\/\/comissoes.uepb.edu.br\/cppd\/wp-json\/wp\/v2\/pages\/410","targetHints":{"allow":["GET"]}}],"collection":[{"href":"https:\/\/comissoes.uepb.edu.br\/cppd\/wp-json\/wp\/v2\/pages"}],"about":[{"href":"https:\/\/comissoes.uepb.edu.br\/cppd\/wp-json\/wp\/v2\/types\/page"}],"author":[{"embeddable":true,"href":"https:\/\/comissoes.uepb.edu.br\/cppd\/wp-json\/wp\/v2\/users\/9"}],"replies":[{"embeddable":true,"href":"https:\/\/comissoes.uepb.edu.br\/cppd\/wp-json\/wp\/v2\/comments?post=410"}],"version-history":[{"count":10,"href":"https:\/\/comissoes.uepb.edu.br\/cppd\/wp-json\/wp\/v2\/pages\/410\/revisions"}],"predecessor-version":[{"id":476,"href":"https:\/\/comissoes.uepb.edu.br\/cppd\/wp-json\/wp\/v2\/pages\/410\/revisions\/476"}],"wp:attachment":[{"href":"https:\/\/comissoes.uepb.edu.br\/cppd\/wp-json\/wp\/v2\/media?parent=410"}],"curies":[{"name":"wp","href":"https:\/\/api.w.org\/{rel}","templated":true}]}}