{"id":24,"date":"2014-08-12T13:36:11","date_gmt":"2014-08-12T13:36:11","guid":{"rendered":"https:\/\/comissoes.uepb.edu.br\/cppd\/?page_id=24"},"modified":"2025-12-09T11:35:46","modified_gmt":"2025-12-09T14:35:46","slug":"composicao","status":"publish","type":"page","link":"https:\/\/comissoes.uepb.edu.br\/cppd\/composicao\/","title":{"rendered":"Composi\u00e7\u00e3o"},"content":{"rendered":"<div class=\"wpb-content-wrapper\"><p>[vc_row][vc_column][vc_column_text css=&#8221;&#8221;]RESOLU\u00c7\u00c3O\/UEPB\/CONSEPE\/012\/2022<\/p>\n<p><span id=\"page331R_mcid10\" class=\"markedContent\"><span dir=\"ltr\" role=\"presentation\">Art.3\u00ba<\/span> <span dir=\"ltr\" role=\"presentation\">&#8211; A CPPD ser\u00e1 constitu\u00edda por:<\/span><\/span><span id=\"page331R_mcid11\" class=\"markedContent\"><\/span><span id=\"page331R_mcid12\" class=\"markedContent\"><br role=\"presentation\" \/><span dir=\"ltr\" role=\"presentation\">I<\/span> <span dir=\"ltr\" role=\"presentation\">dois representantes da Reitoria, de livre escolha, sendo um titular e um suplente, integrantes da<\/span> <span dir=\"ltr\" role=\"presentation\">carreira do magist\u00e9rio da UEPB;<\/span><\/span><span id=\"page331R_mcid13\" class=\"markedContent\"><br role=\"presentation\" \/><span dir=\"ltr\" role=\"presentation\">II<\/span> <span dir=\"ltr\" role=\"presentation\">-dois representantes, sendo um titular e um suplente, indicados pela Associa\u00e7\u00e3o dos Docentes <\/span><span dir=\"ltr\" role=\"presentation\">da UEPB;<\/span><\/span><span id=\"page331R_mcid14\" class=\"markedContent\"><br role=\"presentation\" \/><span dir=\"ltr\" role=\"presentation\">III<\/span> <span dir=\"ltr\" role=\"presentation\">&#8211; dois representantes docentes, atuantes no Ensino M\u00e9dio e T\u00e9cnico, sendo indicados um por<\/span> <span dir=\"ltr\" role=\"presentation\">cada Escola T\u00e9cnica da UEPB;<\/span><\/span><span id=\"page331R_mcid15\" class=\"markedContent\"><br role=\"presentation\" \/><span dir=\"ltr\" role=\"presentation\">IV<\/span> <span dir=\"ltr\" role=\"presentation\">&#8211; dois representantes de cada Centro de Ensino, sendo um titular e suplente, integrantes da<\/span> <span dir=\"ltr\" role=\"presentation\">carreira de Magist\u00e9rio Superior da UEPB<\/span><\/span><\/p>\n<p>&nbsp;<\/p>\n<p><span dir=\"ltr\" role=\"presentation\">PORTARIA 61\/2025 &#8211; Reitoria<br \/>\n<\/span><\/p>\n<p>&nbsp;<\/p>\n<p>&nbsp;<\/p>\n<p>&nbsp;<\/p>\n<p><strong>Carlos Henrique Salvino Gadelha Meneses<\/strong>\u00a0<em>(representante titular da Reitoria)<\/em><\/p>\n<p>Professor Doutor Associado C DE, lotado no Departamento de Biologia &#8211; CCBS<\/p>\n<p>&nbsp;<\/p>\n<p><b>Maria Jos\u00e9 Lima da Silva <\/b>(<em>representante suplente da Reitoria<\/em>)<\/p>\n<p>Professor Doutor Associado D DE, lotada no Departamento de Biologia &#8211; CCBS<\/p>\n<p>&nbsp;<\/p>\n<p><strong>Maria Vit\u00f3ria Dias Carneiro<\/strong> (<em>representante titular do Ensino M\u00e9dio\/T\u00e9cnico<\/em>)<\/p>\n<p>Professor Doutor Associado B DE, lotada no Departamento de Agroecologia e Agropecu\u00e1ria<\/p>\n<p>&nbsp;<\/p>\n<p><strong>Ana Raquel Pereira de Ata\u00edde<\/strong> (<em>representante titular\u00a0da ADUEPB)<\/em><\/p>\n<p>Professor Doutor Associado C DE, lotada no Departamento de F\u00edsica &#8211; CCT<\/p>\n<p>&nbsp;<\/p>\n<p><b>Paula Almeida de Castro<\/b><\/p>\n<p>Professor Doutor Associado A DE, lotada no Departamento de Educa\u00e7\u00e3o &#8211; CEDUC<\/p>\n<p>&nbsp;<\/p>\n<p><strong>Vagda Gutemberg Gon\u00e7alves Rocha<\/strong> (<em>representante titular do CEDUC<\/em>)<\/p>\n<p>Professor Doutor D DE, lotada no Departamento de Educa\u00e7\u00e3o &#8211; CEDUC<\/p>\n<p>&nbsp;<\/p>\n<p><strong>Gilda Carneiro Neves Ribeiro<\/strong>\u00a0(<em>representante titular da\u00a0 FALLA<\/em>)<\/p>\n<p>Professor Doutor Associado A DE, lotada na FALLA<\/p>\n<p>&nbsp;<\/p>\n<p><strong>Carla de Lima Bicho<\/strong> (<em>representante titular do CCBS<\/em>)<\/p>\n<p>Professor Doutor Associado D DE, lotada no Departamento de Biologia &#8211; CCBS<\/p>\n<p>&nbsp;<\/p>\n<p><strong>Alidianne F\u00e1bia Cabral Cavalcanti<\/strong> (<em>representante suplente do CCBS<\/em>)<\/p>\n<p>Professor Doutor\u00a0 D DE, lotada no Departamento de Odontologia &#8211; CCBS<\/p>\n<p>&nbsp;<\/p>\n<p><strong>Ingrid Farias Fechine<\/strong> (<em>representante titular do CCSA<\/em>)<\/p>\n<p>Professor Doutor Associado C DE, lotado no Departamento de Comunica\u00e7\u00e3o Social &#8211; CCSA<\/p>\n<p>&nbsp;<\/p>\n<p><strong>Jucelino Pereira Luna<\/strong>\u00a0(<em>representante suplente do CCSA<\/em>)<\/p>\n<p>Professor Doutor Associado B DE, lotado no Departamento de Administra\u00e7\u00e3o &#8211; CCSA<\/p>\n<p>&nbsp;<\/p>\n<p><strong>M\u00e1cio Augusto de Albuquerque<\/strong>\u00a0(<em>representante titular do CCT<\/em>)<\/p>\n<p>Professor Doutor Associado A DE, lotado no Departamento de Estat\u00edstica &#8211; CCT<\/p>\n<p>&nbsp;<\/p>\n<p><strong>Ivonete Batista dos Santos<\/strong> (representante suplente do CCT)<\/p>\n<p>Professor Doutor Associado B DE, lotada no Departamento de F\u00edsica &#8211; CCT<\/p>\n<p>&nbsp;<\/p>\n<p><strong>Messias Firmino de Queiroz<\/strong>\u00a0(<em>representante titular do CCAA)<\/em><\/p>\n<p>Professor Doutor Associado C DE, lotado no Departamento de Agroecologia e Agropecu\u00e1ria &#8211; CCAA<\/p>\n<p>&nbsp;<\/p>\n<p><strong>Patr\u00edcia Maria de Ara\u00fajo Gomes\u00a0<\/strong> (<em>representante suplente do CCAA)<\/em><\/p>\n<p>Professor Doutor D DE, lotada no Departamento de Agroecologia e Agropecu\u00e1ria &#8211; CCAA<\/p>\n<p>&nbsp;<\/p>\n<p><strong>Maria de F\u00e1tima de Souza Aquino <\/strong>(<em>representante suplente do CH<\/em>)<\/p>\n<p>Professor Doutor Associado C DE, lotada no Departamento de Letras &#8211; CH<\/p>\n<p>&nbsp;<\/p>\n<p><strong>Noelma Cristina Ferreira dos Santos<\/strong>\u00a0(<em>representante titular do CCHE<\/em>)<\/p>\n<p>Professor Doutor D DE, lotada Centro de Ci\u00eancias Humanas e Exatas &#8211; CCHE<\/p>\n<p>&nbsp;<\/p>\n<p><strong>Natan de Assis Lima <\/strong>(<em>representante suplente do CCHE<\/em>)<\/p>\n<p>Professor Doutor C DE, lotado Centro de Ci\u00eancias Humanas e Exatas &#8211; CCHE<\/p>\n<p>&nbsp;<\/p>\n<p><strong>Arlandson Matheus Silva Oliveira<\/strong> (<em>representante titular do CCEA<br \/>\n<\/em><\/p>\n<p>Professor Doutor C DE, lotado no Centro de Ci\u00eancias Exatas e Aplicadas &#8211; CCEA<\/p>\n<p>&nbsp;<\/p>\n<p><strong>Simone Costa Silva<\/strong> (<em>representante suplente do CCEA)<\/em><\/p>\n<p>Professor Doutor C DE, lotada no Centro de Ci\u00eancias Exatas e Aplicadas &#8211; CCEA<\/p>\n<p>&nbsp;<\/p>\n<p><strong>Fernando Ant\u00f4nio de Farias Aires J\u00fanior<\/strong>\u00a0(<em>representante titular do CCTS<\/em>)<\/p>\n<p>Professor Doutor D DE, lotado no Centro de Ci\u00eancias, Tecnologia e Sa\u00fade &#8211; CCTS<\/p>\n<p>&nbsp;<\/p>\n<p><strong>Altamir Souto Dias<\/strong>(<em>representante suplente do CCTS<\/em>)<\/p>\n<p>Professor Doutor B DE, lotado no Centro de Ci\u00eancias, Tecnologia e Sa\u00fade &#8211; CCTS<\/p>\n<p>&nbsp;<\/p>\n<p>&nbsp;<\/p>\n<p>&nbsp;<\/p>\n<p>&nbsp;<\/p>\n<p>&nbsp;<\/p>\n<p>&nbsp;<\/p>\n<p>&nbsp;<\/p>\n<p>&nbsp;<\/p>\n<p>&nbsp;<\/p>\n<p>[\/vc_column_text][\/vc_column][\/vc_row]<\/p>\n<\/div>","protected":false},"excerpt":{"rendered":"<p>[vc_row][vc_column][vc_column_text css=&#8221;&#8221;]RESOLU\u00c7\u00c3O\/UEPB\/CONSEPE\/012\/2022 Art.3\u00ba &#8211; A CPPD ser\u00e1 constitu\u00edda por:I dois representantes da Reitoria, de livre escolha, sendo um titular e um suplente, integrantes da carreira do magist\u00e9rio da UEPB;II -dois representantes, sendo um titular e um suplente, indicados pela Associa\u00e7\u00e3o dos Docentes da UEPB;III &#8211; dois representantes docentes, atuantes no Ensino M\u00e9dio e T\u00e9cnico, sendo <a class=\"leiamais\" href=\"https:\/\/comissoes.uepb.edu.br\/cppd\/composicao\/\">Leia Mais&#8230;<\/a><\/p>\n","protected":false},"author":4,"featured_media":0,"parent":0,"menu_order":0,"comment_status":"open","ping_status":"open","template":"","meta":{"_acf_changed":false,"jetpack_post_was_ever_published":false,"footnotes":""},"class_list":["post-24","page","type-page","status-publish","hentry"],"acf":[],"jetpack_sharing_enabled":true,"jetpack_shortlink":"https:\/\/wp.me\/P7WTXz-o","_links":{"self":[{"href":"https:\/\/comissoes.uepb.edu.br\/cppd\/wp-json\/wp\/v2\/pages\/24","targetHints":{"allow":["GET"]}}],"collection":[{"href":"https:\/\/comissoes.uepb.edu.br\/cppd\/wp-json\/wp\/v2\/pages"}],"about":[{"href":"https:\/\/comissoes.uepb.edu.br\/cppd\/wp-json\/wp\/v2\/types\/page"}],"author":[{"embeddable":true,"href":"https:\/\/comissoes.uepb.edu.br\/cppd\/wp-json\/wp\/v2\/users\/4"}],"replies":[{"embeddable":true,"href":"https:\/\/comissoes.uepb.edu.br\/cppd\/wp-json\/wp\/v2\/comments?post=24"}],"version-history":[{"count":14,"href":"https:\/\/comissoes.uepb.edu.br\/cppd\/wp-json\/wp\/v2\/pages\/24\/revisions"}],"predecessor-version":[{"id":569,"href":"https:\/\/comissoes.uepb.edu.br\/cppd\/wp-json\/wp\/v2\/pages\/24\/revisions\/569"}],"wp:attachment":[{"href":"https:\/\/comissoes.uepb.edu.br\/cppd\/wp-json\/wp\/v2\/media?parent=24"}],"curies":[{"name":"wp","href":"https:\/\/api.w.org\/{rel}","templated":true}]}}