{"id":45,"date":"2024-04-02T07:45:32","date_gmt":"2024-04-02T10:45:32","guid":{"rendered":"https:\/\/comissoes.uepb.edu.br\/cpia\/?page_id=45"},"modified":"2024-04-02T07:56:15","modified_gmt":"2024-04-02T10:56:15","slug":"pagina-inicial","status":"publish","type":"page","link":"https:\/\/comissoes.uepb.edu.br\/cpia\/","title":{"rendered":"P\u00e1gina Inicial"},"content":{"rendered":"<div class=\"wpb-content-wrapper\"><p>[vc_row][vc_column width=&#8221;2\/3&#8243;][vc_text_separator title=&#8221;\u00daltimas Not\u00edcias&#8221; i_icon_fontawesome=&#8221;fas fa-newspaper&#8221; i_color=&#8221;custom&#8221; title_align=&#8221;separator_align_left&#8221; add_icon=&#8221;true&#8221; i_custom_color=&#8221;#cc0000&#8243;]<div class=\"mdl-grid\"><div class=\"mdl-cell--6-col mdl-cell--6-col-tablet mdl-cell--12-col-phone bloco-noticias\"><div class=\"titulo-noticia-widget\"><a href=\"https:\/\/uepb.edu.br\/edicao-2026-da-campanha-abril-verde-promove-acoes-de-conscientizacao-sobre-saude-e-seguranca-no-ambiente-laboral\/\" target=\"_blank\"><h3 class=\"titulo-destaque-noticia\">Edi\u00e7\u00e3o 2026 da Campanha Abril Verde promove a\u00e7\u00f5es de conscientiza\u00e7\u00e3o sobre sa\u00fade e seguran\u00e7a no ambiente laboral<\/h3><\/a><\/div><div class=\"titulo-noticia-widget\"><a href=\"https:\/\/uepb.edu.br\/uepb-60-segundo-episodio-do-podcast-destaca-sustentabilidade-e-pesquisa-aplicada-na-agricultura-familiar\/\" target=\"_blank\"><h3 class=\"titulo-destaque-noticia\">UEPB 60+: segundo epis\u00f3dio do podcast destaca sustentabilidade e pesquisa aplicada na agricultura familiar<\/h3><\/a><\/div><div class=\"titulo-noticia-widget\"><a href=\"https:\/\/uepb.edu.br\/universidade-estadual-abre-selecao-para-interprete-de-libras-para-o-campus-de-patos-com-remuneracao-superior-a-r-35-mil\/\" target=\"_blank\"><h3 class=\"titulo-destaque-noticia\">Universidade Estadual abre sele\u00e7\u00e3o para int\u00e9rprete de Libras para o C\u00e2mpus de Patos com remunera\u00e7\u00e3o superior a R$ 3,5 mil<\/h3><\/a><\/div><div class=\"titulo-noticia-widget\"><a href=\"https:\/\/uepb.edu.br\/nucleo-de-estudos-afrobrasileiros-e-indigenas-oferece-ampla-programacao-dentro-da-8a-edicao-do-abril-indigena\/\" target=\"_blank\"><h3 class=\"titulo-destaque-noticia\">N\u00facleo de Estudos Afrobrasileiros e Ind\u00edgenas oferece ampla programa\u00e7\u00e3o dentro da 8\u00aa edi\u00e7\u00e3o do Abril Ind\u00edgena<\/h3><\/a><\/div><div class=\"titulo-noticia-widget\"><a href=\"https:\/\/uepb.edu.br\/universidade-estadual-da-paraiba-lamenta-falecimento-de-professor-do-departamento-de-letras-do-ccha\/\" target=\"_blank\"><h3 class=\"titulo-destaque-noticia\">Universidade Estadual da Para\u00edba lamenta falecimento de professor do Departamento de Letras, do CCHA<\/h3><\/a><\/div><\/div><div class=\"mdl-cell--6-col mdl-cell--6-col-tablet mdl-cell--12-col-phone bloco-noticias\"><div class=\"titulo-noticia-widget\"><a href=\"https:\/\/uepb.edu.br\/pro-reitoria-de-graduacao-divulga-resultado-provisorio-da-selecao-de-reingresso-referente-ao-semestre-letivo-de-2026-1\/\" target=\"_blank\"><h3 class=\"titulo-destaque-noticia\">Pr\u00f3-reitoria de Gradua\u00e7\u00e3o divulga resultado provis\u00f3rio da sele\u00e7\u00e3o de Reingresso referente ao semestre letivo de 2026.1<\/h3><\/a><\/div><div class=\"titulo-noticia-widget\"><a href=\"https:\/\/uepb.edu.br\/parceria-entre-uepb-e-ministerio-da-saude-impulsiona-inovacao-tecnologica-e-modernizacao-do-sus\/\" target=\"_blank\"><h3 class=\"titulo-destaque-noticia\">Parceria entre UEPB e Minist\u00e9rio da Sa\u00fade impulsiona inova\u00e7\u00e3o tecnol\u00f3gica e moderniza\u00e7\u00e3o do SUS<\/h3><\/a><\/div><div class=\"titulo-noticia-widget\"><a href=\"https:\/\/uepb.edu.br\/uepb-e-escola-de-servico-publico-do-estado-da-paraiba-abrem-inscricoes-para-curso-sobre-educacao-financeira\/\" target=\"_blank\"><h3 class=\"titulo-destaque-noticia\">UEPB e Escola de Servi\u00e7o P\u00fablico do Estado da Para\u00edba abrem inscri\u00e7\u00f5es para curso sobre educa\u00e7\u00e3o financeira<\/h3><\/a><\/div><div class=\"titulo-noticia-widget\"><a href=\"https:\/\/uepb.edu.br\/professor-do-departamento-de-direito-do-centro-de-humanidades-publica-capitulo-em-obra-internacional\/\" target=\"_blank\"><h3 class=\"titulo-destaque-noticia\">Professor do Departamento de Direito do Centro de Humanidades publica cap\u00edtulo em obra internacional<\/h3><\/a><\/div><div class=\"titulo-noticia-widget\"><a href=\"https:\/\/uepb.edu.br\/universidade-estadual-abre-inscricoes-para-especializacao-em-logoterapia-e-saude-da-familia-na-modalidade-ead\/\" target=\"_blank\"><h3 class=\"titulo-destaque-noticia\">Universidade Estadual abre inscri\u00e7\u00f5es para Especializa\u00e7\u00e3o em Logoterapia e Sa\u00fade da Fam\u00edlia, na modalidade EaD<\/h3><\/a><\/div><\/div><\/div>[\/vc_column][vc_column width=&#8221;1\/3&#8243;][vc_text_separator title=&#8221;Sistemas&#8221; i_icon_fontawesome=&#8221;fas fa-desktop&#8221; i_color=&#8221;custom&#8221; title_align=&#8221;separator_align_left&#8221; add_icon=&#8221;true&#8221; i_custom_color=&#8221;#cc0000&#8243;][vc_btn title=&#8221;ACUMULA\u00c7\u00c3O DE V\u00cdNCULOS P\u00daBLICOS&#8221; style=&#8221;flat&#8221; shape=&#8221;square&#8221; color=&#8221;primary&#8221; size=&#8221;lg&#8221; align=&#8221;left&#8221; button_block=&#8221;true&#8221; link=&#8221;url:https%3A%2F%2Ftce.pb.gov.br%2Fpaineis%2Facumulacao-de-vinculos-publicos|target:_blank&#8221; css=&#8221;.vc_custom_1712055279980{margin-bottom: 10px !important;}&#8221;][vc_btn title=&#8221;TRANSPAR\u00caNCIA P\u00daBLICA&#8221; style=&#8221;flat&#8221; shape=&#8221;square&#8221; color=&#8221;danger&#8221; size=&#8221;lg&#8221; align=&#8221;left&#8221; button_block=&#8221;true&#8221; link=&#8221;url:http%3A%2F%2Ftransparencia.uepb.edu.br%2F|target:_blank&#8221; css=&#8221;.vc_custom_1712055299126{margin-bottom: 10px !important;}&#8221;][vc_btn title=&#8221;SAGRES ONLINE&#8221; style=&#8221;flat&#8221; shape=&#8221;square&#8221; color=&#8221;blue&#8221; size=&#8221;lg&#8221; align=&#8221;left&#8221; button_block=&#8221;true&#8221; link=&#8221;url:https%3A%2F%2Ftce.pb.gov.br%2Fsagres-online|target:_blank&#8221; css=&#8221;.vc_custom_1712055373695{margin-bottom: 10px !important;}&#8221;][\/vc_column][\/vc_row]<\/p>\n<\/div>","protected":false},"excerpt":{"rendered":"<p>[vc_row][vc_column width=&#8221;2\/3&#8243;][vc_text_separator title=&#8221;\u00daltimas Not\u00edcias&#8221; i_icon_fontawesome=&#8221;fas fa-newspaper&#8221; i_color=&#8221;custom&#8221; title_align=&#8221;separator_align_left&#8221; add_icon=&#8221;true&#8221; i_custom_color=&#8221;#cc0000&#8243;][\/vc_column][vc_column width=&#8221;1\/3&#8243;][vc_text_separator title=&#8221;Sistemas&#8221; i_icon_fontawesome=&#8221;fas fa-desktop&#8221; i_color=&#8221;custom&#8221; title_align=&#8221;separator_align_left&#8221; add_icon=&#8221;true&#8221; i_custom_color=&#8221;#cc0000&#8243;][vc_btn title=&#8221;ACUMULA\u00c7\u00c3O DE V\u00cdNCULOS P\u00daBLICOS&#8221; style=&#8221;flat&#8221; shape=&#8221;square&#8221; color=&#8221;primary&#8221; size=&#8221;lg&#8221; align=&#8221;left&#8221; button_block=&#8221;true&#8221; link=&#8221;url:https%3A%2F%2Ftce.pb.gov.br%2Fpaineis%2Facumulacao-de-vinculos-publicos|target:_blank&#8221; css=&#8221;.vc_custom_1712055279980{margin-bottom: 10px !important;}&#8221;][vc_btn title=&#8221;TRANSPAR\u00caNCIA P\u00daBLICA&#8221; style=&#8221;flat&#8221; shape=&#8221;square&#8221; color=&#8221;danger&#8221; size=&#8221;lg&#8221; align=&#8221;left&#8221; button_block=&#8221;true&#8221; link=&#8221;url:http%3A%2F%2Ftransparencia.uepb.edu.br%2F|target:_blank&#8221; css=&#8221;.vc_custom_1712055299126{margin-bottom: 10px !important;}&#8221;][vc_btn title=&#8221;SAGRES ONLINE&#8221; style=&#8221;flat&#8221; shape=&#8221;square&#8221; color=&#8221;blue&#8221; size=&#8221;lg&#8221; align=&#8221;left&#8221; button_block=&#8221;true&#8221; link=&#8221;url:https%3A%2F%2Ftce.pb.gov.br%2Fsagres-online|target:_blank&#8221; css=&#8221;.vc_custom_1712055373695{margin-bottom: 10px <a class=\"leiamais\" href=\"https:\/\/comissoes.uepb.edu.br\/cpia\/\">Leia Mais&#8230;<\/a><\/p>\n","protected":false},"author":13,"featured_media":0,"parent":0,"menu_order":0,"comment_status":"closed","ping_status":"closed","template":"","meta":{"_acf_changed":false,"footnotes":""},"class_list":["post-45","page","type-page","status-publish","hentry"],"acf":[],"_links":{"self":[{"href":"https:\/\/comissoes.uepb.edu.br\/cpia\/wp-json\/wp\/v2\/pages\/45","targetHints":{"allow":["GET"]}}],"collection":[{"href":"https:\/\/comissoes.uepb.edu.br\/cpia\/wp-json\/wp\/v2\/pages"}],"about":[{"href":"https:\/\/comissoes.uepb.edu.br\/cpia\/wp-json\/wp\/v2\/types\/page"}],"author":[{"embeddable":true,"href":"https:\/\/comissoes.uepb.edu.br\/cpia\/wp-json\/wp\/v2\/users\/13"}],"replies":[{"embeddable":true,"href":"https:\/\/comissoes.uepb.edu.br\/cpia\/wp-json\/wp\/v2\/comments?post=45"}],"version-history":[{"count":4,"href":"https:\/\/comissoes.uepb.edu.br\/cpia\/wp-json\/wp\/v2\/pages\/45\/revisions"}],"predecessor-version":[{"id":49,"href":"https:\/\/comissoes.uepb.edu.br\/cpia\/wp-json\/wp\/v2\/pages\/45\/revisions\/49"}],"wp:attachment":[{"href":"https:\/\/comissoes.uepb.edu.br\/cpia\/wp-json\/wp\/v2\/media?parent=45"}],"curies":[{"name":"wp","href":"https:\/\/api.w.org\/{rel}","templated":true}]}}