{"id":18,"date":"2020-03-05T13:30:58","date_gmt":"2020-03-05T16:30:58","guid":{"rendered":"https:\/\/comissoes.uepb.edu.br\/cpia\/?page_id=18"},"modified":"2020-03-05T13:31:00","modified_gmt":"2020-03-05T16:31:00","slug":"sistemas","status":"publish","type":"page","link":"https:\/\/comissoes.uepb.edu.br\/cpia\/sistemas\/","title":{"rendered":"Sistemas"},"content":{"rendered":"\n<p><a rel=\"noreferrer noopener\" aria-label=\" (abre numa nova aba)\" href=\"https:\/\/tce.pb.gov.br\/paineis\/acumulacao-de-vinculos-publicos\" target=\"_blank\">ACUMULA\u00c7\u00c3O DE V\u00cdNCULOS P\u00daBLICOS<\/a>  <br><a rel=\"noreferrer noopener\" aria-label=\" (abre numa nova aba)\" href=\"http:\/\/transparencia.uepb.edu.br\/\" target=\"_blank\">TRANSPAR\u00caNCIA P\u00daBLICA<\/a><br><a href=\"https:\/\/tce.pb.gov.br\/sagres-online\">SAGRES ONLINE<\/a><\/p>\n","protected":false},"excerpt":{"rendered":"<p>ACUMULA\u00c7\u00c3O DE V\u00cdNCULOS P\u00daBLICOS TRANSPAR\u00caNCIA P\u00daBLICASAGRES ONLINE<\/p>\n","protected":false},"author":5,"featured_media":0,"parent":0,"menu_order":0,"comment_status":"closed","ping_status":"closed","template":"","meta":{"_acf_changed":false,"footnotes":""},"class_list":["post-18","page","type-page","status-publish","hentry"],"acf":[],"_links":{"self":[{"href":"https:\/\/comissoes.uepb.edu.br\/cpia\/wp-json\/wp\/v2\/pages\/18","targetHints":{"allow":["GET"]}}],"collection":[{"href":"https:\/\/comissoes.uepb.edu.br\/cpia\/wp-json\/wp\/v2\/pages"}],"about":[{"href":"https:\/\/comissoes.uepb.edu.br\/cpia\/wp-json\/wp\/v2\/types\/page"}],"author":[{"embeddable":true,"href":"https:\/\/comissoes.uepb.edu.br\/cpia\/wp-json\/wp\/v2\/users\/5"}],"replies":[{"embeddable":true,"href":"https:\/\/comissoes.uepb.edu.br\/cpia\/wp-json\/wp\/v2\/comments?post=18"}],"version-history":[{"count":1,"href":"https:\/\/comissoes.uepb.edu.br\/cpia\/wp-json\/wp\/v2\/pages\/18\/revisions"}],"predecessor-version":[{"id":19,"href":"https:\/\/comissoes.uepb.edu.br\/cpia\/wp-json\/wp\/v2\/pages\/18\/revisions\/19"}],"wp:attachment":[{"href":"https:\/\/comissoes.uepb.edu.br\/cpia\/wp-json\/wp\/v2\/media?parent=18"}],"curies":[{"name":"wp","href":"https:\/\/api.w.org\/{rel}","templated":true}]}}