{"id":14,"date":"2020-03-05T13:17:40","date_gmt":"2020-03-05T16:17:40","guid":{"rendered":"https:\/\/comissoes.uepb.edu.br\/cpia\/?page_id=14"},"modified":"2020-03-25T12:16:59","modified_gmt":"2020-03-25T15:16:59","slug":"composicao","status":"publish","type":"page","link":"https:\/\/comissoes.uepb.edu.br\/cpia\/composicao\/","title":{"rendered":"Composi\u00e7\u00e3o"},"content":{"rendered":"\n<p><strong>Presidente:<\/strong><br>MICHELLE ROCHA FIDELIS GUERRA  <br><em>Matr\u00edcula 1.01912-1<\/em><\/p>\n\n\n\n<p><strong>Membros:<\/strong><br>SILV\u00c2NIA KARLA DE FARIAS LIMA<br><em>Matr\u00edcula 1.21190-1<\/em><\/p>\n\n\n\n<p>MARCONIO CAVALCANTI BRAND\u00c3O FILHO<br><em>Matr\u00edcula 1.04542-8<\/em><\/p>\n\n\n\n<p><strong>Secret\u00e1ria:<\/strong><br>FABIANA LIRA BARBOSA<br><em>Matr\u00edcula 1.04537-3<\/em><\/p>\n\n\n\n<p><a href=\"http:\/\/transparencia.uepb.edu.br\/download\/portaria-uepb-gr-0768-19-designacao-da-comissao-de-inquerito-administrativo-cpia\/\" target=\"_blank\" rel=\"noreferrer noopener\" aria-label=\"PORTARIA\/UEPB\/GR\/0768\/2019  (abre numa nova aba)\">PORTARIA\/UEPB\/GR\/0768\/2019 <\/a><\/p>\n","protected":false},"excerpt":{"rendered":"<p>Presidente:MICHELLE ROCHA FIDELIS GUERRA Matr\u00edcula 1.01912-1 Membros:SILV\u00c2NIA KARLA DE FARIAS LIMAMatr\u00edcula 1.21190-1 MARCONIO CAVALCANTI BRAND\u00c3O FILHOMatr\u00edcula 1.04542-8 Secret\u00e1ria:FABIANA LIRA BARBOSAMatr\u00edcula 1.04537-3 PORTARIA\/UEPB\/GR\/0768\/2019<\/p>\n","protected":false},"author":5,"featured_media":0,"parent":0,"menu_order":0,"comment_status":"closed","ping_status":"closed","template":"","meta":{"_acf_changed":false,"footnotes":""},"class_list":["post-14","page","type-page","status-publish","hentry"],"acf":[],"_links":{"self":[{"href":"https:\/\/comissoes.uepb.edu.br\/cpia\/wp-json\/wp\/v2\/pages\/14","targetHints":{"allow":["GET"]}}],"collection":[{"href":"https:\/\/comissoes.uepb.edu.br\/cpia\/wp-json\/wp\/v2\/pages"}],"about":[{"href":"https:\/\/comissoes.uepb.edu.br\/cpia\/wp-json\/wp\/v2\/types\/page"}],"author":[{"embeddable":true,"href":"https:\/\/comissoes.uepb.edu.br\/cpia\/wp-json\/wp\/v2\/users\/5"}],"replies":[{"embeddable":true,"href":"https:\/\/comissoes.uepb.edu.br\/cpia\/wp-json\/wp\/v2\/comments?post=14"}],"version-history":[{"count":2,"href":"https:\/\/comissoes.uepb.edu.br\/cpia\/wp-json\/wp\/v2\/pages\/14\/revisions"}],"predecessor-version":[{"id":40,"href":"https:\/\/comissoes.uepb.edu.br\/cpia\/wp-json\/wp\/v2\/pages\/14\/revisions\/40"}],"wp:attachment":[{"href":"https:\/\/comissoes.uepb.edu.br\/cpia\/wp-json\/wp\/v2\/media?parent=14"}],"curies":[{"name":"wp","href":"https:\/\/api.w.org\/{rel}","templated":true}]}}