{"id":12,"date":"2020-03-05T13:14:08","date_gmt":"2020-03-05T16:14:08","guid":{"rendered":"https:\/\/comissoes.uepb.edu.br\/cpia\/?page_id=12"},"modified":"2020-03-05T13:14:09","modified_gmt":"2020-03-05T16:14:09","slug":"apresentacao","status":"publish","type":"page","link":"https:\/\/comissoes.uepb.edu.br\/cpia\/apresentacao\/","title":{"rendered":"Apresenta\u00e7\u00e3o"},"content":{"rendered":"\n<p>Atendendo aos princ\u00edpios da Constitui\u00e7\u00e3o Federal de 1988 disciplinados no artigo 37, baseando-se ainda a Lei n\u00ba 9.784, de 25 de janeiro de 1999, que regulamenta o processo administrativo no \u00e2mbito da Administra\u00e7\u00e3o P\u00fablica Federal, em 2002, a Universidade Estadual da Para\u00edba, seguindo as recomenda\u00e7\u00f5es da Carta Magna, assim como, artigo 161 do Regimento Geral (1996), artigo 106 do Estatuto (atualizado pela PORTARIA\/UEPB\/GR\/0441\/2017, de 29 de setembro de 2017) da UEPB  e da Lei Complementar n\u00ba 39\/1985 (atual Lei Complementar n\u00ba 58\/2003) criou a Comiss\u00e3o Permanente de Inqu\u00e9rito, atrav\u00e9s da RESOLU\u00c7\u00c3O\/UEPB\/CONSUNI\/06\/2002.<\/p>\n\n\n\n<p> A CPIA \u2013 Comiss\u00e3o Permanente de Inqu\u00e9rito Administrativo da UEPB, tem por objetivo tratar todas as demandas do Regime Disciplinar e dos Processos Administrativos Disciplinares, Titulos IV e V, respectivamente, da Lei Complementar n\u00ba 58\/2003, que disp\u00f5e sobre o Regime Jur\u00eddico dos Servidores P\u00fablicos Civis do Estado da Para\u00edba e d\u00e1 outras provid\u00eancias.<\/p>\n\n\n\n<p>Visando atender as demandas da UEPB, tem como miss\u00e3o primordial atuar e assessorar \u00e0 Dire\u00e7\u00e3o da UEPB, no sentido de buscar as a\u00e7\u00f5es que venham melhorar, em toda sua abrang\u00eancia, a resolu\u00e7\u00e3o dos conflitos e proporcionar melhores condi\u00e7\u00f5es aos envolvidos, garantindo a seguran\u00e7a jur\u00eddica nos Processos Administrativos Disciplinares.<\/p>\n","protected":false},"excerpt":{"rendered":"<p>Atendendo aos princ\u00edpios da Constitui\u00e7\u00e3o Federal de 1988 disciplinados no artigo 37, baseando-se ainda a Lei n\u00ba 9.784, de 25 de janeiro de 1999, que regulamenta o processo administrativo no \u00e2mbito da Administra\u00e7\u00e3o P\u00fablica Federal, em 2002, a Universidade Estadual da Para\u00edba, seguindo as recomenda\u00e7\u00f5es da Carta Magna, assim como, artigo 161 do Regimento Geral <a class=\"leiamais\" href=\"https:\/\/comissoes.uepb.edu.br\/cpia\/apresentacao\/\">Leia Mais&#8230;<\/a><\/p>\n","protected":false},"author":5,"featured_media":0,"parent":0,"menu_order":0,"comment_status":"closed","ping_status":"closed","template":"","meta":{"_acf_changed":false,"footnotes":""},"class_list":["post-12","page","type-page","status-publish","hentry"],"acf":[],"_links":{"self":[{"href":"https:\/\/comissoes.uepb.edu.br\/cpia\/wp-json\/wp\/v2\/pages\/12","targetHints":{"allow":["GET"]}}],"collection":[{"href":"https:\/\/comissoes.uepb.edu.br\/cpia\/wp-json\/wp\/v2\/pages"}],"about":[{"href":"https:\/\/comissoes.uepb.edu.br\/cpia\/wp-json\/wp\/v2\/types\/page"}],"author":[{"embeddable":true,"href":"https:\/\/comissoes.uepb.edu.br\/cpia\/wp-json\/wp\/v2\/users\/5"}],"replies":[{"embeddable":true,"href":"https:\/\/comissoes.uepb.edu.br\/cpia\/wp-json\/wp\/v2\/comments?post=12"}],"version-history":[{"count":1,"href":"https:\/\/comissoes.uepb.edu.br\/cpia\/wp-json\/wp\/v2\/pages\/12\/revisions"}],"predecessor-version":[{"id":13,"href":"https:\/\/comissoes.uepb.edu.br\/cpia\/wp-json\/wp\/v2\/pages\/12\/revisions\/13"}],"wp:attachment":[{"href":"https:\/\/comissoes.uepb.edu.br\/cpia\/wp-json\/wp\/v2\/media?parent=12"}],"curies":[{"name":"wp","href":"https:\/\/api.w.org\/{rel}","templated":true}]}}