{"id":6,"date":"2016-07-29T10:40:37","date_gmt":"2016-07-29T13:40:37","guid":{"rendered":"https:\/\/comissoes.uepb.edu.br\/cpac\/?page_id=6"},"modified":"2022-04-13T12:42:33","modified_gmt":"2022-04-13T15:42:33","slug":"apresentacao","status":"publish","type":"page","link":"https:\/\/comissoes.uepb.edu.br\/cpac\/apresentacao\/","title":{"rendered":"A CPAC"},"content":{"rendered":"<p style=\"text-align: justify\"><strong>Hist\u00f3rico<\/strong><\/p>\n<p style=\"text-align: justify\">A Comiss\u00e3o Permanente de Acumula\u00e7\u00e3o de Cargos e Vencimentos \u2013 CPAC, cuja instala\u00e7\u00e3o \u00e9 prevista no Inciso VI, Art. 88, Cap\u00edtulo VII do Estatuto desta Universidade, \u00e9 um \u00f3rg\u00e3o colegiado de car\u00e1ter consultivo, vinculado \u00e0 Reitoria, incumbida de zelar pela regularidade da situa\u00e7\u00e3o funcional dos servidores da UEPB, no tocante \u00e0 acumula\u00e7\u00e3o de cargos e vencimentos.<\/p>\n<p style=\"text-align: justify\">Com o significativo avan\u00e7o da UEPB, a partir de 2005, mudan\u00e7as importantes foram evidenciadas em todos os seus setores de atividade, muito especialmente no tocante a infra-estrutura para o adequado desenvolvimento das atividades acad\u00eamico-cient\u00edficas e a valoriza\u00e7\u00e3o\/reconhecimento do trabalho do pessoal docente e t\u00e9cnico-administrativo que resultou na implanta\u00e7\u00e3o de Planos de Cargos, Carreira e Remunera\u00e7\u00e3o para ambas as categorias, referendados pela imensa maioria dos servidores, que garantiu remunera\u00e7\u00e3o justa pelo trabalho universit\u00e1rio e perspectiva de crescimento funcional).<\/p>\n<p style=\"text-align: justify\">A insatisfa\u00e7\u00e3o e o desinteresse\/descompromisso antes observados no desenvolvimento das atividades docentes e administrativas se justificavam pelas p\u00e9ssimas condi\u00e7\u00f5es de trabalho e remunera\u00e7\u00e3o.<\/p>\n<p style=\"text-align: justify\">Hoje, como reconhecimento dessas conquistas, a Universidade espera da comunidade universit\u00e1ria \u2013 principalmente professores, e servidores t\u00e9cnico-administrativos, o efetivo compromisso com a qualidade do ensino, pesquisa e extens\u00e3o em uma institui\u00e7\u00e3o que quer e tem o dever de cumprir o seu papel social.<\/p>\n<p style=\"text-align: justify\">Foi o advento daquelas conquistas que impulsionou o Reitorado dessa Universidade a tomar decis\u00f5es quanto a instala\u00e7\u00e3o e regulamenta\u00e7\u00e3o de Comiss\u00f5es, como a CPPD, a CIAST, a CPA e a CPAC, todas com a finalidade \u00fanica de contribuir para melhorar cada vez mais os servi\u00e7os prestados pela Universidade a sociedade que lhe \u00e9 mantenedora. Como um recurso a mais para garantir o compromisso com uma universidade de qualidade.<\/p>\n<p style=\"text-align: justify\"><strong>Atribui\u00e7\u00f5es<\/strong><\/p>\n<p style=\"text-align: justify\">Compete a CPAC analisar os processos de admiss\u00e3o e de declara\u00e7\u00e3o de habilita\u00e7\u00e3o dos servidores docentes e t\u00e9cnico-administrativos, bem como acompanhar a regularidade da sua situa\u00e7\u00e3o funcional mediante atualiza\u00e7\u00e3o das declara\u00e7\u00f5es de acumula\u00e7\u00e3o de cargos, empregos e fun\u00e7\u00f5es.<\/p>\n<p style=\"text-align: justify\">Ainda, \u00e9 de compet\u00eancia dessa Comiss\u00e3o o exame de fatos que chegarem formalmente ao seu conhecimento, relativos a poss\u00edveis ocorr\u00eancias de acumula\u00e7\u00e3o il\u00edcita de cargos, bem como, caso necess\u00e1rio, a requisi\u00e7\u00e3o de instaura\u00e7\u00e3o de procedimento sindicante para a devida apura\u00e7\u00e3o de den\u00fancia sobre acumula\u00e7\u00e3o il\u00edcita.<\/p>\n<p><strong>Composi\u00e7\u00e3o<\/strong><\/p>\n","protected":false},"excerpt":{"rendered":"<p>Hist\u00f3rico A Comiss\u00e3o Permanente de Acumula\u00e7\u00e3o de Cargos e Vencimentos \u2013 CPAC, cuja instala\u00e7\u00e3o \u00e9 prevista no Inciso VI, Art. 88, Cap\u00edtulo VII do Estatuto desta Universidade, \u00e9 um \u00f3rg\u00e3o colegiado de car\u00e1ter consultivo, vinculado \u00e0 Reitoria, incumbida de zelar pela regularidade da situa\u00e7\u00e3o funcional dos servidores da UEPB, no tocante \u00e0 acumula\u00e7\u00e3o de cargos <a class=\"leiamais\" href=\"https:\/\/comissoes.uepb.edu.br\/cpac\/apresentacao\/\">Leia Mais&#8230;<\/a><\/p>\n","protected":false},"author":2,"featured_media":0,"parent":0,"menu_order":0,"comment_status":"closed","ping_status":"closed","template":"","meta":{"_acf_changed":false,"jetpack_post_was_ever_published":false,"footnotes":""},"class_list":["post-6","page","type-page","status-publish","hentry"],"acf":[],"jetpack_sharing_enabled":true,"jetpack_shortlink":"https:\/\/wp.me\/P7WTYx-6","_links":{"self":[{"href":"https:\/\/comissoes.uepb.edu.br\/cpac\/wp-json\/wp\/v2\/pages\/6","targetHints":{"allow":["GET"]}}],"collection":[{"href":"https:\/\/comissoes.uepb.edu.br\/cpac\/wp-json\/wp\/v2\/pages"}],"about":[{"href":"https:\/\/comissoes.uepb.edu.br\/cpac\/wp-json\/wp\/v2\/types\/page"}],"author":[{"embeddable":true,"href":"https:\/\/comissoes.uepb.edu.br\/cpac\/wp-json\/wp\/v2\/users\/2"}],"replies":[{"embeddable":true,"href":"https:\/\/comissoes.uepb.edu.br\/cpac\/wp-json\/wp\/v2\/comments?post=6"}],"version-history":[{"count":4,"href":"https:\/\/comissoes.uepb.edu.br\/cpac\/wp-json\/wp\/v2\/pages\/6\/revisions"}],"predecessor-version":[{"id":202,"href":"https:\/\/comissoes.uepb.edu.br\/cpac\/wp-json\/wp\/v2\/pages\/6\/revisions\/202"}],"wp:attachment":[{"href":"https:\/\/comissoes.uepb.edu.br\/cpac\/wp-json\/wp\/v2\/media?parent=6"}],"curies":[{"name":"wp","href":"https:\/\/api.w.org\/{rel}","templated":true}]}}