{"id":313,"date":"2024-07-10T08:13:04","date_gmt":"2024-07-10T11:13:04","guid":{"rendered":"https:\/\/comissoes.uepb.edu.br\/cpac\/?page_id=313"},"modified":"2024-07-10T08:13:04","modified_gmt":"2024-07-10T11:13:04","slug":"pagina-inicial","status":"publish","type":"page","link":"https:\/\/comissoes.uepb.edu.br\/cpac\/","title":{"rendered":"P\u00e1gina Inicial"},"content":{"rendered":"<div class=\"wpb-content-wrapper\"><p>[vc_row][vc_column][vc_text_separator title=&#8221;Not\u00edcias&#8221; i_icon_fontawesome=&#8221;fas fa-angle-double-right&#8221; i_color=&#8221;custom&#8221; title_align=&#8221;separator_align_left&#8221; add_icon=&#8221;true&#8221; i_custom_color=&#8221;#cc0000&#8243;]<div class=\"mdl-grid\"><div class=\"mdl-cell--4-col mdl-cell--6-col-tablet mdl-cell--12-col-phone bloco-noticias\"><div class=\"titulo-noticia-widget\"><a href=\"https:\/\/comissoes.uepb.edu.br\/cpac\/cpac-informa-sobre-a-impossibilidade-de-utilizacao-de-capturas-de-tela-prints-para-fins-de-comprovacoes\/\"><h3 class=\"titulo-destaque-noticia\">CPAC informa sobre a impossibilidade de utiliza\u00e7\u00e3o de capturas de tela (prints) para fins de comprova\u00e7\u00f5es<\/h3><\/a><\/div><\/div><div class=\"mdl-cell--4-col mdl-cell--6-col-tablet mdl-cell--12-col-phone bloco-noticias\"><div class=\"titulo-noticia-widget\"><a href=\"https:\/\/comissoes.uepb.edu.br\/cpac\/cpac-informa-sobre-calendario-de-reunioes-para-deliberacao-acerca-de-processos-administrativos\/\"><h3 class=\"titulo-destaque-noticia\">CPAC informa sobre calend\u00e1rio de reuni\u00f5es para delibera\u00e7\u00e3o acerca de processos administrativos<\/h3><\/a><\/div><\/div><div class=\"mdl-cell--4-col mdl-cell--6-col-tablet mdl-cell--12-col-phone bloco-noticias\"><div class=\"titulo-noticia-widget\"><a href=\"https:\/\/comissoes.uepb.edu.br\/cpac\/cpac-informa-sobre-procedimentos-para-manifestacoes-em-processos-administrativos\/\"><h3 class=\"titulo-destaque-noticia\">CPAC informa sobre procedimentos para manifesta\u00e7\u00f5es em processos administrativos<\/h3><\/a><\/div><\/div><\/div>[\/vc_column][\/vc_row]<\/p>\n<\/div>","protected":false},"excerpt":{"rendered":"<p>[vc_row][vc_column][vc_text_separator title=&#8221;Not\u00edcias&#8221; i_icon_fontawesome=&#8221;fas fa-angle-double-right&#8221; i_color=&#8221;custom&#8221; title_align=&#8221;separator_align_left&#8221; add_icon=&#8221;true&#8221; i_custom_color=&#8221;#cc0000&#8243;][\/vc_column][\/vc_row]<\/p>\n","protected":false},"author":9,"featured_media":0,"parent":0,"menu_order":0,"comment_status":"closed","ping_status":"closed","template":"","meta":{"_acf_changed":false,"jetpack_post_was_ever_published":false,"footnotes":""},"class_list":["post-313","page","type-page","status-publish","hentry"],"acf":[],"jetpack_sharing_enabled":true,"jetpack_shortlink":"https:\/\/wp.me\/P7WTYx-53","_links":{"self":[{"href":"https:\/\/comissoes.uepb.edu.br\/cpac\/wp-json\/wp\/v2\/pages\/313","targetHints":{"allow":["GET"]}}],"collection":[{"href":"https:\/\/comissoes.uepb.edu.br\/cpac\/wp-json\/wp\/v2\/pages"}],"about":[{"href":"https:\/\/comissoes.uepb.edu.br\/cpac\/wp-json\/wp\/v2\/types\/page"}],"author":[{"embeddable":true,"href":"https:\/\/comissoes.uepb.edu.br\/cpac\/wp-json\/wp\/v2\/users\/9"}],"replies":[{"embeddable":true,"href":"https:\/\/comissoes.uepb.edu.br\/cpac\/wp-json\/wp\/v2\/comments?post=313"}],"version-history":[{"count":1,"href":"https:\/\/comissoes.uepb.edu.br\/cpac\/wp-json\/wp\/v2\/pages\/313\/revisions"}],"predecessor-version":[{"id":315,"href":"https:\/\/comissoes.uepb.edu.br\/cpac\/wp-json\/wp\/v2\/pages\/313\/revisions\/315"}],"wp:attachment":[{"href":"https:\/\/comissoes.uepb.edu.br\/cpac\/wp-json\/wp\/v2\/media?parent=313"}],"curies":[{"name":"wp","href":"https:\/\/api.w.org\/{rel}","templated":true}]}}