{"id":154,"date":"2022-04-04T11:42:03","date_gmt":"2022-04-04T14:42:03","guid":{"rendered":"https:\/\/comissoes.uepb.edu.br\/cpac\/?page_id=154"},"modified":"2022-04-13T12:38:02","modified_gmt":"2022-04-13T15:38:02","slug":"links-e-documentos","status":"publish","type":"page","link":"https:\/\/comissoes.uepb.edu.br\/cpac\/links-e-documentos\/","title":{"rendered":"Documentos e Tutoriais"},"content":{"rendered":"<p><strong>Documentos para download<\/strong><\/p>\n<p><a href=\"https:\/\/comissoes.uepb.edu.br\/cpac\/wp-content\/uploads\/sites\/6\/2022\/04\/TCE-PB-CARTILHA-ACUMULAC\u0327A\u0303O-DE-CARGOS-2017.pdf\">TCE &#8211; PB &#8211; CARTILHA ACUMULAC\u0327A\u0303O DE CARGOS 2017<\/a><\/p>\n<p><a href=\"https:\/\/comissoes.uepb.edu.br\/cpac\/wp-content\/uploads\/sites\/6\/2022\/04\/LEI-COMPLEMENTAR-58-Estatuto-dos-Servidores.pdf\">LEI COMPLEMENTAR &#8211; 58 &#8211; Estatuto dos Servidores da Para\u00edba<\/a><\/p>\n<p><a href=\"https:\/\/comissoes.uepb.edu.br\/cpac\/wp-content\/uploads\/sites\/6\/2022\/04\/054-2010-Res_Encarg_docentes_aprovada_20_12_2010.pdf\">Resolu\u00e7\u00e3o 054 &#8211; 2010 &#8211; Encargos Docentes<\/a><\/p>\n<p><a href=\"https:\/\/comissoes.uepb.edu.br\/cpac\/wp-content\/uploads\/sites\/6\/2022\/04\/LEI-No-8.441-DE-28-DE-DEZEMBRO-DE-2007.pdf\">LEI N\u00ba 8.441 DE 28 DE DEZEMBRO DE 2007<\/a><\/p>\n<p><a href=\"https:\/\/comissoes.uepb.edu.br\/cpac\/wp-content\/uploads\/sites\/6\/2022\/04\/Lei-8.442-de-29-de-dezembro-de-2007-PCCR-dos-Te\u0301cnicos.pdf\">Lei 8.442, de 29 de dezembro de 2007<\/a><\/p>\n<p><a href=\"https:\/\/comissoes.uepb.edu.br\/cpac\/wp-content\/uploads\/sites\/6\/2022\/04\/Declaracao-Negativa-de-Acumulacao-de-Cargo-Publico-e-Proventos-de-Inatividade.pdf\">Declarac\u00e3o Negativa de Acumula\u00e7\u00e3o de Cargo Publico e Proventos de Inatividade<\/a><\/p>\n<p><strong>Tutoriais<\/strong><\/p>\n<p><a href=\"https:\/\/www.youtube.com\/watch?v=HoN4MbFdGco\">LIVE CTIC &#8211; SUAP &#8211; Sistema Unificado de Administra\u00e7\u00e3o P\u00fablica (SUAP)<\/a><\/p>\n<p><a href=\"https:\/\/ctic.uepb.edu.br\/download\/suapdoceletronico-2021\/?wpdmdl=3090&amp;masterkey=5fea6725bcad1\">Documentos<\/a><a href=\"https:\/\/ctic.uepb.edu.br\/download\/suapdoceletronico-2021\/?wpdmdl=3090&amp;masterkey=5fea6725bcad1\"> Eletr\u00f4nicos<\/a><a href=\"https:\/\/ctic.uepb.edu.br\/download\/suapdoceletronico-2021\/?wpdmdl=3090&amp;masterkey=5fea6725bcad1\"> (SUAP)<\/a><\/p>\n<p><a href=\"https:\/\/ctic.uepb.edu.br\/download\/suapproceletronico-2021\/?wpdmdl=3091&amp;masterkey=5fea67a660020\">Processos Eletr\u00f4nicos (SUAP)<\/a><\/p>\n<p><a href=\"https:\/\/ctic.uepb.edu.br\/tutoriais\/\">Recupera\u00e7\u00e3o de acesso ao SUAP e outras informa\u00e7\u00f5es<\/a><\/p>\n<p>&nbsp;<\/p>\n","protected":false},"excerpt":{"rendered":"<p>Documentos para download TCE &#8211; PB &#8211; CARTILHA ACUMULAC\u0327A\u0303O DE CARGOS 2017 LEI COMPLEMENTAR &#8211; 58 &#8211; Estatuto dos Servidores da Para\u00edba Resolu\u00e7\u00e3o 054 &#8211; 2010 &#8211; Encargos Docentes LEI N\u00ba 8.441 DE 28 DE DEZEMBRO DE 2007 Lei 8.442, de 29 de dezembro de 2007 Declarac\u00e3o Negativa de Acumula\u00e7\u00e3o de Cargo Publico e Proventos <a class=\"leiamais\" href=\"https:\/\/comissoes.uepb.edu.br\/cpac\/links-e-documentos\/\">Leia Mais&#8230;<\/a><\/p>\n","protected":false},"author":21,"featured_media":0,"parent":0,"menu_order":0,"comment_status":"closed","ping_status":"closed","template":"","meta":{"_acf_changed":false,"jetpack_post_was_ever_published":false,"footnotes":""},"class_list":["post-154","page","type-page","status-publish","hentry"],"acf":[],"jetpack_sharing_enabled":true,"jetpack_shortlink":"https:\/\/wp.me\/P7WTYx-2u","_links":{"self":[{"href":"https:\/\/comissoes.uepb.edu.br\/cpac\/wp-json\/wp\/v2\/pages\/154","targetHints":{"allow":["GET"]}}],"collection":[{"href":"https:\/\/comissoes.uepb.edu.br\/cpac\/wp-json\/wp\/v2\/pages"}],"about":[{"href":"https:\/\/comissoes.uepb.edu.br\/cpac\/wp-json\/wp\/v2\/types\/page"}],"author":[{"embeddable":true,"href":"https:\/\/comissoes.uepb.edu.br\/cpac\/wp-json\/wp\/v2\/users\/21"}],"replies":[{"embeddable":true,"href":"https:\/\/comissoes.uepb.edu.br\/cpac\/wp-json\/wp\/v2\/comments?post=154"}],"version-history":[{"count":6,"href":"https:\/\/comissoes.uepb.edu.br\/cpac\/wp-json\/wp\/v2\/pages\/154\/revisions"}],"predecessor-version":[{"id":191,"href":"https:\/\/comissoes.uepb.edu.br\/cpac\/wp-json\/wp\/v2\/pages\/154\/revisions\/191"}],"wp:attachment":[{"href":"https:\/\/comissoes.uepb.edu.br\/cpac\/wp-json\/wp\/v2\/media?parent=154"}],"curies":[{"name":"wp","href":"https:\/\/api.w.org\/{rel}","templated":true}]}}