{"id":151,"date":"2022-04-04T11:41:27","date_gmt":"2022-04-04T14:41:27","guid":{"rendered":"https:\/\/comissoes.uepb.edu.br\/cpac\/?page_id=151"},"modified":"2022-04-13T12:41:00","modified_gmt":"2022-04-13T15:41:00","slug":"tramite-processual","status":"publish","type":"page","link":"https:\/\/comissoes.uepb.edu.br\/cpac\/tramite-processual\/","title":{"rendered":"Tr\u00e2mite processual"},"content":{"rendered":"<p><img loading=\"lazy\" decoding=\"async\" class=\"alignnone size-full wp-image-199 img-responsive\" src=\"https:\/\/comissoes.uepb.edu.br\/cpac\/wp-content\/uploads\/sites\/6\/2022\/04\/TRAMITE-PROCESSUAL-CPAC-600-px-\u00d7-1400-px-700-px-\u00d7-1400-px-700-px-\u00d7-1550-px.png\" alt=\"\" width=\"700\" height=\"1550\" srcset=\"https:\/\/comissoes.uepb.edu.br\/cpac\/wp-content\/uploads\/sites\/6\/2022\/04\/TRAMITE-PROCESSUAL-CPAC-600-px-\u00d7-1400-px-700-px-\u00d7-1400-px-700-px-\u00d7-1550-px.png 700w, https:\/\/comissoes.uepb.edu.br\/cpac\/wp-content\/uploads\/sites\/6\/2022\/04\/TRAMITE-PROCESSUAL-CPAC-600-px-\u00d7-1400-px-700-px-\u00d7-1400-px-700-px-\u00d7-1550-px-135x300.png 135w, https:\/\/comissoes.uepb.edu.br\/cpac\/wp-content\/uploads\/sites\/6\/2022\/04\/TRAMITE-PROCESSUAL-CPAC-600-px-\u00d7-1400-px-700-px-\u00d7-1400-px-700-px-\u00d7-1550-px-462x1024.png 462w, https:\/\/comissoes.uepb.edu.br\/cpac\/wp-content\/uploads\/sites\/6\/2022\/04\/TRAMITE-PROCESSUAL-CPAC-600-px-\u00d7-1400-px-700-px-\u00d7-1400-px-700-px-\u00d7-1550-px-694x1536.png 694w, https:\/\/comissoes.uepb.edu.br\/cpac\/wp-content\/uploads\/sites\/6\/2022\/04\/TRAMITE-PROCESSUAL-CPAC-600-px-\u00d7-1400-px-700-px-\u00d7-1400-px-700-px-\u00d7-1550-px-370x819.png 370w\" sizes=\"auto, (max-width: 700px) 100vw, 700px\" \/><\/p>\n","protected":false},"excerpt":{"rendered":"","protected":false},"author":21,"featured_media":0,"parent":0,"menu_order":0,"comment_status":"closed","ping_status":"closed","template":"","meta":{"_acf_changed":false,"jetpack_post_was_ever_published":false,"footnotes":""},"class_list":["post-151","page","type-page","status-publish","hentry"],"acf":[],"jetpack_sharing_enabled":true,"jetpack_shortlink":"https:\/\/wp.me\/P7WTYx-2r","_links":{"self":[{"href":"https:\/\/comissoes.uepb.edu.br\/cpac\/wp-json\/wp\/v2\/pages\/151","targetHints":{"allow":["GET"]}}],"collection":[{"href":"https:\/\/comissoes.uepb.edu.br\/cpac\/wp-json\/wp\/v2\/pages"}],"about":[{"href":"https:\/\/comissoes.uepb.edu.br\/cpac\/wp-json\/wp\/v2\/types\/page"}],"author":[{"embeddable":true,"href":"https:\/\/comissoes.uepb.edu.br\/cpac\/wp-json\/wp\/v2\/users\/21"}],"replies":[{"embeddable":true,"href":"https:\/\/comissoes.uepb.edu.br\/cpac\/wp-json\/wp\/v2\/comments?post=151"}],"version-history":[{"count":7,"href":"https:\/\/comissoes.uepb.edu.br\/cpac\/wp-json\/wp\/v2\/pages\/151\/revisions"}],"predecessor-version":[{"id":200,"href":"https:\/\/comissoes.uepb.edu.br\/cpac\/wp-json\/wp\/v2\/pages\/151\/revisions\/200"}],"wp:attachment":[{"href":"https:\/\/comissoes.uepb.edu.br\/cpac\/wp-json\/wp\/v2\/media?parent=151"}],"curies":[{"name":"wp","href":"https:\/\/api.w.org\/{rel}","templated":true}]}}