{"id":256,"date":"2022-05-05T10:32:14","date_gmt":"2022-05-05T13:32:14","guid":{"rendered":"https:\/\/comissoes.uepb.edu.br\/cpa\/?page_id=256"},"modified":"2024-12-06T09:18:23","modified_gmt":"2024-12-06T12:18:23","slug":"documentos","status":"publish","type":"page","link":"https:\/\/comissoes.uepb.edu.br\/cpa\/documentos\/","title":{"rendered":"Documentos"},"content":{"rendered":"<p>A atual Comiss\u00e3o Pr\u00f3pria de Avalia\u00e7\u00e3o, designada por portaria da Reitoria em abril de 2019, tem por meta, a partir de um trabalho autoavaliativo, contribuir para a otimiza\u00e7\u00e3o dos servi\u00e7os prestados pela universidade nas \u00e1reas do ensino, da pesquisa e da extens\u00e3o. Essa comiss\u00e3o \u00e9 regida pela resolu\u00e7\u00e3o abaixo descrita:<\/p>\n<p><a href=\"https:\/\/comissoes.uepb.edu.br\/cpa\/wp-content\/uploads\/sites\/4\/2022\/05\/0213-2017-RESOLUCAO-Comissa\u0303o-Pro\u0301pria-de-Avaliac\u0327a\u0303o-CPA-1.pdf\" target=\"_blank\" rel=\"noopener\"> Resolu\u00e7\u00e3o 0213-2017 que disciplina a Comiss\u00e3o Pr\u00f3pria de Avalia\u00e7\u00e3o da UEPB<\/a><\/p>\n<p>Segue Resolu\u00e7\u00e3o 027-2013 Regras de funcionamento do N\u00facleo Docente Estruturante de cada curso:<\/p>\n<p><a href=\"https:\/\/comissoes.uepb.edu.br\/cpa\/wp-content\/uploads\/sites\/4\/2022\/05\/027-2013-Institui-o-Nucleo-Docente-Estruturante-NDE-da-UEPB.pdf\" target=\"_blank\" rel=\"noopener\">Resolu\u00e7\u00e3o 027-2013 que institui o N\u00facleo Docente Estruturante (NDE) da UEPB<\/a><\/p>\n","protected":false},"excerpt":{"rendered":"<p>A atual Comiss\u00e3o Pr\u00f3pria de Avalia\u00e7\u00e3o, designada por portaria da Reitoria em abril de 2019, tem por meta, a partir de um trabalho autoavaliativo, contribuir para a otimiza\u00e7\u00e3o dos servi\u00e7os prestados pela universidade nas \u00e1reas do ensino, da pesquisa e da extens\u00e3o. Essa comiss\u00e3o \u00e9 regida pela resolu\u00e7\u00e3o abaixo descrita: Resolu\u00e7\u00e3o 0213-2017 que disciplina a <a class=\"leiamais\" href=\"https:\/\/comissoes.uepb.edu.br\/cpa\/documentos\/\">Leia Mais&#8230;<\/a><\/p>\n","protected":false},"author":22,"featured_media":0,"parent":0,"menu_order":0,"comment_status":"closed","ping_status":"closed","template":"","meta":{"_acf_changed":false,"jetpack_post_was_ever_published":false,"footnotes":""},"class_list":["post-256","page","type-page","status-publish","hentry"],"acf":[],"jetpack_sharing_enabled":true,"jetpack_shortlink":"https:\/\/wp.me\/P7WTYa-48","_links":{"self":[{"href":"https:\/\/comissoes.uepb.edu.br\/cpa\/wp-json\/wp\/v2\/pages\/256","targetHints":{"allow":["GET"]}}],"collection":[{"href":"https:\/\/comissoes.uepb.edu.br\/cpa\/wp-json\/wp\/v2\/pages"}],"about":[{"href":"https:\/\/comissoes.uepb.edu.br\/cpa\/wp-json\/wp\/v2\/types\/page"}],"author":[{"embeddable":true,"href":"https:\/\/comissoes.uepb.edu.br\/cpa\/wp-json\/wp\/v2\/users\/22"}],"replies":[{"embeddable":true,"href":"https:\/\/comissoes.uepb.edu.br\/cpa\/wp-json\/wp\/v2\/comments?post=256"}],"version-history":[{"count":9,"href":"https:\/\/comissoes.uepb.edu.br\/cpa\/wp-json\/wp\/v2\/pages\/256\/revisions"}],"predecessor-version":[{"id":472,"href":"https:\/\/comissoes.uepb.edu.br\/cpa\/wp-json\/wp\/v2\/pages\/256\/revisions\/472"}],"wp:attachment":[{"href":"https:\/\/comissoes.uepb.edu.br\/cpa\/wp-json\/wp\/v2\/media?parent=256"}],"curies":[{"name":"wp","href":"https:\/\/api.w.org\/{rel}","templated":true}]}}