{"id":123,"date":"2019-05-28T13:46:23","date_gmt":"2019-05-28T16:46:23","guid":{"rendered":"https:\/\/comissoes.uepb.edu.br\/cpa\/?page_id=123"},"modified":"2024-12-06T08:31:08","modified_gmt":"2024-12-06T11:31:08","slug":"avaliacoes-externas","status":"publish","type":"page","link":"https:\/\/comissoes.uepb.edu.br\/cpa\/avaliacoes-externas\/","title":{"rendered":"Avalia\u00e7\u00e3o Externa"},"content":{"rendered":"<p>P\u00e1gina em constru\u00e7\u00e3o.<\/p>\n","protected":false},"excerpt":{"rendered":"<p>P\u00e1gina em constru\u00e7\u00e3o.<\/p>\n","protected":false},"author":9,"featured_media":0,"parent":0,"menu_order":0,"comment_status":"closed","ping_status":"closed","template":"","meta":{"_acf_changed":false,"jetpack_post_was_ever_published":false,"footnotes":""},"class_list":["post-123","page","type-page","status-publish","hentry"],"acf":[],"jetpack_sharing_enabled":true,"jetpack_shortlink":"https:\/\/wp.me\/P7WTYa-1Z","_links":{"self":[{"href":"https:\/\/comissoes.uepb.edu.br\/cpa\/wp-json\/wp\/v2\/pages\/123","targetHints":{"allow":["GET"]}}],"collection":[{"href":"https:\/\/comissoes.uepb.edu.br\/cpa\/wp-json\/wp\/v2\/pages"}],"about":[{"href":"https:\/\/comissoes.uepb.edu.br\/cpa\/wp-json\/wp\/v2\/types\/page"}],"author":[{"embeddable":true,"href":"https:\/\/comissoes.uepb.edu.br\/cpa\/wp-json\/wp\/v2\/users\/9"}],"replies":[{"embeddable":true,"href":"https:\/\/comissoes.uepb.edu.br\/cpa\/wp-json\/wp\/v2\/comments?post=123"}],"version-history":[{"count":2,"href":"https:\/\/comissoes.uepb.edu.br\/cpa\/wp-json\/wp\/v2\/pages\/123\/revisions"}],"predecessor-version":[{"id":468,"href":"https:\/\/comissoes.uepb.edu.br\/cpa\/wp-json\/wp\/v2\/pages\/123\/revisions\/468"}],"wp:attachment":[{"href":"https:\/\/comissoes.uepb.edu.br\/cpa\/wp-json\/wp\/v2\/media?parent=123"}],"curies":[{"name":"wp","href":"https:\/\/api.w.org\/{rel}","templated":true}]}}