{"id":6,"date":"2016-07-29T10:30:23","date_gmt":"2016-07-29T13:30:23","guid":{"rendered":"https:\/\/comissoes.uepb.edu.br\/ciast\/?page_id=6"},"modified":"2020-06-24T12:27:16","modified_gmt":"2020-06-24T15:27:16","slug":"apresentacao","status":"publish","type":"page","link":"https:\/\/comissoes.uepb.edu.br\/ciast\/apresentacao\/","title":{"rendered":"Apresenta\u00e7\u00e3o"},"content":{"rendered":"<p>A Comiss\u00e3o Interdisciplinar de Aten\u00e7\u00e3o Integral \u00e0 Sa\u00fade e Seguran\u00e7a do Trabalho (CIAST) solicita atualiza\u00e7\u00e3o das informa\u00e7\u00f5es contidas na p\u00e1gina do site Institucional. Faz-se necess\u00e1ria essa manuten\u00e7\u00e3o tendo em vista que a Comiss\u00e3o faz parte do Comit\u00ea de Conting\u00eancia e Crise Covid-19 na Universidade Estadual da Para\u00edba (UEPB), conforme estabelece a PORTARIA\/UEPB\/GR\/0013\/2020 e publicar\u00e1 dados relevantes e atuais sobre as a\u00e7\u00f5es necess\u00e1rias nessa crise sanit\u00e1ria pela qual passamos. (Memorando)<\/p>\n<p><strong>O que somos?<\/strong><\/p>\n<p>Uma Comiss\u00e3o Interdisciplinar de Aten\u00e7\u00e3o Integral a Sa\u00fade e Seguran\u00e7a do Trabalho vinculada a Reitoria que por meio de com atividades consultivas e deliberativas responde pelo gerenciamento e organiza\u00e7\u00e3o da sa\u00fade e seguran\u00e7a do trabalho da UEPB. Regulamentada por meio da RESOLU\u00c7\u00c3O\/UEPB\/CONSUNI\/0178\/2016.<\/p>\n","protected":false},"excerpt":{"rendered":"<p>A Comiss\u00e3o Interdisciplinar de Aten\u00e7\u00e3o Integral \u00e0 Sa\u00fade e Seguran\u00e7a do Trabalho (CIAST) solicita atualiza\u00e7\u00e3o das informa\u00e7\u00f5es contidas na p\u00e1gina do site Institucional. Faz-se necess\u00e1ria essa manuten\u00e7\u00e3o tendo em vista que a Comiss\u00e3o faz parte do Comit\u00ea de Conting\u00eancia e Crise Covid-19 na Universidade Estadual da Para\u00edba (UEPB), conforme estabelece a PORTARIA\/UEPB\/GR\/0013\/2020 e publicar\u00e1 dados <a class=\"leiamais\" href=\"https:\/\/comissoes.uepb.edu.br\/ciast\/apresentacao\/\">Leia Mais&#8230;<\/a><\/p>\n","protected":false},"author":6,"featured_media":0,"parent":0,"menu_order":0,"comment_status":"closed","ping_status":"closed","template":"","meta":{"_acf_changed":false,"jetpack_post_was_ever_published":false,"footnotes":""},"class_list":["post-6","page","type-page","status-publish","hentry"],"acf":[],"jetpack_sharing_enabled":true,"jetpack_shortlink":"https:\/\/wp.me\/P7TtJV-6","_links":{"self":[{"href":"https:\/\/comissoes.uepb.edu.br\/ciast\/wp-json\/wp\/v2\/pages\/6","targetHints":{"allow":["GET"]}}],"collection":[{"href":"https:\/\/comissoes.uepb.edu.br\/ciast\/wp-json\/wp\/v2\/pages"}],"about":[{"href":"https:\/\/comissoes.uepb.edu.br\/ciast\/wp-json\/wp\/v2\/types\/page"}],"author":[{"embeddable":true,"href":"https:\/\/comissoes.uepb.edu.br\/ciast\/wp-json\/wp\/v2\/users\/6"}],"replies":[{"embeddable":true,"href":"https:\/\/comissoes.uepb.edu.br\/ciast\/wp-json\/wp\/v2\/comments?post=6"}],"version-history":[{"count":2,"href":"https:\/\/comissoes.uepb.edu.br\/ciast\/wp-json\/wp\/v2\/pages\/6\/revisions"}],"predecessor-version":[{"id":142,"href":"https:\/\/comissoes.uepb.edu.br\/ciast\/wp-json\/wp\/v2\/pages\/6\/revisions\/142"}],"wp:attachment":[{"href":"https:\/\/comissoes.uepb.edu.br\/ciast\/wp-json\/wp\/v2\/media?parent=6"}],"curies":[{"name":"wp","href":"https:\/\/api.w.org\/{rel}","templated":true}]}}