{"id":167,"date":"2020-06-24T12:58:16","date_gmt":"2020-06-24T15:58:16","guid":{"rendered":"https:\/\/comissoes.uepb.edu.br\/ciast\/?page_id=167"},"modified":"2020-06-24T12:58:16","modified_gmt":"2020-06-24T15:58:16","slug":"reunioes","status":"publish","type":"page","link":"https:\/\/comissoes.uepb.edu.br\/ciast\/reunioes\/","title":{"rendered":"Reuni\u00f5es"},"content":{"rendered":"<p>A CIAST reunir-se-\u00e1 em car\u00e1ter ordin\u00e1rio, semanalmente de fevereiro a junho e de agosto a dezembro e extraordinariamente, a qualquer tempo, por convoca\u00e7\u00e3o do coordenador ou por solicita\u00e7\u00e3o de qualquer membro, com anteced\u00eancia m\u00ednima de 72 horas.<\/p>\n","protected":false},"excerpt":{"rendered":"<p>A CIAST reunir-se-\u00e1 em car\u00e1ter ordin\u00e1rio, semanalmente de fevereiro a junho e de agosto a dezembro e extraordinariamente, a qualquer tempo, por convoca\u00e7\u00e3o do coordenador ou por solicita\u00e7\u00e3o de qualquer membro, com anteced\u00eancia m\u00ednima de 72 horas.<\/p>\n","protected":false},"author":13,"featured_media":0,"parent":0,"menu_order":0,"comment_status":"closed","ping_status":"closed","template":"","meta":{"_acf_changed":false,"jetpack_post_was_ever_published":false,"footnotes":""},"class_list":["post-167","page","type-page","status-publish","hentry"],"acf":[],"jetpack_sharing_enabled":true,"jetpack_shortlink":"https:\/\/wp.me\/P7TtJV-2H","_links":{"self":[{"href":"https:\/\/comissoes.uepb.edu.br\/ciast\/wp-json\/wp\/v2\/pages\/167","targetHints":{"allow":["GET"]}}],"collection":[{"href":"https:\/\/comissoes.uepb.edu.br\/ciast\/wp-json\/wp\/v2\/pages"}],"about":[{"href":"https:\/\/comissoes.uepb.edu.br\/ciast\/wp-json\/wp\/v2\/types\/page"}],"author":[{"embeddable":true,"href":"https:\/\/comissoes.uepb.edu.br\/ciast\/wp-json\/wp\/v2\/users\/13"}],"replies":[{"embeddable":true,"href":"https:\/\/comissoes.uepb.edu.br\/ciast\/wp-json\/wp\/v2\/comments?post=167"}],"version-history":[{"count":1,"href":"https:\/\/comissoes.uepb.edu.br\/ciast\/wp-json\/wp\/v2\/pages\/167\/revisions"}],"predecessor-version":[{"id":169,"href":"https:\/\/comissoes.uepb.edu.br\/ciast\/wp-json\/wp\/v2\/pages\/167\/revisions\/169"}],"wp:attachment":[{"href":"https:\/\/comissoes.uepb.edu.br\/ciast\/wp-json\/wp\/v2\/media?parent=167"}],"curies":[{"name":"wp","href":"https:\/\/api.w.org\/{rel}","templated":true}]}}