{"id":7,"date":"2021-02-08T15:06:04","date_gmt":"2021-02-08T18:06:04","guid":{"rendered":"https:\/\/comissoes.uepb.edu.br\/ceua\/?page_id=7"},"modified":"2025-07-02T08:47:29","modified_gmt":"2025-07-02T11:47:29","slug":"membros","status":"publish","type":"page","link":"https:\/\/comissoes.uepb.edu.br\/ceua\/membros\/","title":{"rendered":"Membros"},"content":{"rendered":"<h2><\/h2>\n<h2><strong><u>Titulares<\/u><\/strong><\/h2>\n<p>&nbsp;<\/p>\n<p><strong>\u00a0Profa. Dra. Pollianna Muniz Alves (Dept<sup>0<\/sup> de Odontologia) \u2013 Coordenadora<\/strong><\/p>\n<hr \/>\n<p><strong>Profa. Dra. Vanda L\u00facia dos Santos (Dept<sup>0<\/sup> de F\u00e1rmacia) \u2013 Vice Coordenadora<\/strong><\/p>\n<hr \/>\n<p><strong>Profa. Dra. Carla de Lima Bicho (Dept<sup>0<\/sup> de Biologia) \u2013 Bi\u00f3loga<\/strong><\/p>\n<hr \/>\n<p><strong>Dra. Aletheia Carizia Baracho de Lima Souza (M\u00e9dica Veterin\u00e1ria)<\/strong><\/p>\n<hr \/>\n<p><strong>Prof. Dr. Cassiano Francisco Weege Nonaka (Dept<sup>0<\/sup> de Odontologia) \u2013 Pesquisador<\/strong><\/p>\n<hr \/>\n<p><strong>Profa. Dra. Jozinete Vieira Pereira (Dept<sup>0<\/sup> de Odontologia) \u2013 Pesquisadora<\/strong><\/p>\n<hr \/>\n<p><strong>Dra. Katharina R. de Lima Porto Ramos (Dept<sup>0<\/sup> de F\u00e1rmacia) \u2013 Consultor <em>Ad Hoc<\/em><\/strong><\/p>\n<hr \/>\n<p><strong>Prof. Dr. Hugo C\u00e9sar Ara\u00fajo de Gusm\u00e3o (Centro de Ci\u00eancias Jur\u00eddicas) \u2013 Pesquisador<\/strong><\/p>\n<hr \/>\n<p><strong>Prof. Dr. Walcl\u00e9cio Morais Lira (Dept<sup>0<\/sup> de Biologia) \u2013 Pesquisador\u00a0<\/strong><\/p>\n<hr \/>\n<p>&nbsp;<\/p>\n<h2><strong><em>\u00a0<\/em><\/strong><\/h2>\n<h2><strong><u>Suplentes<\/u><\/strong><\/h2>\n<p>&nbsp;<\/p>\n<p><strong>Profa. Dra. Maria Vit\u00f3ria Dias Carneiro\u00a0 (Centro de Ci\u00eancias Agr\u00e1rias e Ambientais) \u2013 Pesquisadora<\/strong><\/p>\n<hr \/>\n<p><strong>Dra. Lidiane Pinto Coreia Lara (Centro de Ci\u00eancias Biol\u00f3gicas e da Sa\u00fade) \u2013 \u00a0Consultor <em>Ad Hoc<\/em><\/strong><\/p>\n<hr \/>\n<p>&nbsp;<\/p>\n<p>&nbsp;<\/p>\n<p>&nbsp;<\/p>\n<p>&nbsp;<\/p>\n<p style=\"font-weight: 400\">\n","protected":false},"excerpt":{"rendered":"<p>Titulares &nbsp; \u00a0Profa. Dra. Pollianna Muniz Alves (Dept0 de Odontologia) \u2013 Coordenadora Profa. Dra. Vanda L\u00facia dos Santos (Dept0 de F\u00e1rmacia) \u2013 Vice Coordenadora Profa. Dra. Carla de Lima Bicho (Dept0 de Biologia) \u2013 Bi\u00f3loga Dra. Aletheia Carizia Baracho de Lima Souza (M\u00e9dica Veterin\u00e1ria) Prof. Dr. Cassiano Francisco Weege Nonaka (Dept0 de Odontologia) \u2013 Pesquisador <a class=\"leiamais\" href=\"https:\/\/comissoes.uepb.edu.br\/ceua\/membros\/\">Leia Mais&#8230;<\/a><\/p>\n","protected":false},"author":13,"featured_media":0,"parent":0,"menu_order":0,"comment_status":"closed","ping_status":"closed","template":"","meta":{"_acf_changed":false,"footnotes":""},"class_list":["post-7","page","type-page","status-publish","hentry"],"acf":[],"_links":{"self":[{"href":"https:\/\/comissoes.uepb.edu.br\/ceua\/wp-json\/wp\/v2\/pages\/7","targetHints":{"allow":["GET"]}}],"collection":[{"href":"https:\/\/comissoes.uepb.edu.br\/ceua\/wp-json\/wp\/v2\/pages"}],"about":[{"href":"https:\/\/comissoes.uepb.edu.br\/ceua\/wp-json\/wp\/v2\/types\/page"}],"author":[{"embeddable":true,"href":"https:\/\/comissoes.uepb.edu.br\/ceua\/wp-json\/wp\/v2\/users\/13"}],"replies":[{"embeddable":true,"href":"https:\/\/comissoes.uepb.edu.br\/ceua\/wp-json\/wp\/v2\/comments?post=7"}],"version-history":[{"count":43,"href":"https:\/\/comissoes.uepb.edu.br\/ceua\/wp-json\/wp\/v2\/pages\/7\/revisions"}],"predecessor-version":[{"id":748,"href":"https:\/\/comissoes.uepb.edu.br\/ceua\/wp-json\/wp\/v2\/pages\/7\/revisions\/748"}],"wp:attachment":[{"href":"https:\/\/comissoes.uepb.edu.br\/ceua\/wp-json\/wp\/v2\/media?parent=7"}],"curies":[{"name":"wp","href":"https:\/\/api.w.org\/{rel}","templated":true}]}}