{"id":594,"date":"2024-05-16T09:35:47","date_gmt":"2024-05-16T12:35:47","guid":{"rendered":"https:\/\/comissoes.uepb.edu.br\/ceua\/?page_id=594"},"modified":"2024-05-22T09:21:46","modified_gmt":"2024-05-22T12:21:46","slug":"sobre","status":"publish","type":"page","link":"https:\/\/comissoes.uepb.edu.br\/ceua\/sobre\/","title":{"rendered":"Sobre"},"content":{"rendered":"<p align=\"center\"><strong>CENTRO DE BIOTERISMO<\/strong><\/p>\n<p align=\"center\"><strong>Universidade Estadual da Para\u00edba<\/strong><\/p>\n<p align=\"justify\">O Centro de Bioterismo da UEPB \u00e9 uma instala\u00e7\u00e3o animal cadastrada no CIUCA (Cadastro\u00a0das Institui\u00e7\u00f5es de Uso Cient\u00edfico de Animais), sob a numera\u00e7\u00e3o 01.0620.2020\u00a0(<a href=\"https:\/\/novociuca\/\">https:\/\/novociuca<\/a>.mctic.gov.br\/web\/#\/iframe-instituicoes-cadastradas).<\/p>\n<p align=\"justify\">Segundo a Resolu\u00e7\u00e3o Normativa N\u00b0 03\/2011, do Conselho Nacional de Controle de Experimenta\u00e7\u00e3o Animal &#8211; CONCEA, o Centro de Bioterismo da UEPB \u00e9 definido como biot\u00e9rio de\u00a0cria\u00e7\u00e3o, manuten\u00e7\u00e3o e experimenta\u00e7\u00e3o, o qual conta, atualmente, com duas col\u00f4nias de\u00a0roedores &#8211; camundongos (Mus musculus) da linhagem SWISS e ratos (Rattus norvegicus)\u00a0da linhagem WISTAR. Essas duas col\u00f4nias s\u00e3o classificadas como heterog\u00eanicas, e possuem padr\u00e3o sanit\u00e1rio SPF\u00a0(Specific Patogen Free) ou, em tradu\u00e7\u00e3o livre, Livres de Pat\u00f3genos Espec\u00edficos, possuindo\u00a0laudo padr\u00e3o FELASA. Os animais inclu\u00eddos na categoria SPF n\u00e3o apresentam\u00a0microrganismos patog\u00eanicos.<\/p>\n<p align=\"justify\">Os animais s\u00e3o mantidos em instala\u00e7\u00f5es que atendem \u00e0s exig\u00eancias da Resolu\u00e7\u00e3o Normativa N\u00b0 15\/2013 do CONCEA, sob condi\u00e7\u00f5es de manuseio que respeitam e preconizam o seu bem-estar, condi\u00e7\u00f5es essas, descritas no Programa de Enriquecimento Ambiental, aprovado pela Comiss\u00e3o de \u00c9tica no Uso de Animais &#8211; CEUA da Universidade Estadual da Para\u00edba &#8211; UEPB sob o protocolo N\u00b0 040\/2023, em atendimento \u00e0 Resolu\u00e7\u00e3o Normativa N\u00b0 57\/2022 do CONCEA.<\/p>\n<p align=\"justify\">A \u00e1rea de Experimenta\u00e7\u00e3o Animal do Centro de Bioterismo da UEPB conta com duas salas\u00a0de trabalho, onde s\u00e3o executadas atividades relacionadas \u00e0s propostas aprovadas pela\u00a0CEUA, bem como os treinamentos para capacita\u00e7\u00e3o pr\u00e1tica dos pesquisadores da \u00e1rea de\u00a0ci\u00eancia de animais de laborat\u00f3rio. As demais \u00e1reas pertencentes ao Centro de Bioterismo compreendem: sala de limpeza e higieniza\u00e7\u00e3o de materiais, salas de animais, sala de\u00a0materiais zoot\u00e9cnicos e de uso geral e sala de quarentena.<\/p>\n<p align=\"justify\">O funcionamento do Centro de Bioterismo apoia-se em tr\u00eas pilares, a saber:<\/p>\n<p align=\"justify\">1. Legisla\u00e7\u00e3o vigente;<\/p>\n<p align=\"justify\">2. Procedimentos Operacionais Padr\u00e3o;<\/p>\n<p align=\"justify\">3. Sistema de Gest\u00e3o da Qualidade Biotec, com atendimento pleno aos requisitos da norma NBR ISO 9001.<\/p>\n<p align=\"justify\">As referidas esp\u00e9cies de roedores criadas e mantidas no Centro de Bioterismo s\u00e3o\u00a0modelos animais para diversas pesquisas cient\u00edficas desenvolvidas na UEPB.<\/p>\n<p align=\"justify\">As atividades experimentais com animais, no Biot\u00e9rio da UEPB, s\u00e3o desenvolvidas de acordo com o fluxograma a seguir:<\/p>\n<p><img loading=\"lazy\" decoding=\"async\" class=\"alignnone wp-image-456 size-large img-responsive\" src=\"https:\/\/comissoes.uepb.edu.br\/ceua\/wp-content\/uploads\/sites\/8\/2023\/09\/FLUXOGRAMA-1024x804.jpeg\" alt=\"\" width=\"1024\" height=\"804\" srcset=\"https:\/\/comissoes.uepb.edu.br\/ceua\/wp-content\/uploads\/sites\/8\/2023\/09\/FLUXOGRAMA-1024x804.jpeg 1024w, https:\/\/comissoes.uepb.edu.br\/ceua\/wp-content\/uploads\/sites\/8\/2023\/09\/FLUXOGRAMA-300x235.jpeg 300w, https:\/\/comissoes.uepb.edu.br\/ceua\/wp-content\/uploads\/sites\/8\/2023\/09\/FLUXOGRAMA-768x603.jpeg 768w, https:\/\/comissoes.uepb.edu.br\/ceua\/wp-content\/uploads\/sites\/8\/2023\/09\/FLUXOGRAMA-370x290.jpeg 370w, https:\/\/comissoes.uepb.edu.br\/ceua\/wp-content\/uploads\/sites\/8\/2023\/09\/FLUXOGRAMA-840x659.jpeg 840w, https:\/\/comissoes.uepb.edu.br\/ceua\/wp-content\/uploads\/sites\/8\/2023\/09\/FLUXOGRAMA.jpeg 1240w\" sizes=\"auto, (max-width: 1024px) 100vw, 1024px\" \/><\/p>\n","protected":false},"excerpt":{"rendered":"<p>CENTRO DE BIOTERISMO Universidade Estadual da Para\u00edba O Centro de Bioterismo da UEPB \u00e9 uma instala\u00e7\u00e3o animal cadastrada no CIUCA (Cadastro\u00a0das Institui\u00e7\u00f5es de Uso Cient\u00edfico de Animais), sob a numera\u00e7\u00e3o 01.0620.2020\u00a0(https:\/\/novociuca.mctic.gov.br\/web\/#\/iframe-instituicoes-cadastradas). Segundo a Resolu\u00e7\u00e3o Normativa N\u00b0 03\/2011, do Conselho Nacional de Controle de Experimenta\u00e7\u00e3o Animal &#8211; CONCEA, o Centro de Bioterismo da UEPB \u00e9 definido <a class=\"leiamais\" href=\"https:\/\/comissoes.uepb.edu.br\/ceua\/sobre\/\">Leia Mais&#8230;<\/a><\/p>\n","protected":false},"author":18,"featured_media":0,"parent":0,"menu_order":0,"comment_status":"closed","ping_status":"closed","template":"","meta":{"_acf_changed":false,"footnotes":""},"class_list":["post-594","page","type-page","status-publish","hentry"],"acf":[],"_links":{"self":[{"href":"https:\/\/comissoes.uepb.edu.br\/ceua\/wp-json\/wp\/v2\/pages\/594","targetHints":{"allow":["GET"]}}],"collection":[{"href":"https:\/\/comissoes.uepb.edu.br\/ceua\/wp-json\/wp\/v2\/pages"}],"about":[{"href":"https:\/\/comissoes.uepb.edu.br\/ceua\/wp-json\/wp\/v2\/types\/page"}],"author":[{"embeddable":true,"href":"https:\/\/comissoes.uepb.edu.br\/ceua\/wp-json\/wp\/v2\/users\/18"}],"replies":[{"embeddable":true,"href":"https:\/\/comissoes.uepb.edu.br\/ceua\/wp-json\/wp\/v2\/comments?post=594"}],"version-history":[{"count":6,"href":"https:\/\/comissoes.uepb.edu.br\/ceua\/wp-json\/wp\/v2\/pages\/594\/revisions"}],"predecessor-version":[{"id":604,"href":"https:\/\/comissoes.uepb.edu.br\/ceua\/wp-json\/wp\/v2\/pages\/594\/revisions\/604"}],"wp:attachment":[{"href":"https:\/\/comissoes.uepb.edu.br\/ceua\/wp-json\/wp\/v2\/media?parent=594"}],"curies":[{"name":"wp","href":"https:\/\/api.w.org\/{rel}","templated":true}]}}