{"id":518,"date":"2024-04-11T08:44:04","date_gmt":"2024-04-11T11:44:04","guid":{"rendered":"https:\/\/comissoes.uepb.edu.br\/ceua\/?page_id=518"},"modified":"2026-03-09T11:02:29","modified_gmt":"2026-03-09T14:02:29","slug":"pagina-inicial","status":"publish","type":"page","link":"https:\/\/comissoes.uepb.edu.br\/ceua\/","title":{"rendered":"P\u00e1gina Inicial"},"content":{"rendered":"<div class=\"wpb-content-wrapper\"><p>[vc_row][vc_column width=&#8221;2\/3&#8243;][vc_text_separator title=&#8221;Informamos \u00e0 comunidade Acad\u00eamica e de Pesquisa que as atividades do Biot\u00e9rio da UEPB, que estavam temporariamente paralisadas, devido a reformas de amplia\u00e7\u00e3o, reiniciam-se no m\u00eas de mar\u00e7o de 2026.&#8221; i_icon_fontawesome=&#8221;fas fa-exclamation-triangle&#8221; i_color=&#8221;custom&#8221; i_size=&#8221;lg&#8221; title_align=&#8221;separator_align_left&#8221; css=&#8221;&#8221; add_icon=&#8221;true&#8221; i_custom_color=&#8221;#cc0000&#8243;][vc_text_separator title=&#8221;\u00daltimas Not\u00edcias&#8221; i_icon_fontawesome=&#8221;far fa-newspaper&#8221; i_color=&#8221;custom&#8221; title_align=&#8221;separator_align_left&#8221; add_icon=&#8221;true&#8221; i_custom_color=&#8221;#cc0000&#8243;]<div class=\"mdl-grid\"><div class=\"mdl-cell mdl-cell--6-col mdl-cell--6-col-tablet mdl-cell--12-col-phone bloco-noticias\"><div class=\"imagem-destaque-noticia\"><a href=\"https:\/\/comissoes.uepb.edu.br\/ceua\/2025\/07\/21\/local-de-atendimento\/\"><img decoding=\"async\" src=\"https:\/\/comissoes.uepb.edu.br\/ceua\/wp-content\/uploads\/sites\/8\/2025\/07\/WhatsApp-Image-2025-06-03-at-09.41.13.jpeg\" class=\"img-destaque-noticia img-responsive\" alt=\"Local de Atendimento\" title=\"Local de Atendimento\"\/><\/a><\/div><div class=\"titulo-noticia-widget\"><a href=\"https:\/\/comissoes.uepb.edu.br\/ceua\/2025\/07\/21\/local-de-atendimento\/\" class=\"vc_gitem-link\"><h3 class=\"titulo-destaque-noticia\">Local de Atendimento<\/h3><\/a><\/div><div class=\"titulo-noticia-widget\"><a href=\"https:\/\/comissoes.uepb.edu.br\/ceua\/2024\/11\/25\/evento-ceua-no-4-congresso-universitario-da-universidade-estadual-da-paraiba-abordou-temas-relevantes-as-pesquisas-envolvendo-uso-de-animais\/\"><h3 class=\"titulo-destaque-noticia\">Evento CEUA, no 4\u00b0 Congresso Universit\u00e1rio da Universidade Estadual da Para\u00edba, abordou temas relevantes \u00e0s pesquisas envolvendo uso de animais<\/h3><\/a><\/div><div class=\"titulo-noticia-widget\"><a href=\"https:\/\/comissoes.uepb.edu.br\/ceua\/2024\/04\/24\/https-uepb-edu-br-prpgp-2022-12-05-2o-congresso-da-universidade-estadual-da-paraiba-promove-debate-sobre-pos-graduacao-e-pesquisa-em-bioterio\/\"><h3 class=\"titulo-destaque-noticia\">2\u00ba Congresso da Universidade Estadual da Para\u00edba promove debate sobre p\u00f3s-gradua\u00e7\u00e3o e pesquisa em biot\u00e9rio<\/h3><\/a><\/div><div class=\"titulo-noticia-widget\"><a href=\"https:\/\/comissoes.uepb.edu.br\/ceua\/2023\/10\/09\/468\/\"><h3 class=\"titulo-destaque-noticia\">IV Curso de Capacita\u00e7\u00e3o no Uso de Animais em Laborat\u00f3rio<\/h3><\/a><\/div><\/div><div class=\"mdl-cell mdl-cell--6-col mdl-cell--6-col-tablet mdl-cell--12-col-phone bloco-noticias\"><div class=\"imagem-destaque-noticia\"><a href=\"https:\/\/comissoes.uepb.edu.br\/ceua\/2024\/04\/17\/participacao-da-ceua-na-recepcao-dos-calouros-da-pos-graduacao-em-2024\/\"><img decoding=\"async\" src=\"https:\/\/comissoes.uepb.edu.br\/ceua\/wp-content\/uploads\/sites\/8\/2024\/04\/Recepcao-calouros-2024.jpeg\" class=\"img-destaque-noticia img-responsive\" alt=\"Participa\u00e7\u00e3o da CEUA na recep\u00e7\u00e3o dos alunos (calouros 2024) da p\u00f3s-gradua\u00e7\u00e3o\" title=\"Participa\u00e7\u00e3o da CEUA na recep\u00e7\u00e3o dos alunos (calouros 2024) da p\u00f3s-gradua\u00e7\u00e3o\"\/><\/a><\/div><div class=\"titulo-noticia-widget\"><a href=\"https:\/\/comissoes.uepb.edu.br\/ceua\/2024\/04\/17\/participacao-da-ceua-na-recepcao-dos-calouros-da-pos-graduacao-em-2024\/\" class=\"vc_gitem-link\"><h3 class=\"titulo-destaque-noticia\">Participa\u00e7\u00e3o da CEUA na recep\u00e7\u00e3o dos alunos (calouros 2024) da p\u00f3s-gradua\u00e7\u00e3o<\/h3><\/a><\/div><div class=\"titulo-noticia-widget\"><a href=\"https:\/\/comissoes.uepb.edu.br\/ceua\/2022\/12\/05\/2o-congresso-da-universidade-estadual-da-paraiba-promove-debate-sobre-pos-graduacao-e-pesquisa-em-bioterio\/\"><h3 class=\"titulo-destaque-noticia\"><\/h3><\/a><\/div><div class=\"titulo-noticia-widget\"><a href=\"https:\/\/comissoes.uepb.edu.br\/ceua\/2021\/10\/19\/submissao-de-projetos\/\"><h3 class=\"titulo-destaque-noticia\">Novo canal para a submiss\u00e3o de projetos<\/h3><\/a><\/div><div class=\"titulo-noticia-widget\"><a href=\"https:\/\/comissoes.uepb.edu.br\/ceua\/2021\/02\/08\/comissao-de-etica-no-uso-de-animais-inicia-trabalhos-e-pesquisadores-ja-podem-submeter-projetos\/\"><h3 class=\"titulo-destaque-noticia\">Comiss\u00e3o de \u00c9tica no Uso de Animais inicia trabalhos e pesquisadores j\u00e1 podem submeter projetos<\/h3><\/a><\/div><\/div><\/div>[vc_text_separator title=&#8221;Fale Conosco&#8221; i_icon_fontawesome=&#8221;fas fa-phone-alt&#8221; i_color=&#8221;custom&#8221; title_align=&#8221;separator_align_left&#8221; add_icon=&#8221;true&#8221; i_custom_color=&#8221;#cc0000&#8243;][vc_column_text css=&#8221;&#8221;]E-mails<\/p>\n<p>CEUA UEPB: <a href=\"mailto:ceuauepb@gmail.com\" target=\"_blank\" rel=\"noopener\">ceua@setor.uepb.edu.br<\/a><\/p>\n<p>Biot\u00e9rio UEPB: <a href=\"mailto:coordenacaouepb@grupobiotec.com.br\">coordenacaouepb@grupobiotec.com.br<\/a>[\/vc_column_text][\/vc_column][vc_column width=&#8221;1\/3&#8243;][vc_text_separator title=&#8221;Links \u00dateis&#8221; i_icon_fontawesome=&#8221;fas fa-external-link-square-alt&#8221; i_color=&#8221;custom&#8221; title_align=&#8221;separator_align_left&#8221; add_icon=&#8221;true&#8221; i_custom_color=&#8221;#cc0000&#8243;][vc_btn title=&#8221;CIUCA&#8221; shape=&#8221;square&#8221; color=&#8221;primary&#8221; size=&#8221;lg&#8221; align=&#8221;left&#8221; css=&#8221;.vc_custom_1712836138547{margin-bottom: 10px !important;}&#8221; button_block=&#8221;true&#8221; link=&#8221;url:https%3A%2F%2Fnovociuca.mctic.gov.br%2Fweb%2F%23%2Fiframe-instituicoes-cadastradas|target:_blank&#8221;][vc_btn title=&#8221;CONCEA&#8221; shape=&#8221;square&#8221; color=&#8221;danger&#8221; size=&#8221;lg&#8221; align=&#8221;left&#8221; css=&#8221;.vc_custom_1712836158089{margin-bottom: 10px !important;}&#8221; button_block=&#8221;true&#8221; link=&#8221;url:https%3A%2F%2Fwww.gov.br%2Fmcti%2Fpt-br%2Fcomposicao%2Fconselhos%2Fconcea|target:_blank&#8221;][vc_btn title=&#8221;PRPGP&#8221; shape=&#8221;square&#8221; color=&#8221;turquoise&#8221; size=&#8221;lg&#8221; align=&#8221;left&#8221; css=&#8221;.vc_custom_1712836196690{margin-bottom: 10px !important;}&#8221; button_block=&#8221;true&#8221; link=&#8221;url:https%3A%2F%2Fuepb.edu.br%2Fprpgp%2F|target:_blank&#8221;][vc_btn title=&#8221;SBCAL&#8221; shape=&#8221;square&#8221; color=&#8221;violet&#8221; size=&#8221;lg&#8221; align=&#8221;left&#8221; css=&#8221;.vc_custom_1712836211363{margin-bottom: 10px !important;}&#8221; button_block=&#8221;true&#8221; link=&#8221;url:https%3A%2F%2Fwww.sbcal.org.br%2F|target:_blank&#8221;][vc_btn title=&#8221;UEPB&#8221; shape=&#8221;square&#8221; color=&#8221;green&#8221; size=&#8221;lg&#8221; align=&#8221;left&#8221; css=&#8221;.vc_custom_1712836237140{margin-bottom: 10px !important;}&#8221; button_block=&#8221;true&#8221; link=&#8221;url:https%3A%2F%2Fwww.uepb.edu.br%2F|target:_blank&#8221;][vc_btn title=&#8221;BIOTEC&#8221; shape=&#8221;square&#8221; color=&#8221;warning&#8221; size=&#8221;lg&#8221; align=&#8221;left&#8221; css=&#8221;.vc_custom_1716390282148{margin-bottom: 10px !important;}&#8221; button_block=&#8221;true&#8221; link=&#8221;url:https%3A%2F%2Fwww.grupobiotec.com.br%2F|target:_blank&#8221;][\/vc_column][\/vc_row][vc_row][vc_column][\/vc_column][\/vc_row]<\/p>\n<\/div>","protected":false},"excerpt":{"rendered":"<p>[vc_row][vc_column width=&#8221;2\/3&#8243;][vc_text_separator title=&#8221;Informamos \u00e0 comunidade Acad\u00eamica e de Pesquisa que as atividades do Biot\u00e9rio da UEPB, que estavam temporariamente paralisadas, devido a reformas de amplia\u00e7\u00e3o, reiniciam-se no m\u00eas de mar\u00e7o de 2026.&#8221; i_icon_fontawesome=&#8221;fas fa-exclamation-triangle&#8221; i_color=&#8221;custom&#8221; i_size=&#8221;lg&#8221; title_align=&#8221;separator_align_left&#8221; css=&#8221;&#8221; add_icon=&#8221;true&#8221; i_custom_color=&#8221;#cc0000&#8243;][vc_text_separator title=&#8221;\u00daltimas Not\u00edcias&#8221; i_icon_fontawesome=&#8221;far fa-newspaper&#8221; i_color=&#8221;custom&#8221; title_align=&#8221;separator_align_left&#8221; add_icon=&#8221;true&#8221; i_custom_color=&#8221;#cc0000&#8243;][vc_text_separator title=&#8221;Fale Conosco&#8221; i_icon_fontawesome=&#8221;fas fa-phone-alt&#8221; i_color=&#8221;custom&#8221; title_align=&#8221;separator_align_left&#8221; add_icon=&#8221;true&#8221; <a class=\"leiamais\" href=\"https:\/\/comissoes.uepb.edu.br\/ceua\/\">Leia Mais&#8230;<\/a><\/p>\n","protected":false},"author":13,"featured_media":0,"parent":0,"menu_order":0,"comment_status":"closed","ping_status":"closed","template":"","meta":{"_acf_changed":false,"footnotes":""},"class_list":["post-518","page","type-page","status-publish","hentry"],"acf":[],"_links":{"self":[{"href":"https:\/\/comissoes.uepb.edu.br\/ceua\/wp-json\/wp\/v2\/pages\/518","targetHints":{"allow":["GET"]}}],"collection":[{"href":"https:\/\/comissoes.uepb.edu.br\/ceua\/wp-json\/wp\/v2\/pages"}],"about":[{"href":"https:\/\/comissoes.uepb.edu.br\/ceua\/wp-json\/wp\/v2\/types\/page"}],"author":[{"embeddable":true,"href":"https:\/\/comissoes.uepb.edu.br\/ceua\/wp-json\/wp\/v2\/users\/13"}],"replies":[{"embeddable":true,"href":"https:\/\/comissoes.uepb.edu.br\/ceua\/wp-json\/wp\/v2\/comments?post=518"}],"version-history":[{"count":20,"href":"https:\/\/comissoes.uepb.edu.br\/ceua\/wp-json\/wp\/v2\/pages\/518\/revisions"}],"predecessor-version":[{"id":780,"href":"https:\/\/comissoes.uepb.edu.br\/ceua\/wp-json\/wp\/v2\/pages\/518\/revisions\/780"}],"wp:attachment":[{"href":"https:\/\/comissoes.uepb.edu.br\/ceua\/wp-json\/wp\/v2\/media?parent=518"}],"curies":[{"name":"wp","href":"https:\/\/api.w.org\/{rel}","templated":true}]}}