{"id":5,"date":"2021-02-08T15:05:46","date_gmt":"2021-02-08T18:05:46","guid":{"rendered":"https:\/\/comissoes.uepb.edu.br\/ceua\/?page_id=5"},"modified":"2026-02-12T11:12:02","modified_gmt":"2026-02-12T14:12:02","slug":"comissao-de-etica-no-uso-de-animais-ceua","status":"publish","type":"page","link":"https:\/\/comissoes.uepb.edu.br\/ceua\/comissao-de-etica-no-uso-de-animais-ceua\/","title":{"rendered":"Apresenta\u00e7\u00e3o"},"content":{"rendered":"<div class=\"wpb-content-wrapper\"><p>[vc_row][vc_column][vc_column_text css=&#8221;&#8221;]<\/p>\n<p style=\"text-align: left\"><img loading=\"lazy\" decoding=\"async\" class=\"alignleft wp-image-243 img-responsive\" src=\"https:\/\/comissoes.uepb.edu.br\/ceua\/wp-content\/uploads\/sites\/8\/2022\/03\/bioterio-240x300.jpg\" alt=\"\" width=\"259\" height=\"324\" srcset=\"https:\/\/comissoes.uepb.edu.br\/ceua\/wp-content\/uploads\/sites\/8\/2022\/03\/bioterio-240x300.jpg 240w, https:\/\/comissoes.uepb.edu.br\/ceua\/wp-content\/uploads\/sites\/8\/2022\/03\/bioterio-370x462.jpg 370w, https:\/\/comissoes.uepb.edu.br\/ceua\/wp-content\/uploads\/sites\/8\/2022\/03\/bioterio.jpg 705w\" sizes=\"auto, (max-width: 259px) 100vw, 259px\" \/><\/p>\n<p class=\"western\" align=\"justify\">A Comiss\u00e3o de \u00c9tica no Uso de Animais &#8211; CEUA da UEPB foi criada em 2013, segundo a Resolu\u00e7\u00e3o UEPB\/CONSEPE\/022\/2013. Seu pleno funcionamento iniciou-se em 2020, de forma concomitante \u00e0 estrutura\u00e7\u00e3o e \u00e0 consolida\u00e7\u00e3o do Biot\u00e9rio. A Comiss\u00e3o atua seguindo todas as diretrizes da <a href=\"http:\/\/www.planalto.gov.br\/ccivil_03\/_ato2007-2010\/2008\/lei\/l11794.htm\" target=\"_blank\" rel=\"noopener\">Lei Arouca (Lei No 11.794<\/a> de 8 de Outubro de 2008) e das Resolu\u00e7\u00f5es do Conselho Nacional de Controle de Experimenta\u00e7\u00e3o Animal (CONCEA).<\/p>\n<p class=\"western\" align=\"justify\">A CEUA-UEPB \u00e9 um \u00f3rg\u00e3o institucional, vinculado \u00e0 Pr\u00f3-reitoria de P\u00f3s-gradua\u00e7\u00e3o e Pesquisa (PRPGP) e credenciada junto ao CONCEA, sob N<sup>o <\/sup><a href=\"https:\/\/novociuca.mctic.gov.br\/web\/#\/iframe-instituicoes-cadastradas\" target=\"_blank\" rel=\"noopener\">01.0620.2020<\/a>. A Comiss\u00e3o tem por finalidade o controle de todas as atividades de cria\u00e7\u00e3o, ensino e pesquisa cient\u00edfica com animais desenvolvidas no Biot\u00e9rio-UEPB.<\/p>\n<p class=\"western\" align=\"justify\">Atualmente, a CEUA-UEPB \u00e9 formada por representantes do Centro de Ci\u00eancias Biol\u00f3gicas da Sa\u00fade, os quais tem envolvimento e expertise com pesquisas em animais, entre eles docentes e pesquisadores, bem como a m\u00e9dica veterin\u00e1ria, que \u00e9 a respons\u00e1vel t\u00e9cnica do Biot\u00e9rio-UEPB<\/p>\n<p>\u00a0[\/vc_column_text][\/vc_column][\/vc_row]<\/p>\n<\/div>","protected":false},"excerpt":{"rendered":"<p>[vc_row][vc_column][vc_column_text css=&#8221;&#8221;] A Comiss\u00e3o de \u00c9tica no Uso de Animais &#8211; CEUA da UEPB foi criada em 2013, segundo a Resolu\u00e7\u00e3o UEPB\/CONSEPE\/022\/2013. Seu pleno funcionamento iniciou-se em 2020, de forma concomitante \u00e0 estrutura\u00e7\u00e3o e \u00e0 consolida\u00e7\u00e3o do Biot\u00e9rio. A Comiss\u00e3o atua seguindo todas as diretrizes da Lei Arouca (Lei No 11.794 de 8 de Outubro <a class=\"leiamais\" href=\"https:\/\/comissoes.uepb.edu.br\/ceua\/comissao-de-etica-no-uso-de-animais-ceua\/\">Leia Mais&#8230;<\/a><\/p>\n","protected":false},"author":13,"featured_media":0,"parent":0,"menu_order":0,"comment_status":"closed","ping_status":"closed","template":"","meta":{"_acf_changed":false,"footnotes":""},"class_list":["post-5","page","type-page","status-publish","hentry"],"acf":[],"_links":{"self":[{"href":"https:\/\/comissoes.uepb.edu.br\/ceua\/wp-json\/wp\/v2\/pages\/5","targetHints":{"allow":["GET"]}}],"collection":[{"href":"https:\/\/comissoes.uepb.edu.br\/ceua\/wp-json\/wp\/v2\/pages"}],"about":[{"href":"https:\/\/comissoes.uepb.edu.br\/ceua\/wp-json\/wp\/v2\/types\/page"}],"author":[{"embeddable":true,"href":"https:\/\/comissoes.uepb.edu.br\/ceua\/wp-json\/wp\/v2\/users\/13"}],"replies":[{"embeddable":true,"href":"https:\/\/comissoes.uepb.edu.br\/ceua\/wp-json\/wp\/v2\/comments?post=5"}],"version-history":[{"count":19,"href":"https:\/\/comissoes.uepb.edu.br\/ceua\/wp-json\/wp\/v2\/pages\/5\/revisions"}],"predecessor-version":[{"id":771,"href":"https:\/\/comissoes.uepb.edu.br\/ceua\/wp-json\/wp\/v2\/pages\/5\/revisions\/771"}],"wp:attachment":[{"href":"https:\/\/comissoes.uepb.edu.br\/ceua\/wp-json\/wp\/v2\/media?parent=5"}],"curies":[{"name":"wp","href":"https:\/\/api.w.org\/{rel}","templated":true}]}}