{"id":218,"date":"2022-02-16T13:34:06","date_gmt":"2022-02-16T16:34:06","guid":{"rendered":"https:\/\/comissoes.uepb.edu.br\/ceua\/?page_id=218"},"modified":"2024-04-03T12:13:58","modified_gmt":"2024-04-03T15:13:58","slug":"bioterio-2","status":"publish","type":"page","link":"https:\/\/comissoes.uepb.edu.br\/ceua\/bioterio-2\/","title":{"rendered":"Biot\u00e9rio"},"content":{"rendered":"<p align=\"center\"><strong><span style=\"color: #000000\">CENTRO DE BIOTERISMO<\/span><\/strong><\/p>\n<p align=\"center\"><strong><span style=\"color: #000000\">Universidade Estadual da Para\u00edba<\/span><\/strong><\/p>\n<p align=\"justify\"><span style=\"color: #000000\">O Centro de Bioterismo da UEPB \u00e9 uma instala\u00e7\u00e3o animal cadastrada no CIUCA (Cadastro\u00a0<\/span><span style=\"color: #000000\">das Institui\u00e7\u00f5es de Uso Cient\u00edfico de Animais), sob a numera\u00e7\u00e3o 01.0620.2020\u00a0<\/span><span style=\"color: #000000\">(<a href=\"https:\/\/novociuca\/\">https:\/\/novociuca<\/a>.mctic.gov.br\/web\/#\/iframe-instituicoes-cadastradas).<\/span><\/p>\n<p align=\"justify\"><span style=\"color: #000000\">Segundo a Resolu\u00e7\u00e3o Normativa N\u00b0 03\/2011, do Conselho Nacional de Controle de <\/span><span style=\"color: #000000\">Experimenta\u00e7\u00e3o Animal &#8211; CONCEA, o Centro de Bioterismo da UEPB \u00e9 definido como biot\u00e9rio de\u00a0<\/span><span style=\"color: #000000\">cria\u00e7\u00e3o, manuten\u00e7\u00e3o e experimenta\u00e7\u00e3o, o qual conta, atualmente, com duas col\u00f4nias de\u00a0<\/span><span style=\"color: #000000\">roedores &#8211; camundongos (Mus musculus) da linhagem SWISS e ratos (Rattus norvegicus)\u00a0<\/span><span style=\"color: #000000\">da linhagem WISTAR. Essas d<\/span><span style=\"color: #000000\">uas col\u00f4nias s\u00e3o classificadas como heterog\u00eanicas, e possuem padr\u00e3o sanit\u00e1rio SPF\u00a0<\/span><span style=\"color: #000000\">(Specific Patogen Free) ou, em tradu\u00e7\u00e3o livre, Livres de Pat\u00f3genos Espec\u00edficos, possuindo\u00a0<\/span><span style=\"color: #000000\">laudo padr\u00e3o FELASA. Os animais inclu\u00eddos na categoria SPF n\u00e3o apresentam\u00a0<\/span><span style=\"color: #000000\">microrganismos patog\u00eanicos.<\/span><\/p>\n<p align=\"justify\"><span style=\"color: #000000\">Os animais s\u00e3o mantidos em instala\u00e7\u00f5es que atendem \u00e0s exig\u00eancias da Resolu\u00e7\u00e3o Normativa N\u00b0 15\/2013 do CONCEA, sob condi\u00e7\u00f5es de manuseio que respeitam e preconizam o seu bem-estar, condi\u00e7\u00f5es essas, descritas no Programa de Enriquecimento Ambiental, aprovado pela Comiss\u00e3o de \u00c9tica no Uso de Animais &#8211; CEUA da Universidade Estadual da Para\u00edba &#8211; UEPB sob o protocolo N\u00b0 040\/2023, em atendimento \u00e0 Resolu\u00e7\u00e3o Normativa N\u00b0 57\/2022 do CONCEA.<\/span><\/p>\n<p align=\"justify\"><span style=\"color: #000000\">A \u00e1rea de Experimenta\u00e7\u00e3o Animal do Centro de Bioterismo da UEPB conta com duas salas\u00a0<\/span><span style=\"color: #000000\">de trabalho, onde s\u00e3o executadas atividades relacionadas \u00e0s propostas aprovadas pela\u00a0<\/span><span style=\"color: #000000\">CEUA, bem como os treinamentos para capacita\u00e7\u00e3o pr\u00e1tica dos pesquisadores da \u00e1rea de\u00a0<\/span><span style=\"color: #000000\">ci\u00eancia de animais de laborat\u00f3rio. As demais \u00e1reas pertencentes ao Centro de Bioterismo compreendem: sala de limpeza e higieniza\u00e7\u00e3o de materiais, salas de animais, sala de\u00a0<\/span><span style=\"color: #000000\">materiais zoot\u00e9cnicos e de uso geral e sala de quarentena.<\/span><\/p>\n<p align=\"justify\"><span style=\"color: #000000\">O funcionamento do Centro de Bioterismo apoia-se em tr\u00eas pilares, a saber:<\/span><\/p>\n<p align=\"justify\"><span style=\"color: #000000\"> 1. Legisla\u00e7\u00e3o vigente; <\/span><\/p>\n<p align=\"justify\"><span style=\"color: #000000\">2. Procedimentos Operacionais Padr\u00e3o; <\/span><\/p>\n<p align=\"justify\"><span style=\"color: #000000\">3. Sistema de Gest\u00e3o da Qualidade Biotec, com atendimento pleno aos requisitos da norma NBR ISO 9001.<\/span><\/p>\n<p align=\"justify\"><span style=\"color: #000000\">As referidas esp\u00e9cies de roedores criadas e mantidas no Centro de Bioterismo s\u00e3o\u00a0<\/span><span style=\"color: #000000\">modelos animais para diversas pesquisas cient\u00edficas desenvolvidas na UEPB. <\/span><\/p>\n<p align=\"justify\"><span style=\"color: #000000\">As atividades experimentais com animais, no Biot\u00e9rio da UEPB, s\u00e3o desenvolvidas de acordo com o fluxograma a seguir:<\/span><\/p>\n<p>&nbsp;<\/p>\n<p><img loading=\"lazy\" decoding=\"async\" class=\"alignnone wp-image-456 img-responsive\" src=\"https:\/\/comissoes.uepb.edu.br\/ceua\/wp-content\/uploads\/sites\/8\/2023\/09\/FLUXOGRAMA-1024x804.jpeg\" alt=\"\" width=\"1065\" height=\"836\" srcset=\"https:\/\/comissoes.uepb.edu.br\/ceua\/wp-content\/uploads\/sites\/8\/2023\/09\/FLUXOGRAMA-1024x804.jpeg 1024w, https:\/\/comissoes.uepb.edu.br\/ceua\/wp-content\/uploads\/sites\/8\/2023\/09\/FLUXOGRAMA-300x235.jpeg 300w, https:\/\/comissoes.uepb.edu.br\/ceua\/wp-content\/uploads\/sites\/8\/2023\/09\/FLUXOGRAMA-768x603.jpeg 768w, https:\/\/comissoes.uepb.edu.br\/ceua\/wp-content\/uploads\/sites\/8\/2023\/09\/FLUXOGRAMA-370x290.jpeg 370w, https:\/\/comissoes.uepb.edu.br\/ceua\/wp-content\/uploads\/sites\/8\/2023\/09\/FLUXOGRAMA-840x659.jpeg 840w, https:\/\/comissoes.uepb.edu.br\/ceua\/wp-content\/uploads\/sites\/8\/2023\/09\/FLUXOGRAMA.jpeg 1240w\" sizes=\"auto, (max-width: 1065px) 100vw, 1065px\" \/><\/p>\n<p>&nbsp;<\/p>\n","protected":false},"excerpt":{"rendered":"<p>CENTRO DE BIOTERISMO Universidade Estadual da Para\u00edba O Centro de Bioterismo da UEPB \u00e9 uma instala\u00e7\u00e3o animal cadastrada no CIUCA (Cadastro\u00a0das Institui\u00e7\u00f5es de Uso Cient\u00edfico de Animais), sob a numera\u00e7\u00e3o 01.0620.2020\u00a0(https:\/\/novociuca.mctic.gov.br\/web\/#\/iframe-instituicoes-cadastradas). Segundo a Resolu\u00e7\u00e3o Normativa N\u00b0 03\/2011, do Conselho Nacional de Controle de Experimenta\u00e7\u00e3o Animal &#8211; CONCEA, o Centro de Bioterismo da UEPB \u00e9 definido <a class=\"leiamais\" href=\"https:\/\/comissoes.uepb.edu.br\/ceua\/bioterio-2\/\">Leia Mais&#8230;<\/a><\/p>\n","protected":false},"author":18,"featured_media":0,"parent":0,"menu_order":0,"comment_status":"closed","ping_status":"closed","template":"","meta":{"_acf_changed":false,"footnotes":""},"class_list":["post-218","page","type-page","status-publish","hentry"],"acf":[],"_links":{"self":[{"href":"https:\/\/comissoes.uepb.edu.br\/ceua\/wp-json\/wp\/v2\/pages\/218","targetHints":{"allow":["GET"]}}],"collection":[{"href":"https:\/\/comissoes.uepb.edu.br\/ceua\/wp-json\/wp\/v2\/pages"}],"about":[{"href":"https:\/\/comissoes.uepb.edu.br\/ceua\/wp-json\/wp\/v2\/types\/page"}],"author":[{"embeddable":true,"href":"https:\/\/comissoes.uepb.edu.br\/ceua\/wp-json\/wp\/v2\/users\/18"}],"replies":[{"embeddable":true,"href":"https:\/\/comissoes.uepb.edu.br\/ceua\/wp-json\/wp\/v2\/comments?post=218"}],"version-history":[{"count":13,"href":"https:\/\/comissoes.uepb.edu.br\/ceua\/wp-json\/wp\/v2\/pages\/218\/revisions"}],"predecessor-version":[{"id":506,"href":"https:\/\/comissoes.uepb.edu.br\/ceua\/wp-json\/wp\/v2\/pages\/218\/revisions\/506"}],"wp:attachment":[{"href":"https:\/\/comissoes.uepb.edu.br\/ceua\/wp-json\/wp\/v2\/media?parent=218"}],"curies":[{"name":"wp","href":"https:\/\/api.w.org\/{rel}","templated":true}]}}