{"id":15,"date":"2021-02-08T15:12:20","date_gmt":"2021-02-08T18:12:20","guid":{"rendered":"https:\/\/comissoes.uepb.edu.br\/ceua\/?page_id=15"},"modified":"2024-11-28T09:14:47","modified_gmt":"2024-11-28T12:14:47","slug":"legislacao","status":"publish","type":"page","link":"https:\/\/comissoes.uepb.edu.br\/ceua\/legislacao\/","title":{"rendered":"Legisla\u00e7\u00e3o"},"content":{"rendered":"<div class='w3eden'>\n    <div class=''>\n\n        \n        <div id=\"content_wpdm_package_1\">\n            <div class='row'><div class='col-lg-12 col-md-6 col-12'><!-- WPDM Link Template: Default Template -->\n\n<div class=\"link-template-default card mb-2\">\n    <div class=\"card-body\">\n        <div class=\"media\">\n            <div class=\"mr-3 img-48\"><img decoding=\"async\" class=\"wpdm_icon\" alt=\"\u00cdcone\" src=\"https:\/\/comissoes.uepb.edu.br\/ceua\/wp-content\/plugins\/download-manager\/assets\/file-type-icons\/pdf.svg\" \/><\/div>\n            <div class=\"media-body\">\n                <h3 class=\"package-title\"><a href='https:\/\/comissoes.uepb.edu.br\/ceua\/download\/resolucao-normativa-ceua\/'>Resolu\u00e7\u00e3o Normativa - CEUA<\/a><\/h3>\n                <div class=\"text-muted text-small\"><i class=\"fas fa-copy\"><\/i> 1 file(s) <i class=\"fas fa-hdd ml-3\"><\/i> 181.54 KB<\/div>\n            <\/div>\n            <div class=\"ml-3\">\n                <a class='wpdm-download-link download-on-click btn btn-primary ' rel='nofollow' href='#' data-downloadurl=\"https:\/\/comissoes.uepb.edu.br\/ceua\/download\/resolucao-normativa-ceua\/?wpdmdl=762&refresh=69f479c5b17b21777629637\">Download<\/a>\n            <\/div>\n        <\/div>\n    <\/div>\n<\/div>\n\n<\/div><div class='col-lg-12 col-md-6 col-12'><!-- WPDM Link Template: Default Template -->\n\n<div class=\"link-template-default card mb-2\">\n    <div class=\"card-body\">\n        <div class=\"media\">\n            <div class=\"mr-3 img-48\"><img decoding=\"async\" class=\"wpdm_icon\" alt=\"\u00cdcone\" src=\"https:\/\/comissoes.uepb.edu.br\/ceua\/wp-content\/plugins\/download-manager\/assets\/file-type-icons\/pdf.svg\" \/><\/div>\n            <div class=\"media-body\">\n                <h3 class=\"package-title\"><a href='https:\/\/comissoes.uepb.edu.br\/ceua\/download\/dbca-2024-diretriz-brasileira-para-o-cuidado-e-a-utilizacao-de-animais-em-atividades-de-ensino-ou-de-pesquisa-cientifica\/'>DBCA 2024 - Diretriz Brasileira para o Cuidado e a  Utiliza\u00e7\u00e3o de Animais em Atividades  de Ensino ou de Pesquisa Cient\u00edfica<\/a><\/h3>\n                <div class=\"text-muted text-small\"><i class=\"fas fa-copy\"><\/i> 1 file(s) <i class=\"fas fa-hdd ml-3\"><\/i> 954.25 KB<\/div>\n            <\/div>\n            <div class=\"ml-3\">\n                <a class='wpdm-download-link download-on-click btn btn-primary ' rel='nofollow' href='#' data-downloadurl=\"https:\/\/comissoes.uepb.edu.br\/ceua\/download\/dbca-2024-diretriz-brasileira-para-o-cuidado-e-a-utilizacao-de-animais-em-atividades-de-ensino-ou-de-pesquisa-cientifica\/?wpdmdl=714&refresh=69f479c5b35f11777629637\">Download<\/a>\n            <\/div>\n        <\/div>\n    <\/div>\n<\/div>\n\n<\/div><div class='col-lg-12 col-md-6 col-12'><!-- WPDM Link Template: Default Template -->\n\n<div class=\"link-template-default card mb-2\">\n    <div class=\"card-body\">\n        <div class=\"media\">\n            <div class=\"mr-3 img-48\"><img decoding=\"async\" class=\"wpdm_icon\" alt=\"\u00cdcone\" src=\"https:\/\/comissoes.uepb.edu.br\/ceua\/wp-content\/plugins\/download-manager\/assets\/file-type-icons\/pdf.svg\" \/><\/div>\n            <div class=\"media-body\">\n                <h3 class=\"package-title\"><a href='https:\/\/comissoes.uepb.edu.br\/ceua\/download\/resolucao-no-58-2023-proibicao-de-uso-de-animais-vertebrados\/'>Resolu\u00e7\u00e3o N\u00ba 58\/2023 \u2013 Proibi\u00e7\u00e3o de Uso de Animais Vertebrados<\/a><\/h3>\n                <div class=\"text-muted text-small\"><i class=\"fas fa-copy\"><\/i> 1 file(s) <i class=\"fas fa-hdd ml-3\"><\/i> 52.77 KB<\/div>\n            <\/div>\n            <div class=\"ml-3\">\n                <a class='wpdm-download-link download-on-click btn btn-primary ' rel='nofollow' href='#' data-downloadurl=\"https:\/\/comissoes.uepb.edu.br\/ceua\/download\/resolucao-no-58-2023-proibicao-de-uso-de-animais-vertebrados\/?wpdmdl=718&refresh=69f479c5b45e01777629637\">Download<\/a>\n            <\/div>\n        <\/div>\n    <\/div>\n<\/div>\n\n<\/div><div class='col-lg-12 col-md-6 col-12'><!-- WPDM Link Template: Default Template -->\n\n<div class=\"link-template-default card mb-2\">\n    <div class=\"card-body\">\n        <div class=\"media\">\n            <div class=\"mr-3 img-48\"><img decoding=\"async\" class=\"wpdm_icon\" alt=\"\u00cdcone\" src=\"https:\/\/comissoes.uepb.edu.br\/ceua\/wp-content\/plugins\/download-manager\/assets\/file-type-icons\/pdf.svg\" \/><\/div>\n            <div class=\"media-body\">\n                <h3 class=\"package-title\"><a href='https:\/\/comissoes.uepb.edu.br\/ceua\/download\/dbca-2016-diretrizes-brasileiras-para-o-cuidado-e-a-utilizacao-de-animais-em-atividades-de-ensino-ou-de-pesquisa\/'>DBCA 2016 \u2013 Diretrizes Brasileiras para o Cuidado e a Utiliza\u00e7\u00e3o de Animais em Atividades de Ensino ou de Pesquisa<\/a><\/h3>\n                <div class=\"text-muted text-small\"><i class=\"fas fa-copy\"><\/i> 1 file(s) <i class=\"fas fa-hdd ml-3\"><\/i> 451.90 KB<\/div>\n            <\/div>\n            <div class=\"ml-3\">\n                <a class='wpdm-download-link download-on-click btn btn-primary ' rel='nofollow' href='#' data-downloadurl=\"https:\/\/comissoes.uepb.edu.br\/ceua\/download\/dbca-2016-diretrizes-brasileiras-para-o-cuidado-e-a-utilizacao-de-animais-em-atividades-de-ensino-ou-de-pesquisa\/?wpdmdl=717&refresh=69f479c5b55011777629637\">Download<\/a>\n            <\/div>\n        <\/div>\n    <\/div>\n<\/div>\n\n<\/div><div class='col-lg-12 col-md-6 col-12'><!-- WPDM Link Template: Default Template -->\n\n<div class=\"link-template-default card mb-2\">\n    <div class=\"card-body\">\n        <div class=\"media\">\n            <div class=\"mr-3 img-48\"><img decoding=\"async\" class=\"wpdm_icon\" alt=\"\u00cdcone\" src=\"https:\/\/comissoes.uepb.edu.br\/ceua\/wp-content\/plugins\/download-manager\/assets\/file-type-icons\/pdf.svg\" \/><\/div>\n            <div class=\"media-body\">\n                <h3 class=\"package-title\"><a href='https:\/\/comissoes.uepb.edu.br\/ceua\/download\/lei-arouca-n-11-794-2008-procedimentos-para-o-uso-cientifico-de-animais\/'>LEI AROUCA \u2013 N\u00b0 11.794\/2008 \u2013 Procedimentos para o Uso Cient\u00edfico de Animais<\/a><\/h3>\n                <div class=\"text-muted text-small\"><i class=\"fas fa-copy\"><\/i> 1 file(s) <i class=\"fas fa-hdd ml-3\"><\/i> 147.37 KB<\/div>\n            <\/div>\n            <div class=\"ml-3\">\n                <a class='wpdm-download-link download-on-click btn btn-primary ' rel='nofollow' href='#' data-downloadurl=\"https:\/\/comissoes.uepb.edu.br\/ceua\/download\/lei-arouca-n-11-794-2008-procedimentos-para-o-uso-cientifico-de-animais\/?wpdmdl=716&refresh=69f479c5b64381777629637\">Download<\/a>\n            <\/div>\n        <\/div>\n    <\/div>\n<\/div>\n\n<\/div><div class='col-lg-12 col-md-6 col-12'><!-- WPDM Link Template: Default Template -->\n\n<div class=\"link-template-default card mb-2\">\n    <div class=\"card-body\">\n        <div class=\"media\">\n            <div class=\"mr-3 img-48\"><img decoding=\"async\" class=\"wpdm_icon\" alt=\"\u00cdcone\" src=\"https:\/\/comissoes.uepb.edu.br\/ceua\/wp-content\/plugins\/download-manager\/assets\/file-type-icons\/pdf.svg\" \/><\/div>\n            <div class=\"media-body\">\n                <h3 class=\"package-title\"><a href='https:\/\/comissoes.uepb.edu.br\/ceua\/download\/resolucao-normativa-concea-no-51-05-2021-instalacoes-e-funcionamento-das-ceuas\/'>Resolu\u00e7\u00e3o Normativa CONCEA N\u00ba 51, 05-2021 \u2013 Instala\u00e7\u00f5es e Funcionamento das CEUAS<\/a><\/h3>\n                <div class=\"text-muted text-small\"><i class=\"fas fa-copy\"><\/i> 1 file(s) <i class=\"fas fa-hdd ml-3\"><\/i> 2.14 MB<\/div>\n            <\/div>\n            <div class=\"ml-3\">\n                <a class='wpdm-download-link download-on-click btn btn-primary ' rel='nofollow' href='#' data-downloadurl=\"https:\/\/comissoes.uepb.edu.br\/ceua\/download\/resolucao-normativa-concea-no-51-05-2021-instalacoes-e-funcionamento-das-ceuas\/?wpdmdl=715&refresh=69f479c5b73d81777629637\">Download<\/a>\n            <\/div>\n        <\/div>\n    <\/div>\n<\/div>\n\n<\/div><div class='col-lg-12 col-md-6 col-12'><!-- WPDM Link Template: Default Template -->\n\n<div class=\"link-template-default card mb-2\">\n    <div class=\"card-body\">\n        <div class=\"media\">\n            <div class=\"mr-3 img-48\"><img decoding=\"async\" class=\"wpdm_icon\" alt=\"\u00cdcone\" src=\"https:\/\/comissoes.uepb.edu.br\/ceua\/wp-content\/plugins\/download-manager\/assets\/file-type-icons\/pdf.svg\" \/><\/div>\n            <div class=\"media-body\">\n                <h3 class=\"package-title\"><a href='https:\/\/comissoes.uepb.edu.br\/ceua\/download\/obrigatoriedade-de-capacitacao-resolucao-concea-mcti-no-49-2021\/'>Obrigatoriedade de Capacita\u00e7\u00e3o \u2013 Resolu\u00e7\u00e3o CONCEA \u2013 MCTI N\u00ba 49\/2021<\/a><\/h3>\n                <div class=\"text-muted text-small\"><i class=\"fas fa-copy\"><\/i> 1 file(s) <i class=\"fas fa-hdd ml-3\"><\/i> 72.83 KB<\/div>\n            <\/div>\n            <div class=\"ml-3\">\n                <a class='wpdm-download-link download-on-click btn btn-primary ' rel='nofollow' href='#' data-downloadurl=\"https:\/\/comissoes.uepb.edu.br\/ceua\/download\/obrigatoriedade-de-capacitacao-resolucao-concea-mcti-no-49-2021\/?wpdmdl=713&refresh=69f479c5b83c21777629637\">Download<\/a>\n            <\/div>\n        <\/div>\n    <\/div>\n<\/div>\n\n<\/div><div class='col-lg-12 col-md-6 col-12'><!-- WPDM Link Template: Default Template -->\n\n<div class=\"link-template-default card mb-2\">\n    <div class=\"card-body\">\n        <div class=\"media\">\n            <div class=\"mr-3 img-48\"><img decoding=\"async\" class=\"wpdm_icon\" alt=\"\u00cdcone\" src=\"https:\/\/comissoes.uepb.edu.br\/ceua\/wp-content\/plugins\/download-manager\/assets\/file-type-icons\/pdf.svg\" \/><\/div>\n            <div class=\"media-body\">\n                <h3 class=\"package-title\"><a href='https:\/\/comissoes.uepb.edu.br\/ceua\/download\/guia-brasileiro-de-producao-manutencao-ou-utilizacao-de-animais-em-atividades-de-ensino-ou-pesquisa-cientifica\/'>Guia Brasileiro de Produ\u00e7\u00e3o, Manuten\u00e7\u00e3o ou Utiliza\u00e7\u00e3o de Animais em Atividades de Ensino ou Pesquisa Cient\u00edfica<\/a><\/h3>\n                <div class=\"text-muted text-small\"><i class=\"fas fa-copy\"><\/i> 1 file(s) <i class=\"fas fa-hdd ml-3\"><\/i> 6.16 MB<\/div>\n            <\/div>\n            <div class=\"ml-3\">\n                <a class='wpdm-download-link download-on-click btn btn-primary ' rel='nofollow' href='#' data-downloadurl=\"https:\/\/comissoes.uepb.edu.br\/ceua\/download\/guia-brasileiro-de-producao-manutencao-ou-utilizacao-de-animais-em-atividades-de-ensino-ou-pesquisa-cientifica\/?wpdmdl=712&refresh=69f479c5b92c61777629637\">Download<\/a>\n            <\/div>\n        <\/div>\n    <\/div>\n<\/div>\n\n<\/div><\/div>            <div style='clear:both'><\/div><div class='text-center'><ul class='pagination wpdm-pagination pagination-centered text-center'><\/ul><\/div><div style='clear:both'><\/div>        <\/div>\n\n        <div style='clear:both'><\/div>\n    <\/div>\n<\/div>\n\n","protected":false},"excerpt":{"rendered":"Resolu\u00e7\u00e3o Normativa - CEUA 1 file(s) 181.54 KB Download DBCA 2024 - Diretriz Brasileira para o Cuidado e a Utiliza\u00e7\u00e3o de Animais em Atividades de Ensino ou de Pesquisa Cient\u00edfica 1 file(s) 954.25 KB Download Resolu\u00e7\u00e3o N\u00ba 58\/2023 \u2013 Proibi\u00e7\u00e3o de Uso de Animais Vertebrados 1 file(s) 52.77 KB Download DBCA 2016 \u2013 Diretrizes Brasileiras <a class=\"leiamais\" href=\"https:\/\/comissoes.uepb.edu.br\/ceua\/legislacao\/\">Leia Mais...<\/a>","protected":false},"author":13,"featured_media":0,"parent":0,"menu_order":0,"comment_status":"closed","ping_status":"closed","template":"","meta":{"_acf_changed":false,"footnotes":""},"class_list":["post-15","page","type-page","status-publish","hentry"],"acf":[],"_links":{"self":[{"href":"https:\/\/comissoes.uepb.edu.br\/ceua\/wp-json\/wp\/v2\/pages\/15","targetHints":{"allow":["GET"]}}],"collection":[{"href":"https:\/\/comissoes.uepb.edu.br\/ceua\/wp-json\/wp\/v2\/pages"}],"about":[{"href":"https:\/\/comissoes.uepb.edu.br\/ceua\/wp-json\/wp\/v2\/types\/page"}],"author":[{"embeddable":true,"href":"https:\/\/comissoes.uepb.edu.br\/ceua\/wp-json\/wp\/v2\/users\/13"}],"replies":[{"embeddable":true,"href":"https:\/\/comissoes.uepb.edu.br\/ceua\/wp-json\/wp\/v2\/comments?post=15"}],"version-history":[{"count":40,"href":"https:\/\/comissoes.uepb.edu.br\/ceua\/wp-json\/wp\/v2\/pages\/15\/revisions"}],"predecessor-version":[{"id":719,"href":"https:\/\/comissoes.uepb.edu.br\/ceua\/wp-json\/wp\/v2\/pages\/15\/revisions\/719"}],"wp:attachment":[{"href":"https:\/\/comissoes.uepb.edu.br\/ceua\/wp-json\/wp\/v2\/media?parent=15"}],"curies":[{"name":"wp","href":"https:\/\/api.w.org\/{rel}","templated":true}]}}