{"id":19,"date":"2023-06-07T11:39:14","date_gmt":"2023-06-07T14:39:14","guid":{"rendered":"https:\/\/comissoes.uepb.edu.br\/cdbea\/?page_id=19"},"modified":"2025-11-07T09:04:15","modified_gmt":"2025-11-07T12:04:15","slug":"literatura-da-causa-animal","status":"publish","type":"page","link":"https:\/\/comissoes.uepb.edu.br\/cdbea\/literatura-da-causa-animal\/","title":{"rendered":"Literatura da causa animal"},"content":{"rendered":"<div class=\"wpb-content-wrapper\"><p>[vc_row][vc_column][vc_column_text css=&#8221;&#8221;]<img loading=\"lazy\" decoding=\"async\" class=\"size-full wp-image-59 alignleft img-responsive\" src=\"https:\/\/comissoes.uepb.edu.br\/cdbea\/wp-content\/uploads\/sites\/10\/2025\/11\/Atitude-legal.jpg\" alt=\"\" width=\"180\" height=\"281\" \/><\/p>\n<p>&nbsp;<\/p>\n<p>Atitude legal \u00e9 de Prote\u00e7\u00e3o Animal conta a hist\u00f3ria de cinco colegas de classe que foram sorteados para apresentar um semin\u00e1rio sobre animais dom\u00e9sticos em cidades urbanas. Durante os encontros para a pesquisa e desenvolvimento do conte\u00fado, os amigos contam hist\u00f3rias sobre seus animais de estima\u00e7\u00e3o, trocam experi\u00eancias e conhecimentos adquiridos, dentre eles, sobre o bem-estar animal, guarda respons\u00e1vel, ado\u00e7\u00e3o e castra\u00e7\u00e3o. Assim, essa turminha toma consci\u00eancia de que o ser humano \u00e9 respons\u00e1vel pelo bem-estar dos animais dom\u00e9sticos e que existem trabalhos relevantes sendo desenvolvido por ONGs de prote\u00e7\u00e3o animal, visando a melhoria da qualidade de vida desses animais, mas que tamb\u00e9m cabe a cada um de n\u00f3s fazermos nossa parte para contribuirmos para o bem-estar animal. No dia da apresenta\u00e7\u00e3o, os alunos compartilham com a classe seus aprendizados e prop\u00f5em solu\u00e7\u00f5es para amenizar o sofrimento e a realidade de animais abandonados nas ruas. (Haikai Editora)<\/p>\n<p>&nbsp;<\/p>\n<p>&nbsp;<\/p>\n<p>&nbsp;<\/p>\n<p><img loading=\"lazy\" decoding=\"async\" class=\"size-full wp-image-61 alignleft img-responsive\" src=\"https:\/\/comissoes.uepb.edu.br\/cdbea\/wp-content\/uploads\/sites\/10\/2025\/11\/Libertacao-animal-Peter-Singer.jpg\" alt=\"\" width=\"183\" height=\"275\" \/><\/p>\n<p>&nbsp;<\/p>\n<p>Considerado um dos maiores fil\u00f3sofos de nosso tempo, o autor faz um apelo \u00e0 consci\u00eancia e \u00e0 justi\u00e7a, expondo a realidade das pr\u00e1ticas da pecu\u00e1ria industrial e dos testes em laborat\u00f3rio. Destruindo as falsas justificativas que embasam estas pr\u00e1ticas e propondo alternativas, tanto para aqueles que reconhecem os direitos animais, mas tamb\u00e9m para aqueles que ignoram esta realidade. (Animal Equality Brasil)[\/vc_column_text][\/vc_column][\/vc_row]<\/p>\n<\/div>","protected":false},"excerpt":{"rendered":"<p>[vc_row][vc_column][vc_column_text css=&#8221;&#8221;] &nbsp; Atitude legal \u00e9 de Prote\u00e7\u00e3o Animal conta a hist\u00f3ria de cinco colegas de classe que foram sorteados para apresentar um semin\u00e1rio sobre animais dom\u00e9sticos em cidades urbanas. Durante os encontros para a pesquisa e desenvolvimento do conte\u00fado, os amigos contam hist\u00f3rias sobre seus animais de estima\u00e7\u00e3o, trocam experi\u00eancias e conhecimentos adquiridos, dentre <a class=\"leiamais\" href=\"https:\/\/comissoes.uepb.edu.br\/cdbea\/literatura-da-causa-animal\/\">Leia Mais&#8230;<\/a><\/p>\n","protected":false},"author":9,"featured_media":0,"parent":0,"menu_order":0,"comment_status":"closed","ping_status":"closed","template":"","meta":{"_acf_changed":false,"footnotes":""},"class_list":["post-19","page","type-page","status-publish","hentry"],"acf":[],"_links":{"self":[{"href":"https:\/\/comissoes.uepb.edu.br\/cdbea\/wp-json\/wp\/v2\/pages\/19","targetHints":{"allow":["GET"]}}],"collection":[{"href":"https:\/\/comissoes.uepb.edu.br\/cdbea\/wp-json\/wp\/v2\/pages"}],"about":[{"href":"https:\/\/comissoes.uepb.edu.br\/cdbea\/wp-json\/wp\/v2\/types\/page"}],"author":[{"embeddable":true,"href":"https:\/\/comissoes.uepb.edu.br\/cdbea\/wp-json\/wp\/v2\/users\/9"}],"replies":[{"embeddable":true,"href":"https:\/\/comissoes.uepb.edu.br\/cdbea\/wp-json\/wp\/v2\/comments?post=19"}],"version-history":[{"count":7,"href":"https:\/\/comissoes.uepb.edu.br\/cdbea\/wp-json\/wp\/v2\/pages\/19\/revisions"}],"predecessor-version":[{"id":62,"href":"https:\/\/comissoes.uepb.edu.br\/cdbea\/wp-json\/wp\/v2\/pages\/19\/revisions\/62"}],"wp:attachment":[{"href":"https:\/\/comissoes.uepb.edu.br\/cdbea\/wp-json\/wp\/v2\/media?parent=19"}],"curies":[{"name":"wp","href":"https:\/\/api.w.org\/{rel}","templated":true}]}}